{"id":1166,"date":"2022-09-06T09:15:40","date_gmt":"2022-09-06T09:15:40","guid":{"rendered":"https:\/\/masterib.es\/?page_id=1166"},"modified":"2022-09-06T09:15:40","modified_gmt":"2022-09-06T09:15:40","slug":"seminarios-curso-2022-23-primavera-bimestre-1","status":"publish","type":"page","link":"https:\/\/masterib.es\/en\/seminarios-curso-2022-23-primavera-bimestre-1\/","title":{"rendered":"Seminarios curso 2022-23: Primavera Bimestre 1"},"content":{"rendered":"<div id=\"pl-1166\"  class=\"panel-layout\" ><div id=\"pg-1166-0\"  class=\"panel-grid panel-no-style\" ><div id=\"pgc-1166-0-0\"  class=\"panel-grid-cell\" ><div id=\"panel-1166-0-0-0\" class=\"widget_text so-panel widget_custom_html panel-first-child panel-last-child\" data-index=\"0\" ><div class=\"textwidget custom-html-widget\">    <div data-options='{&quot;id&quot;:&quot;1164&quot;,&quot;lazy_load&quot;:&quot;no&quot;,&quot;masonry_enable&quot;:&quot;no&quot;,&quot;view_type&quot;:&quot;grid&quot;}' id=\"post-grid-1164\" class=\"post-grid grid\">\n        <div class=\"grid-items\">\n      <div class=\"item item-1278 skin flat even 0\">\n        <div class=\"layer-wrapper layout-750\">\n          <div class=\"layer-content element_1587187714568\"\n        id=\"\">\n        <div class=\"element element_1587187895341  title\">\n                    <a target=\"_blank\"\n                href=\"https:\/\/masterib.es\/en\/aplazado-el-servicio-de-electromedicina-de-un-hospital-y-su-labor-invisible-pena-perez-bendicho\/\">APLAZADO - El Servicio de Electromedicina de un hospital y su labor invisible - Pe\u00f1a P\u00e9rez Bendicho<\/a>\n            <\/div>\n    <div class=\"element element_1638176677754  excerpt\">\n                            <a target=\"_blank\"\n                href=\"https:\/\/masterib.es\/en\/aplazado-el-servicio-de-electromedicina-de-un-hospital-y-su-labor-invisible-pena-perez-bendicho\/\">Leer m\u00e1s<\/a>\n            <\/div>\n    <\/div>\n    <\/div>\n  <\/div><div class=\"item item-1338 skin flat odd 1\">\n        <div class=\"layer-wrapper layout-750\">\n          <div class=\"layer-content element_1587187714568\"\n        id=\"\">\n        <div class=\"element element_1587187895341  title\">\n                    <a target=\"_blank\"\n                href=\"https:\/\/masterib.es\/en\/2023-03-15-14h-dinamizacion-e-innovacion-de-las-capacidades-industriales-en-salud-lluis-blanch\/\">2023\/03\/15 14h - Dinamizaci\u00f3n e Innovaci\u00f3n de las capacidades industriales en Salud - Llu\u00eds Blanch<\/a>\n            <\/div>\n    <div class=\"element element_1638176677754  excerpt\">\n                            <a target=\"_blank\"\n                href=\"https:\/\/masterib.es\/en\/2023-03-15-14h-dinamizacion-e-innovacion-de-las-capacidades-industriales-en-salud-lluis-blanch\/\">Leer m\u00e1s<\/a>\n            <\/div>\n    <\/div>\n    <\/div>\n  <\/div><div class=\"item item-1344 skin flat even 2\">\n        <div class=\"layer-wrapper layout-750\">\n          <div class=\"layer-content element_1587187714568\"\n        id=\"\">\n        <div class=\"element element_1587187895341  title\">\n                    <a target=\"_blank\"\n                href=\"https:\/\/masterib.es\/en\/2023-03-15-14h-dinamizacion-e-innovacion-de-las-capacidades-industriales-en-salud-lluis-blanch-2\/\">2023\/03\/14 10h -Study of biomechanical problems using experimental and finite element simulations Marco Sensale\u00a0y\u00a0Prasanth Bokam (Ansys Healthcare R&amp;D Team)<\/a>\n            <\/div>\n    <div class=\"element element_1638176677754  excerpt\">\n                            <a target=\"_blank\"\n                href=\"https:\/\/masterib.es\/en\/2023-03-15-14h-dinamizacion-e-innovacion-de-las-capacidades-industriales-en-salud-lluis-blanch-2\/\">Leer m\u00e1s<\/a>\n            <\/div>\n    <\/div>\n    <\/div>\n  <\/div><div class=\"item item-1273 skin flat odd 3\">\n        <div class=\"layer-wrapper layout-750\">\n          <div class=\"layer-content element_1587187714568\"\n        id=\"\">\n        <div class=\"element element_1587187895341  title\">\n                    <a target=\"_blank\"\n                href=\"https:\/\/masterib.es\/en\/2023-03-08-15h-whole-organ-bioengineering-the-future-of-transplantation-medicine-pedro-baptista\/\">2023\/03\/08 15h -\u00a0Whole-Organ Bioengineering: The Future of Transplantation Medicine? - Pedro Baptista<\/a>\n            <\/div>\n    <div class=\"element element_1638176677754  excerpt\">\n                            <a target=\"_blank\"\n                href=\"https:\/\/masterib.es\/en\/2023-03-08-15h-whole-organ-bioengineering-the-future-of-transplantation-medicine-pedro-baptista\/\">Leer m\u00e1s<\/a>\n            <\/div>\n    <\/div>\n    <\/div>\n  <\/div><div class=\"item item-1331 skin flat even 4\">\n        <div class=\"layer-wrapper layout-750\">\n          <div class=\"layer-content element_1587187714568\"\n        id=\"\">\n        <div class=\"element element_1587187895341  title\">\n                    <a target=\"_blank\"\n                href=\"https:\/\/masterib.es\/en\/2023-03-08-14h-como-llevar-un-dispositivo-medico-al-mercado-javier-milagro\/\">2023\/03\/08 14h -\u00a0C\u00f3mo llevar un dispositivo m\u00e9dico al mercado - Javier Milagro<\/a>\n            <\/div>\n    <div class=\"element element_1638176677754  excerpt\">\n                            <a target=\"_blank\"\n                href=\"https:\/\/masterib.es\/en\/2023-03-08-14h-como-llevar-un-dispositivo-medico-al-mercado-javier-milagro\/\">Leer m\u00e1s<\/a>\n            <\/div>\n    <\/div>\n    <\/div>\n  <\/div><div class=\"item item-1308 skin flat odd 5\">\n        <div class=\"layer-wrapper layout-750\">\n          <div class=\"layer-content element_1587187714568\"\n        id=\"\">\n        <div class=\"element element_1587187895341  title\">\n                    <a target=\"_blank\"\n                href=\"https:\/\/masterib.es\/en\/2023-03-01-14h-control-de-calidad-de-equipos-de-rayos-x-para-radiodiagnostico-y-equipamiento-de-medicina-nuclear-experiencia-desde-el-punto-de-vista-de-una-unidad-tecnica-de-proteccion-radiologica\/\">2023\/03\/01 14h -Control de calidad de equipos de rayos X para radiodiagn\u00f3stico y equipamiento de medicina nuclear. Experiencia desde el...<\/a>\n            <\/div>\n    <div class=\"element element_1638176677754  excerpt\">\n                            <a target=\"_blank\"\n                href=\"https:\/\/masterib.es\/en\/2023-03-01-14h-control-de-calidad-de-equipos-de-rayos-x-para-radiodiagnostico-y-equipamiento-de-medicina-nuclear-experiencia-desde-el-punto-de-vista-de-una-unidad-tecnica-de-proteccion-radiologica\/\">Leer m\u00e1s<\/a>\n            <\/div>\n    <\/div>\n    <\/div>\n  <\/div><div class=\"item item-1264 skin flat even 6\">\n        <div class=\"layer-wrapper layout-750\">\n          <div class=\"layer-content element_1587187714568\"\n        id=\"\">\n        <div class=\"element element_1587187895341  title\">\n                    <a target=\"_blank\"\n                href=\"https:\/\/masterib.es\/en\/2023-02-15-14h-carlos-lapuerta-castillejo-cluster-arahealth\/\">2023\/02\/27 - Carlos Lapuerta Castillejo - Cluster Arahealth 12h<\/a>\n            <\/div>\n    <div class=\"element element_1638176677754  excerpt\">\n                            <a target=\"_blank\"\n                href=\"https:\/\/masterib.es\/en\/2023-02-15-14h-carlos-lapuerta-castillejo-cluster-arahealth\/\">Leer m\u00e1s<\/a>\n            <\/div>\n    <\/div>\n    <\/div>\n  <\/div><div class=\"item item-1318 skin flat odd 7\">\n        <div class=\"layer-wrapper layout-750\">\n          <div class=\"layer-content element_1587187714568\"\n        id=\"\">\n        <div class=\"element element_1587187895341  title\">\n                    <a target=\"_blank\"\n                href=\"https:\/\/masterib.es\/en\/2023-02-15-15h-pablo-lamata-the-digital-twin-in-cardiovascular-medicine\/\">2023\/02\/15 15h - Pablo Lamata - The digital twin in cardiovascular medicine<\/a>\n            <\/div>\n    <div class=\"element element_1638176677754  excerpt\">\n                            <a target=\"_blank\"\n                href=\"https:\/\/masterib.es\/en\/2023-02-15-15h-pablo-lamata-the-digital-twin-in-cardiovascular-medicine\/\">Leer m\u00e1s<\/a>\n            <\/div>\n    <\/div>\n    <\/div>\n  <\/div><div class=\"item item-1267 skin flat even 8\">\n        <div class=\"layer-wrapper layout-750\">\n          <div class=\"layer-content element_1587187714568\"\n        id=\"\">\n        <div class=\"element element_1587187895341  title\">\n                    <a target=\"_blank\"\n                href=\"https:\/\/masterib.es\/en\/2023-02-08-15h-flujo-transonico-en-uniones-de-vasos-elasticos-en-flujo-con-aplicacion-a-cambios-posturales-javier-murillo\/\">2023\/02\/08 15h - Flujo trans\u00f3nico en uniones de vasos el\u00e1sticos en flujo con aplicaci\u00f3n a cambios posturales. Javier Murillo.<\/a>\n            <\/div>\n    <div class=\"element element_1638176677754  excerpt\">\n                            <a target=\"_blank\"\n                href=\"https:\/\/masterib.es\/en\/2023-02-08-15h-flujo-transonico-en-uniones-de-vasos-elasticos-en-flujo-con-aplicacion-a-cambios-posturales-javier-murillo\/\">Leer m\u00e1s<\/a>\n            <\/div>\n    <\/div>\n    <\/div>\n  <\/div><div class=\"item item-1254 skin flat odd 9\">\n        <div class=\"layer-wrapper layout-750\">\n          <div class=\"layer-content element_1587187714568\"\n        id=\"\">\n        <div class=\"element element_1587187895341  title\">\n                    <a target=\"_blank\"\n                href=\"https:\/\/masterib.es\/en\/2023-02-08-14h-radiofisica-hospitalaria-de-residente-rfir-a-facultativo-especialista-sergio-lozares\/\">2023\/02\/08 14h - Radiof\u00edsica Hospitalaria: de Residente (RFIR) a Facultativo Especialista. Sergio Lozares<\/a>\n            <\/div>\n    <div class=\"element element_1638176677754  excerpt\">\n                            <a target=\"_blank\"\n                href=\"https:\/\/masterib.es\/en\/2023-02-08-14h-radiofisica-hospitalaria-de-residente-rfir-a-facultativo-especialista-sergio-lozares\/\">Leer m\u00e1s<\/a>\n            <\/div>\n    <\/div>\n    <\/div>\n  <\/div><div class=\"item item-1246 skin flat even 10\">\n        <div class=\"layer-wrapper layout-750\">\n          <div class=\"layer-content element_1587187714568\"\n        id=\"\">\n        <div class=\"element element_1587187895341  title\">\n                    <a target=\"_blank\"\n                href=\"https:\/\/masterib.es\/en\/2023-02-01-15h-el-mundo-de-la-salud-junto-a-la-fabricacion-aditiva-una-trayectoria-personal-desde-la-eina-al-mundo-sanitario-y-deportivo-ignacio-colom\/\">2023\/02\/01 15h - El mundo de la salud junto a la fabricaci\u00f3n aditiva. Una trayectoria personal desde la EINA al...<\/a>\n            <\/div>\n    <div class=\"element element_1638176677754  excerpt\">\n                            <a target=\"_blank\"\n                href=\"https:\/\/masterib.es\/en\/2023-02-01-15h-el-mundo-de-la-salud-junto-a-la-fabricacion-aditiva-una-trayectoria-personal-desde-la-eina-al-mundo-sanitario-y-deportivo-ignacio-colom\/\">Leer m\u00e1s<\/a>\n            <\/div>\n    <\/div>\n    <\/div>\n  <\/div><div class=\"item item-1250 skin flat odd 11\">\n        <div class=\"layer-wrapper layout-750\">\n          <div class=\"layer-content element_1587187714568\"\n        id=\"\">\n        <div class=\"element element_1587187895341  title\">\n                    <a target=\"_blank\"\n                href=\"https:\/\/masterib.es\/en\/2023-02-01-14h-gestion-de-practicas-en-empresa-asuncion-paricio\/\">2023\/02\/01 14h - Gesti\u00f3n de Pr\u00e1cticas en empresa. Asunci\u00f3n Paricio<\/a>\n            <\/div>\n    <div class=\"element element_1638176677754  excerpt\">\n                            <a target=\"_blank\"\n                href=\"https:\/\/masterib.es\/en\/2023-02-01-14h-gestion-de-practicas-en-empresa-asuncion-paricio\/\">Leer m\u00e1s<\/a>\n            <\/div>\n    <\/div>\n    <\/div>\n  <\/div>    <\/div>\n          <style type=\"text\/css\">\n            .layout-750 .element_1587187714568 {\n                margin: 10px;\n                            }\n\n                    <\/style>\n        <style type=\"text\/css\">\n        .layout-750 .element_1587187895341 {\n            font-size: 18px;\n            margin: 5px 0px;\n            text-align: left;\n                    }\n\n        .layout-750 .element_1587187895341 a {\n            font-size: 18px;\n            margin: 5px 0px;\n            text-align: left;\n                    }\n    <\/style>\n    <style type=\"text\/css\">\n        .layout-750 .element_1638176677754 {\n            font-size: 15px;\n            margin: 10px 0;\n            text-align: left;\n                    }\n\n        .layout-750 .element_1638176677754 a {\n            font-size: 15px;\n                    }\n    <\/style>\n        <style type=\"text\/css\">\n      .layout-750 a{text-decoration:none}.layout-750{vertical-align:top}.layout-750 .layer-content{padding:10px}    <\/style>\n    <script>\n          <\/script>\n    <style type=\"text\/css\">\n    #post-grid-1164 {\n      padding: 0px;\n          }\n\n    #post-grid-1164 .item {\n      padding: 0px;\n      background: #e9ecef;\n          }\n\n    #post-grid-1164 .item .layer-media {\n      height:auto;    }\n\n    @media only screen and (min-width: 0px) and (max-width: 767px) {\n      #post-grid-1164 .grid-items {\n        text-align: center;\n              }\n\n      #post-grid-1164 .item {\n        width: 100%;\n        margin: 5px 0px 5px 0px;\n        display: inline-block;\n        vertical-align: top;\n        height:auto;      }\n    }\n\n    @media only screen and (min-width: 768px) and (max-width: 1023px) {\n      #post-grid-1164 .grid-items {\n        text-align: center;\n              }\n\n      #post-grid-1164 .item {\n        width: 100%;\n        margin: 5px 0px 5px 0px;\n        display: inline-block;\n        vertical-align: top;\n        max-height:auto;      }\n    }\n\n    @media only screen and (min-width: 1024px) {\n      #post-grid-1164 .grid-items {\n        text-align: center;\n              }\n\n      #post-grid-1164 .item {\n        width: 100%;\n        display: inline-block;\n        margin: 5px 0px 5px 0px;\n        vertical-align: top;\n        height:auto;      }\n    }\n\n      <\/style>\n  <\/div>\n<\/div><\/div><\/div><\/div><\/div>","protected":false},"excerpt":{"rendered":"<p>APLAZADO &#8211; El Servicio de Electromedicina de un hospital y su labor invisible &#8211; Pe\u00f1a P\u00e9rez Bendicho Leer m\u00e1s 2023\/03\/15 14h &#8211; Dinamizaci\u00f3n e Innovaci\u00f3n de las capacidades industriales en Salud &#8211; Llu\u00eds Blanch Leer m\u00e1s 2023\/03\/14 10h -Study of biomechanical problems using experimental and finite element simulations Marco Sensale\u00a0y\u00a0Prasanth Bokam (Ansys Healthcare R&amp;D Team) &#8230; <a title=\"Seminarios curso 2022-23: Primavera Bimestre 1\" class=\"read-more\" href=\"https:\/\/masterib.es\/en\/seminarios-curso-2022-23-primavera-bimestre-1\/\" aria-label=\"Read more about Seminarios curso 2022-23: Primavera Bimestre 1\">Read more<\/a><\/p>","protected":false},"author":1,"featured_media":0,"parent":0,"menu_order":0,"comment_status":"closed","ping_status":"closed","template":"","meta":{"_monsterinsights_skip_tracking":false,"_monsterinsights_sitenote_active":false,"_monsterinsights_sitenote_note":"","_monsterinsights_sitenote_category":0,"footnotes":""},"class_list":["post-1166","page","type-page","status-publish"],"_links":{"self":[{"href":"https:\/\/masterib.es\/en\/wp-json\/wp\/v2\/pages\/1166","targetHints":{"allow":["GET"]}}],"collection":[{"href":"https:\/\/masterib.es\/en\/wp-json\/wp\/v2\/pages"}],"about":[{"href":"https:\/\/masterib.es\/en\/wp-json\/wp\/v2\/types\/page"}],"author":[{"embeddable":true,"href":"https:\/\/masterib.es\/en\/wp-json\/wp\/v2\/users\/1"}],"replies":[{"embeddable":true,"href":"https:\/\/masterib.es\/en\/wp-json\/wp\/v2\/comments?post=1166"}],"version-history":[{"count":2,"href":"https:\/\/masterib.es\/en\/wp-json\/wp\/v2\/pages\/1166\/revisions"}],"predecessor-version":[{"id":1168,"href":"https:\/\/masterib.es\/en\/wp-json\/wp\/v2\/pages\/1166\/revisions\/1168"}],"wp:attachment":[{"href":"https:\/\/masterib.es\/en\/wp-json\/wp\/v2\/media?parent=1166"}],"curies":[{"name":"wp","href":"https:\/\/api.w.org\/{rel}","templated":true}]}}