{"id":1169,"date":"2022-09-06T09:19:47","date_gmt":"2022-09-06T09:19:47","guid":{"rendered":"https:\/\/masterib.es\/?page_id=1169"},"modified":"2022-09-06T09:19:47","modified_gmt":"2022-09-06T09:19:47","slug":"seminarios-curso-2022-23-primavera-bimestre-2","status":"publish","type":"page","link":"https:\/\/masterib.es\/en\/seminarios-curso-2022-23-primavera-bimestre-2\/","title":{"rendered":"Seminarios curso 2022-23: Primavera Bimestre 2"},"content":{"rendered":"<div id=\"pl-1169\"  class=\"panel-layout\" ><div id=\"pg-1169-0\"  class=\"panel-grid panel-no-style\" ><div id=\"pgc-1169-0-0\"  class=\"panel-grid-cell\" ><div id=\"panel-1169-0-0-0\" class=\"widget_text so-panel widget_custom_html panel-first-child panel-last-child\" data-index=\"0\" ><div class=\"textwidget custom-html-widget\">    <div data-options='{&quot;id&quot;:&quot;1165&quot;,&quot;lazy_load&quot;:&quot;no&quot;,&quot;masonry_enable&quot;:&quot;yes&quot;,&quot;view_type&quot;:&quot;grid&quot;}' id=\"post-grid-1165\" class=\"post-grid grid\">\n        <div class=\"grid-items\">\n      <div class=\"item item-1303 skin flat even 0\">\n        <div class=\"layer-wrapper layout-750\">\n          <div class=\"layer-content element_1587187714568\"\n        id=\"\">\n        <div class=\"element element_1587187895341  title\">\n                    <a target=\"_blank\"\n                href=\"https:\/\/masterib.es\/en\/2023-05-31-15h-3d-bioprinting-moving-forward-tissue-regeneration-miguel-angel-mateos-timoneda\/\">2023\/05\/31 15h 3D Bioprinting: moving forward tissue regeneration - Miguel Angel Mateos Timoneda<\/a>\n            <\/div>\n    <div class=\"element element_1638176677754  excerpt\">\n                            <a target=\"_blank\"\n                href=\"https:\/\/masterib.es\/en\/2023-05-31-15h-3d-bioprinting-moving-forward-tissue-regeneration-miguel-angel-mateos-timoneda\/\">Leer m\u00e1s<\/a>\n            <\/div>\n    <\/div>\n    <\/div>\n  <\/div><div class=\"item item-1394 skin flat odd 1\">\n        <div class=\"layer-wrapper layout-750\">\n          <div class=\"layer-content element_1587187714568\"\n        id=\"\">\n        <div class=\"element element_1587187895341  title\">\n                    <a target=\"_blank\"\n                href=\"https:\/\/masterib.es\/en\/2023-05-31-14h-robotica-y-nuevas-tecnologias-en-traumatologia-samuel-anson-clos-stryker\/\">2023\/05\/31 14h -\u00a0Rob\u00f3tica y nuevas tecnolog\u00edas en traumatolog\u00eda. - Samuel Ans\u00f3n Clos - Stryker<\/a>\n            <\/div>\n    <div class=\"element element_1638176677754  excerpt\">\n                            <a target=\"_blank\"\n                href=\"https:\/\/masterib.es\/en\/2023-05-31-14h-robotica-y-nuevas-tecnologias-en-traumatologia-samuel-anson-clos-stryker\/\">Leer m\u00e1s<\/a>\n            <\/div>\n    <\/div>\n    <\/div>\n  <\/div><div class=\"item item-1298 skin flat even 2\">\n        <div class=\"layer-wrapper layout-750\">\n          <div class=\"layer-content element_1587187714568\"\n        id=\"\">\n        <div class=\"element element_1587187895341  title\">\n                    <a target=\"_blank\"\n                href=\"https:\/\/masterib.es\/en\/2023-05-24-15h-francisco-javier-martinez-antonio\/\">2023\/05\/24 15h Francisco Javier Mart\u00ednez Antonio - Miradas hist\u00f3ricas a la ingenier\u00eda biom\u00e9dica<\/a>\n            <\/div>\n    <div class=\"element element_1638176677754  excerpt\">\n                            <a target=\"_blank\"\n                href=\"https:\/\/masterib.es\/en\/2023-05-24-15h-francisco-javier-martinez-antonio\/\">Leer m\u00e1s<\/a>\n            <\/div>\n    <\/div>\n    <\/div>\n  <\/div><div class=\"item item-1294 skin flat odd 3\">\n        <div class=\"layer-wrapper layout-750\">\n          <div class=\"layer-content element_1587187714568\"\n        id=\"\">\n        <div class=\"element element_1587187895341  title\">\n                    <a target=\"_blank\"\n                href=\"https:\/\/masterib.es\/en\/2023-05-24-caracterizacion-mecanica-de-implantes-dentales-maria-prados-privado\/\">2023\/05\/24 14h Caracterizaci\u00f3n mec\u00e1nica de implantes dentales - Mar\u00eda Prados Privado<\/a>\n            <\/div>\n    <div class=\"element element_1638176677754  excerpt\">\n                            <a target=\"_blank\"\n                href=\"https:\/\/masterib.es\/en\/2023-05-24-caracterizacion-mecanica-de-implantes-dentales-maria-prados-privado\/\">Leer m\u00e1s<\/a>\n            <\/div>\n    <\/div>\n    <\/div>\n  <\/div><div class=\"item item-1361 skin flat even 4\">\n        <div class=\"layer-wrapper layout-750\">\n          <div class=\"layer-content element_1587187714568\"\n        id=\"\">\n        <div class=\"element element_1587187895341  title\">\n                    <a target=\"_blank\"\n                href=\"https:\/\/masterib.es\/en\/2023-05-17-14h-2-horas-aplicaciones-de-la-tecnologia-en-el-ambito-de-las-arritmias-cardiacas-dispositivos-intracardiacos-y-navegadores-electroanatomicos-javier-ramos\/\">2023\/05\/17 14h (2 horas) - Aplicaciones de la tecnolog\u00eda en el \u00e1mbito de las Arritmias Cardiacas. Dispositivos intracardiacos y navegadores...<\/a>\n            <\/div>\n    <div class=\"element element_1638176677754  excerpt\">\n                            <a target=\"_blank\"\n                href=\"https:\/\/masterib.es\/en\/2023-05-17-14h-2-horas-aplicaciones-de-la-tecnologia-en-el-ambito-de-las-arritmias-cardiacas-dispositivos-intracardiacos-y-navegadores-electroanatomicos-javier-ramos\/\">Leer m\u00e1s<\/a>\n            <\/div>\n    <\/div>\n    <\/div>\n  <\/div><div class=\"item item-1287 skin flat odd 5\">\n        <div class=\"layer-wrapper layout-750\">\n          <div class=\"layer-content element_1587187714568\"\n        id=\"\">\n        <div class=\"element element_1587187895341  title\">\n                    <a target=\"_blank\"\n                href=\"https:\/\/masterib.es\/en\/2023-05-10-15h-rheology-and-mechanics-of-the-cell-nucleus-recent-progress-and-open-questions-marco-de-corato\/\">2023\/05\/10 15h -\u00a0Rheology and mechanics of the cell nucleus: recent progress and open questions -Marco De Corato<\/a>\n            <\/div>\n    <div class=\"element element_1638176677754  excerpt\">\n                            <a target=\"_blank\"\n                href=\"https:\/\/masterib.es\/en\/2023-05-10-15h-rheology-and-mechanics-of-the-cell-nucleus-recent-progress-and-open-questions-marco-de-corato\/\">Leer m\u00e1s<\/a>\n            <\/div>\n    <\/div>\n    <\/div>\n  <\/div><div class=\"item item-1357 skin flat even 6\">\n        <div class=\"layer-wrapper layout-750\">\n          <div class=\"layer-content element_1587187714568\"\n        id=\"\">\n        <div class=\"element element_1587187895341  title\">\n                    <a target=\"_blank\"\n                href=\"https:\/\/masterib.es\/en\/2023-05-10-14h-inteligencia-artificial-e-imagen-medica-de-la-radiologia-a-los-companion-diagnostic-fuensanta-bellvis-bataller\/\">2023\/05\/10 14h -\u00a0Inteligencia artificial e imagen m\u00e9dica, de la radiolog\u00eda a los companion diagnostic - Fuensanta Bellv\u00eds Bataller<\/a>\n            <\/div>\n    <div class=\"element element_1638176677754  excerpt\">\n                            <a target=\"_blank\"\n                href=\"https:\/\/masterib.es\/en\/2023-05-10-14h-inteligencia-artificial-e-imagen-medica-de-la-radiologia-a-los-companion-diagnostic-fuensanta-bellvis-bataller\/\">Leer m\u00e1s<\/a>\n            <\/div>\n    <\/div>\n    <\/div>\n  <\/div><div class=\"item item-1364 skin flat odd 7\">\n        <div class=\"layer-wrapper layout-750\">\n          <div class=\"layer-content element_1587187714568\"\n        id=\"\">\n        <div class=\"element element_1587187895341  title\">\n                    <a target=\"_blank\"\n                href=\"https:\/\/masterib.es\/en\/2023-05-03-15h-organ-specific-environment-impact-on-lymphatic-vessel-functionality-alejandra-gonzalez\/\">2023\/05\/03 15h -\u00a0Organ-specific environment impact on lymphatic vessel functionality -Alejandra Gonz\u00e1lez<\/a>\n            <\/div>\n    <div class=\"element element_1638176677754  excerpt\">\n                            <a target=\"_blank\"\n                href=\"https:\/\/masterib.es\/en\/2023-05-03-15h-organ-specific-environment-impact-on-lymphatic-vessel-functionality-alejandra-gonzalez\/\">Leer m\u00e1s<\/a>\n            <\/div>\n    <\/div>\n    <\/div>\n  <\/div><div class=\"item item-1372 skin flat even 8\">\n        <div class=\"layer-wrapper layout-750\">\n          <div class=\"layer-content element_1587187714568\"\n        id=\"\">\n        <div class=\"element element_1587187895341  title\">\n                    <a target=\"_blank\"\n                href=\"https:\/\/masterib.es\/en\/2023-05-03-14h-desarrollo-de-metodos-de-analisis-y-optimizacion-de-procesos-en-laboratorios-de-microbiologia-raquel-acero\/\">2023\/05\/03 14h -\u00a0 Desarrollo de m\u00e9todos de an\u00e1lisis y optimizaci\u00f3n de procesos en laboratorios de microbiolog\u00eda.- Raquel Acero<\/a>\n            <\/div>\n    <div class=\"element element_1638176677754  excerpt\">\n                            <a target=\"_blank\"\n                href=\"https:\/\/masterib.es\/en\/2023-05-03-14h-desarrollo-de-metodos-de-analisis-y-optimizacion-de-procesos-en-laboratorios-de-microbiologia-raquel-acero\/\">Leer m\u00e1s<\/a>\n            <\/div>\n    <\/div>\n    <\/div>\n  <\/div><div class=\"item item-1227 skin flat odd 9\">\n        <div class=\"layer-wrapper layout-750\">\n          <div class=\"layer-content element_1587187714568\"\n        id=\"\">\n        <div class=\"element element_1587187895341  title\">\n                    <a target=\"_blank\"\n                href=\"https:\/\/masterib.es\/en\/2023-04-26-14h-experiencia-personal-de-emprendimiento-en-ingenieria-biomedica\/\">2023\/04\/26 14h -\u00a0Experiencia personal de emprendimiento en ingenier\u00eda biom\u00e9dica<\/a>\n            <\/div>\n    <div class=\"element element_1638176677754  excerpt\">\n                            <a target=\"_blank\"\n                href=\"https:\/\/masterib.es\/en\/2023-04-26-14h-experiencia-personal-de-emprendimiento-en-ingenieria-biomedica\/\">Leer m\u00e1s<\/a>\n            <\/div>\n    <\/div>\n    <\/div>\n  <\/div><div class=\"item item-1290 skin flat even 10\">\n        <div class=\"layer-wrapper layout-750\">\n          <div class=\"layer-content element_1587187714568\"\n        id=\"\">\n        <div class=\"element element_1587187895341  title\">\n                    <a target=\"_blank\"\n                href=\"https:\/\/masterib.es\/en\/2022-04-19-14h-organ-specific-environment-impact-on-lymphatic-vessel-functionality-alejandra-gonzalez\/\">2023\/04\/19 15:30h -\u00a0Mecanobiolog\u00eda Aplicada a chips de microflu\u00eddica -Alejandra Gonz\u00e1lez<\/a>\n            <\/div>\n    <div class=\"element element_1638176677754  excerpt\">\n                            <a target=\"_blank\"\n                href=\"https:\/\/masterib.es\/en\/2022-04-19-14h-organ-specific-environment-impact-on-lymphatic-vessel-functionality-alejandra-gonzalez\/\">Leer m\u00e1s<\/a>\n            <\/div>\n    <\/div>\n    <\/div>\n  <\/div><div class=\"item item-1284 skin flat odd 11\">\n        <div class=\"layer-wrapper layout-750\">\n          <div class=\"layer-content element_1587187714568\"\n        id=\"\">\n        <div class=\"element element_1587187895341  title\">\n                    <a target=\"_blank\"\n                href=\"https:\/\/masterib.es\/en\/2023-05-10-14h-modelos-basados-en-agentes-para-la-simulacion-de-celulas-daniel-camacho-gomez\/\">2023\/04\/19 14:30h -Modelos basados en agentes para la simulaci\u00f3n de c\u00e9lulas - Daniel Camacho G\u00f3mez<\/a>\n            <\/div>\n    <div class=\"element element_1638176677754  excerpt\">\n                            <a target=\"_blank\"\n                href=\"https:\/\/masterib.es\/en\/2023-05-10-14h-modelos-basados-en-agentes-para-la-simulacion-de-celulas-daniel-camacho-gomez\/\">Leer m\u00e1s<\/a>\n            <\/div>\n    <\/div>\n    <\/div>\n  <\/div>    <\/div>\n          <style type=\"text\/css\">\n            .layout-750 .element_1587187714568 {\n                margin: 10px;\n                            }\n\n                    <\/style>\n        <style type=\"text\/css\">\n        .layout-750 .element_1587187895341 {\n            font-size: 18px;\n            margin: 5px 0px;\n            text-align: left;\n                    }\n\n        .layout-750 .element_1587187895341 a {\n            font-size: 18px;\n            margin: 5px 0px;\n            text-align: left;\n                    }\n    <\/style>\n    <style type=\"text\/css\">\n        .layout-750 .element_1638176677754 {\n            font-size: 15px;\n            margin: 10px 0;\n            text-align: left;\n                    }\n\n        .layout-750 .element_1638176677754 a {\n            font-size: 15px;\n                    }\n    <\/style>\n        <style type=\"text\/css\">\n      .layout-750 a{text-decoration:none}.layout-750{vertical-align:top}.layout-750 .layer-content{padding:10px}    <\/style>\n    <script>\n          <\/script>\n    <style type=\"text\/css\">\n    #post-grid-1165 {\n      padding: 0px;\n          }\n\n    #post-grid-1165 .item {\n      padding: 0px;\n      background: #e9ecef;\n          }\n\n    #post-grid-1165 .item .layer-media {\n      height:auto;    }\n\n    @media only screen and (min-width: 0px) and (max-width: 767px) {\n      #post-grid-1165 .grid-items {\n        text-align: center;\n              }\n\n      #post-grid-1165 .item {\n        width: 100%;\n        margin: 5px 0px 5px 0px;\n        display: inline-block;\n        vertical-align: top;\n        height:auto;      }\n    }\n\n    @media only screen and (min-width: 768px) and (max-width: 1023px) {\n      #post-grid-1165 .grid-items {\n        text-align: center;\n              }\n\n      #post-grid-1165 .item {\n        width: 100%;\n        margin: 5px 0px 5px 0px;\n        display: inline-block;\n        vertical-align: top;\n        max-height:auto;      }\n    }\n\n    @media only screen and (min-width: 1024px) {\n      #post-grid-1165 .grid-items {\n        text-align: center;\n              }\n\n      #post-grid-1165 .item {\n        width: 100%;\n        display: inline-block;\n        margin: 5px 0px 5px 0px;\n        vertical-align: top;\n        height:auto;      }\n    }\n\n      <\/style>\n  <\/div>\n<\/div><\/div><\/div><\/div><\/div>","protected":false},"excerpt":{"rendered":"<p>2023\/05\/31 15h 3D Bioprinting: moving forward tissue regeneration &#8211; Miguel Angel Mateos Timoneda Leer m\u00e1s 2023\/05\/31 14h &#8211;\u00a0Rob\u00f3tica y nuevas tecnolog\u00edas en traumatolog\u00eda. &#8211; Samuel Ans\u00f3n Clos &#8211; Stryker Leer m\u00e1s 2023\/05\/24 15h Francisco Javier Mart\u00ednez Antonio &#8211; Miradas hist\u00f3ricas a la ingenier\u00eda biom\u00e9dica Leer m\u00e1s 2023\/05\/24 14h Caracterizaci\u00f3n mec\u00e1nica de implantes dentales &#8211; Mar\u00eda &#8230; <a title=\"Seminarios curso 2022-23: Primavera Bimestre 2\" class=\"read-more\" href=\"https:\/\/masterib.es\/en\/seminarios-curso-2022-23-primavera-bimestre-2\/\" aria-label=\"Read more about Seminarios curso 2022-23: Primavera Bimestre 2\">Read more<\/a><\/p>","protected":false},"author":1,"featured_media":0,"parent":0,"menu_order":0,"comment_status":"closed","ping_status":"closed","template":"","meta":{"_monsterinsights_skip_tracking":false,"_monsterinsights_sitenote_active":false,"_monsterinsights_sitenote_note":"","_monsterinsights_sitenote_category":0,"footnotes":""},"class_list":["post-1169","page","type-page","status-publish"],"_links":{"self":[{"href":"https:\/\/masterib.es\/en\/wp-json\/wp\/v2\/pages\/1169","targetHints":{"allow":["GET"]}}],"collection":[{"href":"https:\/\/masterib.es\/en\/wp-json\/wp\/v2\/pages"}],"about":[{"href":"https:\/\/masterib.es\/en\/wp-json\/wp\/v2\/types\/page"}],"author":[{"embeddable":true,"href":"https:\/\/masterib.es\/en\/wp-json\/wp\/v2\/users\/1"}],"replies":[{"embeddable":true,"href":"https:\/\/masterib.es\/en\/wp-json\/wp\/v2\/comments?post=1169"}],"version-history":[{"count":2,"href":"https:\/\/masterib.es\/en\/wp-json\/wp\/v2\/pages\/1169\/revisions"}],"predecessor-version":[{"id":1171,"href":"https:\/\/masterib.es\/en\/wp-json\/wp\/v2\/pages\/1169\/revisions\/1171"}],"wp:attachment":[{"href":"https:\/\/masterib.es\/en\/wp-json\/wp\/v2\/media?parent=1169"}],"curies":[{"name":"wp","href":"https:\/\/api.w.org\/{rel}","templated":true}]}}