{"id":131,"date":"2021-08-25T07:29:32","date_gmt":"2021-08-25T07:29:32","guid":{"rendered":"https:\/\/devmasterib.i3a.es\/?page_id=131"},"modified":"2021-09-13T07:31:38","modified_gmt":"2021-09-13T07:31:38","slug":"master-universitario-en-ingenieria-biomedica-inicio","status":"publish","type":"page","link":"https:\/\/masterib.es\/en\/master-universitario-en-ingenieria-biomedica-inicio\/","title":{"rendered":"M\u00e1ster Universitario en Ingenier\u00eda Biom\u00e9dica: Inicio"},"content":{"rendered":"<div id=\"pl-gb131-69e17249501bd\"  class=\"panel-layout\" ><div id=\"pg-gb131-69e17249501bd-0\"  class=\"panel-grid panel-no-style\" ><div id=\"pgc-gb131-69e17249501bd-0-0\"  class=\"panel-grid-cell\" ><div id=\"panel-gb131-69e17249501bd-0-0-0\" class=\"so-panel widget_sow-editor panel-first-child panel-last-child\" data-index=\"0\" ><div class=\"color-master panel-widget-style panel-widget-style-for-gb131-69e17249501bd-0-0-0\" ><div\n\t\t\t\n\t\t\tclass=\"so-widget-sow-editor so-widget-sow-editor-base\"\n\t\t\t\n\t\t>\n<div class=\"siteorigin-widget-tinymce textwidget\">\n\t<h1>Master of Biomedical Engineering<\/h1>\n<h3>Home<\/h3>\n<\/div>\n<\/div><\/div><\/div><\/div><\/div><div id=\"pg-gb131-69e17249501bd-1\"  class=\"panel-grid panel-no-style\" ><div id=\"pgc-gb131-69e17249501bd-1-0\"  class=\"panel-grid-cell\" ><div id=\"panel-gb131-69e17249501bd-1-0-0\" class=\"so-panel widget_sow-headline panel-first-child\" data-index=\"1\" ><div\n\t\t\t\n\t\t\tclass=\"so-widget-sow-headline so-widget-sow-headline-default-eb58c90b4a68-131\"\n\t\t\t\n\t\t><div class=\"sow-headline-container\">\n\t\t\t\t\t\t<div class=\"decoration\">\n\t\t\t\t\t\t<div class=\"decoration-inside\"><\/div>\n\t\t\t\t\t<\/div>\n\t\t\t\t\t<\/div>\n<\/div><\/div><div id=\"panel-gb131-69e17249501bd-1-0-1\" class=\"so-panel widget_sow-editor\" data-index=\"2\" ><div\n\t\t\t\n\t\t\tclass=\"so-widget-sow-editor so-widget-sow-editor-base\"\n\t\t\t\n\t\t>\n<div class=\"siteorigin-widget-tinymce textwidget\">\n\t<h4>Presentation<\/h4>\n<p class=\"translation-block\">The Biomedical Engineering postgraduate course is proposed as a multidisciplinary Master's degree. To this end, the University of Zaragoza's potential in this field has been brought together within <a href=\"http:\/\/i3a.unizar.es\/\" target=\"_blank\" rel=\"noopener\">the Institute for Engineering Research of Aragon (I3A) and <a href=\"https:\/\/inma.unizar-csic.es\/\" target=\"_blank\" rel=\"noopener\">the Institute of Nanosciences and Materials of Aragon (INMA)<\/a>. Following on from this Master's degree, there is an inter-university Doctorate in Biomedical Engineering, offered jointly by the<a href=\"http:\/\/www.unizar.es\/\" target=\"_blank\" rel=\"noopener\"> University of Zaragoza and the <a href=\"https:\/\/www.upc.edu\/es?set_language=es\" target=\"_blank\" rel=\"noopener\">Polytechnic University of Catalonia<\/a>.<\/p>\n<\/div>\n<\/div><\/div><div id=\"panel-gb131-69e17249501bd-1-0-2\" class=\"so-panel widget_sow-simple-masonry\" data-index=\"3\" ><div\n\t\t\t\n\t\t\tclass=\"so-widget-sow-simple-masonry so-widget-sow-simple-masonry-default-d75171398898-131\"\n\t\t\t\n\t\t>\n\n<div class=\"sow-masonry-grid\"\n\tdata-layouts=\"{&quot;desktop&quot;:{&quot;numColumns&quot;:3,&quot;rowHeight&quot;:0,&quot;gutter&quot;:10},&quot;tablet&quot;:{&quot;breakPoint&quot;:768,&quot;numColumns&quot;:2,&quot;rowHeight&quot;:0,&quot;gutter&quot;:0},&quot;mobile&quot;:{&quot;breakPoint&quot;:480,&quot;numColumns&quot;:1,&quot;rowHeight&quot;:0,&quot;gutter&quot;:10}}\" data-layout-origin-left=\"true\" >\n\t\t\t\t<div class=\"sow-masonry-grid-item\" data-col-span=\"1\"\n\t\t\t\tdata-row-span=\"1\">\n\t\t\t\t\n\t\t\t\t\n\t\t\t\t<img loading=\"lazy\" decoding=\"async\" width=\"2560\" height=\"1440\" src=\"https:\/\/masterib.es\/wp-content\/uploads\/2021\/08\/foto1-scaled-e1629796761100.jpg\" class=\"sow-masonry-grid-image\" alt=\"foto1\" title=\"\" srcset=\"https:\/\/masterib.es\/wp-content\/uploads\/2021\/08\/foto1-scaled-e1629796761100.jpg 2560w, https:\/\/masterib.es\/wp-content\/uploads\/2021\/08\/foto1-scaled-e1629796761100-300x169.jpg 300w, https:\/\/masterib.es\/wp-content\/uploads\/2021\/08\/foto1-scaled-e1629796761100-1024x576.jpg 1024w, https:\/\/masterib.es\/wp-content\/uploads\/2021\/08\/foto1-scaled-e1629796761100-768x432.jpg 768w, https:\/\/masterib.es\/wp-content\/uploads\/2021\/08\/foto1-scaled-e1629796761100-1536x864.jpg 1536w, https:\/\/masterib.es\/wp-content\/uploads\/2021\/08\/foto1-scaled-e1629796761100-2048x1152.jpg 2048w, https:\/\/masterib.es\/wp-content\/uploads\/2021\/08\/foto1-scaled-e1629796761100-18x10.jpg 18w\" sizes=\"auto, (max-width: 2560px) 100vw, 2560px\" \/>\n\t\t\t\t\n\t\t\t\t\t\t\t<\/div>\n\t\t\t\t\t\t<div class=\"sow-masonry-grid-item\" data-col-span=\"1\"\n\t\t\t\tdata-row-span=\"1\">\n\t\t\t\t\n\t\t\t\t\n\t\t\t\t<img loading=\"lazy\" decoding=\"async\" width=\"2560\" height=\"1440\" src=\"https:\/\/masterib.es\/wp-content\/uploads\/2021\/08\/foto2-scaled-e1629796808639.jpg\" class=\"sow-masonry-grid-image\" alt=\"foto2\" title=\"\" srcset=\"https:\/\/masterib.es\/wp-content\/uploads\/2021\/08\/foto2-scaled-e1629796808639.jpg 2560w, https:\/\/masterib.es\/wp-content\/uploads\/2021\/08\/foto2-scaled-e1629796808639-300x169.jpg 300w, https:\/\/masterib.es\/wp-content\/uploads\/2021\/08\/foto2-scaled-e1629796808639-1024x576.jpg 1024w, https:\/\/masterib.es\/wp-content\/uploads\/2021\/08\/foto2-scaled-e1629796808639-768x432.jpg 768w, https:\/\/masterib.es\/wp-content\/uploads\/2021\/08\/foto2-scaled-e1629796808639-1536x864.jpg 1536w, https:\/\/masterib.es\/wp-content\/uploads\/2021\/08\/foto2-scaled-e1629796808639-2048x1152.jpg 2048w, https:\/\/masterib.es\/wp-content\/uploads\/2021\/08\/foto2-scaled-e1629796808639-18x10.jpg 18w\" sizes=\"auto, (max-width: 2560px) 100vw, 2560px\" \/>\n\t\t\t\t\n\t\t\t\t\t\t\t<\/div>\n\t\t\t\t\t\t<div class=\"sow-masonry-grid-item\" data-col-span=\"1\"\n\t\t\t\tdata-row-span=\"1\">\n\t\t\t\t\n\t\t\t\t\n\t\t\t\t<img loading=\"lazy\" decoding=\"async\" width=\"2560\" height=\"1440\" src=\"https:\/\/masterib.es\/wp-content\/uploads\/2021\/08\/foto3-scaled-e1629796786711.jpg\" class=\"sow-masonry-grid-image\" alt=\"foto3\" title=\"\" srcset=\"https:\/\/masterib.es\/wp-content\/uploads\/2021\/08\/foto3-scaled-e1629796786711.jpg 2560w, https:\/\/masterib.es\/wp-content\/uploads\/2021\/08\/foto3-scaled-e1629796786711-300x169.jpg 300w, https:\/\/masterib.es\/wp-content\/uploads\/2021\/08\/foto3-scaled-e1629796786711-1024x576.jpg 1024w, https:\/\/masterib.es\/wp-content\/uploads\/2021\/08\/foto3-scaled-e1629796786711-768x432.jpg 768w, https:\/\/masterib.es\/wp-content\/uploads\/2021\/08\/foto3-scaled-e1629796786711-1536x864.jpg 1536w, https:\/\/masterib.es\/wp-content\/uploads\/2021\/08\/foto3-scaled-e1629796786711-2048x1152.jpg 2048w, https:\/\/masterib.es\/wp-content\/uploads\/2021\/08\/foto3-scaled-e1629796786711-18x10.jpg 18w\" sizes=\"auto, (max-width: 2560px) 100vw, 2560px\" \/>\n\t\t\t\t\n\t\t\t\t\t\t\t<\/div>\n\t\t\t\n<\/div>\n<\/div><\/div><div id=\"panel-gb131-69e17249501bd-1-0-3\" class=\"so-panel widget_sow-editor\" data-index=\"4\" ><div\n\t\t\t\n\t\t\tclass=\"so-widget-sow-editor so-widget-sow-editor-base\"\n\t\t\t\n\t\t>\n<div class=\"siteorigin-widget-tinymce textwidget\">\n\t<h4><\/h4>\n<h4>Topics<\/h4>\n<p>Biomedical engineering is a highly multidisciplinary field of engineering. It seeks to provide solutions to any engineering problem that arises in the field of biology and medicine. For this reason, a very relevant aspect of the training will be the ability to develop skills that integrate (individually, but fundamentally as a team) the knowledge and specialisms necessary to respond to the problems that the student will have to tackle in the subsequent development of the profession. They will need to be familiar with engineering methodologies related to design processes, as well as medical terminology, basic concepts of biology and medicine, the specificities of working with tissues, organs and living beings, particularly in the clinical environment, and the social and economic implications of their actions.<\/p>\n<p>The programme offers specialisation in many of the techniques needed to tackle biomedical engineering systems. Thus, systems based on information and communication technologies with applications in the biomedical environment are studied, ranging from information management to support for diagnosis and design of elements to be integrated into the living system. Aspects of biomechanics and biomaterials, which are crucial in mechanical interventions on the living being, will be considered.<\/p>\n<p>In addition to these topics, tissue aspects are already a fundamental complement to the training of biomedical engineers, as are elements of nanotechnology. Electronics and systems engineering also play an important role in this training, as do imaging technologies and the interaction of ionising and non-ionising radiation with living matter.<\/p>\n<\/div>\n<\/div><\/div><div id=\"panel-gb131-69e17249501bd-1-0-4\" class=\"so-panel widget_sow-editor\" data-index=\"5\" ><div\n\t\t\t\n\t\t\tclass=\"so-widget-sow-editor so-widget-sow-editor-base\"\n\t\t\t\n\t\t>\n<div class=\"siteorigin-widget-tinymce textwidget\">\n\t<h4>Grants<\/h4>\n<p>There are currently several scholarship programmes for official Master's courses, funded by the public administration.<\/p>\n<p class=\"translation-block\">Among others you can see:<br>\n<a href=\"http:\/\/www.educacionyfp.gob.es\/servicios-al-ciudadano\/catalogo\/estudiantes\/becas-ayudas\/para-estudiar\/universidad\/master.html\" target=\"_blank\" rel=\"noopener\">Grants and scholarships for master degree<br>\n<\/a><\/p>\n<p class=\"translation-block\">Follow the link below for more information from the University about grants, scholarships and discounts for Master's study.:<br>\n<a href=\"http:\/\/academico.unizar.es\/becas\/seccion-de-becas-de-la-universidad-de-zaragoza\" target=\"_blank\" rel=\"noopener\">Grants and awards<\/a><\/p>\n<\/div>\n<\/div><\/div><div id=\"panel-gb131-69e17249501bd-1-0-5\" class=\"so-panel widget_sow-editor panel-last-child\" data-index=\"6\" ><div\n\t\t\t\n\t\t\tclass=\"so-widget-sow-editor so-widget-sow-editor-base\"\n\t\t\t\n\t\t>\n<div class=\"siteorigin-widget-tinymce textwidget\">\n\t<h4>Language<\/h4>\n<div class=\"item\">As a general rule, the master will be taught in Spanish, but some specialization subjects may be offered in English, or taught in English in the case of movility students who can not speak Spanish.<\/div>\n<\/div>\n<\/div><\/div><\/div><\/div><div id=\"pg-gb131-69e17249501bd-2\"  class=\"panel-grid panel-has-style\" ><div class=\"panel-row-style panel-row-style-for-gb131-69e17249501bd-2\" ><div id=\"pgc-gb131-69e17249501bd-2-0\"  class=\"panel-grid-cell\" ><div id=\"panel-gb131-69e17249501bd-2-0-0\" class=\"so-panel widget_sow-image-grid panel-first-child panel-last-child\" data-index=\"7\" ><div\n\t\t\t\n\t\t\tclass=\"so-widget-sow-image-grid so-widget-sow-image-grid-default-05d5aea4f10c-131\"\n\t\t\t\n\t\t>\t<div\n\t\tclass=\"sow-image-grid-wrapper\"\n\t\t\t\tdata-max-height=\"70\"\t>\n\t\t\t\t\t<div class=\"sow-image-grid-image\">\n\t\t\t\t\t\t\t\t\t\t\t\t<img loading=\"lazy\" decoding=\"async\" width=\"200\" height=\"101\" src=\"https:\/\/masterib.es\/wp-content\/uploads\/2021\/09\/nuevo-logo-inma.png\" class=\"sow-image-grid-image_html\" alt=\"\" title=\"\" srcset=\"https:\/\/masterib.es\/wp-content\/uploads\/2021\/09\/nuevo-logo-inma.png 200w, https:\/\/masterib.es\/wp-content\/uploads\/2021\/09\/nuevo-logo-inma-18x9.png 18w\" sizes=\"auto, (max-width: 200px) 100vw, 200px\" \/>\t\t\t\t\t\t\t\t\t\t\t<\/div>\n\t\t\t\t\t<div class=\"sow-image-grid-image\">\n\t\t\t\t\t\t\t\t\t\t\t\t<img loading=\"lazy\" decoding=\"async\" width=\"300\" height=\"69\" src=\"https:\/\/masterib.es\/wp-content\/uploads\/2021\/08\/logo-I3A_UZ.jpg\" class=\"sow-image-grid-image_html\" alt=\"\" title=\"\" srcset=\"https:\/\/masterib.es\/wp-content\/uploads\/2021\/08\/logo-I3A_UZ.jpg 300w, https:\/\/masterib.es\/wp-content\/uploads\/2021\/08\/logo-I3A_UZ-18x4.jpg 18w\" sizes=\"auto, (max-width: 300px) 100vw, 300px\" \/>\t\t\t\t\t\t\t\t\t\t\t<\/div>\n\t\t\t\t\t<div class=\"sow-image-grid-image\">\n\t\t\t\t\t\t\t\t\t\t\t\t<img loading=\"lazy\" decoding=\"async\" width=\"300\" height=\"86\" src=\"https:\/\/masterib.es\/wp-content\/uploads\/2021\/08\/eina-logo-300x86.png\" class=\"sow-image-grid-image_html\" alt=\"\" title=\"\" srcset=\"https:\/\/masterib.es\/wp-content\/uploads\/2021\/08\/eina-logo-300x86.png 300w, https:\/\/masterib.es\/wp-content\/uploads\/2021\/08\/eina-logo-768x219.png 768w, https:\/\/masterib.es\/wp-content\/uploads\/2021\/08\/eina-logo-18x5.png 18w, https:\/\/masterib.es\/wp-content\/uploads\/2021\/08\/eina-logo.png 1024w\" sizes=\"auto, (max-width: 300px) 100vw, 300px\" \/>\t\t\t\t\t\t\t\t\t\t\t<\/div>\n\t\t\t\t\t<div class=\"sow-image-grid-image\">\n\t\t\t\t\t\t\t\t\t\t\t\t<img loading=\"lazy\" decoding=\"async\" width=\"300\" height=\"76\" src=\"https:\/\/masterib.es\/wp-content\/uploads\/2021\/08\/logoUZ-e1631512622249-300x76.png\" class=\"sow-image-grid-image_html\" alt=\"\" title=\"logoUZ\" srcset=\"https:\/\/masterib.es\/wp-content\/uploads\/2021\/08\/logoUZ-e1631512622249-300x76.png 300w, https:\/\/masterib.es\/wp-content\/uploads\/2021\/08\/logoUZ-e1631512622249-18x5.png 18w, https:\/\/masterib.es\/wp-content\/uploads\/2021\/08\/logoUZ-e1631512622249.png 585w\" sizes=\"auto, (max-width: 300px) 100vw, 300px\" \/>\t\t\t\t\t\t\t\t\t\t\t<\/div>\n\t\t\t<\/div>\n<\/div><\/div><\/div><\/div><\/div><\/div>\n\n\n<p><\/p>","protected":false},"excerpt":{"rendered":"<p>M\u00e1ster Universitario en Ingenier\u00eda Biom\u00e9dica Inicio Presentaci\u00f3n El programa de postgrado en \u201cIngenier\u00eda Biom\u00e9dica\u201d se propone como una formaci\u00f3n de m\u00e1ster multidisciplinar. Para ello se han recogido los potenciales en este campo en la Universidad de Zaragoza dentro del Instituto en Investigaci\u00f3n en Ingenier\u00eda de Arag\u00f3n (I3A)\u00a0y el\u00a0Instituto de Nanociencia y Materiales de Arag\u00f3n (INMA). &#8230; <a title=\"M\u00e1ster Universitario en Ingenier\u00eda Biom\u00e9dica: Inicio\" class=\"read-more\" href=\"https:\/\/masterib.es\/en\/master-universitario-en-ingenieria-biomedica-inicio\/\" aria-label=\"Read more about M\u00e1ster Universitario en Ingenier\u00eda Biom\u00e9dica: Inicio\">Read more<\/a><\/p>","protected":false},"author":1,"featured_media":0,"parent":0,"menu_order":0,"comment_status":"closed","ping_status":"closed","template":"","meta":{"_monsterinsights_skip_tracking":false,"_monsterinsights_sitenote_active":false,"_monsterinsights_sitenote_note":"","_monsterinsights_sitenote_category":0,"footnotes":""},"class_list":["post-131","page","type-page","status-publish"],"_links":{"self":[{"href":"https:\/\/masterib.es\/en\/wp-json\/wp\/v2\/pages\/131","targetHints":{"allow":["GET"]}}],"collection":[{"href":"https:\/\/masterib.es\/en\/wp-json\/wp\/v2\/pages"}],"about":[{"href":"https:\/\/masterib.es\/en\/wp-json\/wp\/v2\/types\/page"}],"author":[{"embeddable":true,"href":"https:\/\/masterib.es\/en\/wp-json\/wp\/v2\/users\/1"}],"replies":[{"embeddable":true,"href":"https:\/\/masterib.es\/en\/wp-json\/wp\/v2\/comments?post=131"}],"version-history":[{"count":33,"href":"https:\/\/masterib.es\/en\/wp-json\/wp\/v2\/pages\/131\/revisions"}],"predecessor-version":[{"id":428,"href":"https:\/\/masterib.es\/en\/wp-json\/wp\/v2\/pages\/131\/revisions\/428"}],"wp:attachment":[{"href":"https:\/\/masterib.es\/en\/wp-json\/wp\/v2\/media?parent=131"}],"curies":[{"name":"wp","href":"https:\/\/api.w.org\/{rel}","templated":true}]}}