{"id":1459,"date":"2023-08-29T07:28:27","date_gmt":"2023-08-29T07:28:27","guid":{"rendered":"https:\/\/masterib.es\/?page_id=1459"},"modified":"2023-08-29T07:28:27","modified_gmt":"2023-08-29T07:28:27","slug":"seminarios-curso-2023-24-otono","status":"publish","type":"page","link":"https:\/\/masterib.es\/en\/seminarios-curso-2023-24-otono\/","title":{"rendered":"Seminars course 2023-24: Autumn"},"content":{"rendered":"<div id=\"pl-1459\"  class=\"panel-layout\" ><div id=\"pg-1459-0\"  class=\"panel-grid panel-no-style\" ><div id=\"pgc-1459-0-0\"  class=\"panel-grid-cell\" ><div id=\"panel-1459-0-0-0\" class=\"widget_text so-panel widget_custom_html panel-first-child panel-last-child\" data-index=\"0\" ><div class=\"textwidget custom-html-widget\">    <div data-options='{&quot;id&quot;:&quot;1458&quot;,&quot;lazy_load&quot;:&quot;no&quot;,&quot;masonry_enable&quot;:&quot;no&quot;,&quot;view_type&quot;:&quot;grid&quot;}' id=\"post-grid-1458\" class=\"post-grid grid\">\n        <div class=\"grid-items\">\n      <div class=\"item item-1536 skin flat even 0\">\n        <div class=\"layer-wrapper layout-750\">\n          <div class=\"layer-content element_1587187714568\"\n        id=\"\">\n        <div class=\"element element_1587187895341  title\">\n                    <a target=\"_blank\"\n                href=\"https:\/\/masterib.es\/en\/2023-11-13-14h-injectable-and-printable-hydrogels-for-liver-tissue-engineering-julio-rodriguez-fernandez\/\">2023\/11\/13 14h - Injectable and printable hydrogels for liver tissue engineering - Julio Rodriguez Fernandez<\/a>\n            <\/div>\n    <div class=\"element element_1638176677754  excerpt\">\n                            <a target=\"_blank\"\n                href=\"https:\/\/masterib.es\/en\/2023-11-13-14h-injectable-and-printable-hydrogels-for-liver-tissue-engineering-julio-rodriguez-fernandez\/\">Leer m\u00e1s<\/a>\n            <\/div>\n    <\/div>\n    <\/div>\n  <\/div><div class=\"item item-1539 skin flat odd 1\">\n        <div class=\"layer-wrapper layout-750\">\n          <div class=\"layer-content element_1587187714568\"\n        id=\"\">\n        <div class=\"element element_1587187895341  title\">\n                    <a target=\"_blank\"\n                href=\"https:\/\/masterib.es\/en\/2023-11-06-9-11h-jornada-colaboracion-publico-privada-demandas-de-la-empresa-aragonesa-sector-salud\/\">2023\/11\/06 9-11h - Jornada Colaboraci\u00f3n P\u00fablico-Privada: \"Demandas de la Empresa Aragonesa\". Sector Salud<\/a>\n            <\/div>\n    <div class=\"element element_1638176677754  excerpt\">\n                            <a target=\"_blank\"\n                href=\"https:\/\/masterib.es\/en\/2023-11-06-9-11h-jornada-colaboracion-publico-privada-demandas-de-la-empresa-aragonesa-sector-salud\/\">Leer m\u00e1s<\/a>\n            <\/div>\n    <\/div>\n    <\/div>\n  <\/div><div class=\"item item-1533 skin flat even 2\">\n        <div class=\"layer-wrapper layout-750\">\n          <div class=\"layer-content element_1587187714568\"\n        id=\"\">\n        <div class=\"element element_1587187895341  title\">\n                    <a target=\"_blank\"\n                href=\"https:\/\/masterib.es\/en\/2023-10-30-930h-tumour-immune-interactions-the-devil-is-in-the-detail-helen-byrne\/\">2023\/10\/30 9:30h - Tumour-immune interactions - the devil is in the detail! - Helen Byrne<\/a>\n            <\/div>\n    <div class=\"element element_1638176677754  excerpt\">\n                            <a target=\"_blank\"\n                href=\"https:\/\/masterib.es\/en\/2023-10-30-930h-tumour-immune-interactions-the-devil-is-in-the-detail-helen-byrne\/\">Leer m\u00e1s<\/a>\n            <\/div>\n    <\/div>\n    <\/div>\n  <\/div><div class=\"item item-1474 skin flat odd 3\">\n        <div class=\"layer-wrapper layout-750\">\n          <div class=\"layer-content element_1587187714568\"\n        id=\"\">\n        <div class=\"element element_1587187895341  title\">\n                    <a target=\"_blank\"\n                href=\"https:\/\/masterib.es\/en\/2023-10-16-14h-el-mundo-de-la-salud-junto-a-la-fabricacion-aditiva-una-trayectoria-personal-desde-la-eina-al-mundo-sanitario-y-deportivo-ignacio-colom\/\">2023\/10\/23 14h - El mundo de la salud junto a la fabricaci\u00f3n aditiva. Una trayectoria personal desde la EINA al...<\/a>\n            <\/div>\n    <div class=\"element element_1638176677754  excerpt\">\n                            <a target=\"_blank\"\n                href=\"https:\/\/masterib.es\/en\/2023-10-16-14h-el-mundo-de-la-salud-junto-a-la-fabricacion-aditiva-una-trayectoria-personal-desde-la-eina-al-mundo-sanitario-y-deportivo-ignacio-colom\/\">Leer m\u00e1s<\/a>\n            <\/div>\n    <\/div>\n    <\/div>\n  <\/div><div class=\"item item-1506 skin flat even 4\">\n        <div class=\"layer-wrapper layout-750\">\n          <div class=\"layer-content element_1587187714568\"\n        id=\"\">\n        <div class=\"element element_1587187895341  title\">\n                    <a target=\"_blank\"\n                href=\"https:\/\/masterib.es\/en\/2023-10-06-930h-silicon-chips-as-a-deciphering-platform-for-health-and-disease-mar-condor\/\">2023\/10\/06 9:30h - Silicon chips as a deciphering platform for health and disease - Mar C\u00f3ndor<\/a>\n            <\/div>\n    <div class=\"element element_1638176677754  excerpt\">\n                            <a target=\"_blank\"\n                href=\"https:\/\/masterib.es\/en\/2023-10-06-930h-silicon-chips-as-a-deciphering-platform-for-health-and-disease-mar-condor\/\">Leer m\u00e1s<\/a>\n            <\/div>\n    <\/div>\n    <\/div>\n  <\/div><div class=\"item item-1487 skin flat odd 5\">\n        <div class=\"layer-wrapper layout-750\">\n          <div class=\"layer-content element_1587187714568\"\n        id=\"\">\n        <div class=\"element element_1587187895341  title\">\n                    <a target=\"_blank\"\n                href=\"https:\/\/masterib.es\/en\/2023-09-26-12h-aplicacion-de-estructuras-tpms-al-diseno-de-protesis-de-rodilla\/\">2023\/09\/26 12h - Aplicaci\u00f3n de estructuras TPMS al dise\u00f1o de pr\u00f3tesis de rodilla -Agust\u00edn Vidal Lesso\u00a0<\/a>\n            <\/div>\n    <div class=\"element element_1638176677754  excerpt\">\n                            <a target=\"_blank\"\n                href=\"https:\/\/masterib.es\/en\/2023-09-26-12h-aplicacion-de-estructuras-tpms-al-diseno-de-protesis-de-rodilla\/\">Leer m\u00e1s<\/a>\n            <\/div>\n    <\/div>\n    <\/div>\n  <\/div>    <\/div>\n          <style type=\"text\/css\">\n            .layout-750 .element_1587187714568 {\n                margin: 10px;\n                            }\n\n                    <\/style>\n        <style type=\"text\/css\">\n        .layout-750 .element_1587187895341 {\n            font-size: 18px;\n            margin: 5px 0px;\n            text-align: left;\n                    }\n\n        .layout-750 .element_1587187895341 a {\n            font-size: 18px;\n            margin: 5px 0px;\n            text-align: left;\n                    }\n    <\/style>\n    <style type=\"text\/css\">\n        .layout-750 .element_1638176677754 {\n            font-size: 15px;\n            margin: 10px 0;\n            text-align: left;\n                    }\n\n        .layout-750 .element_1638176677754 a {\n            font-size: 15px;\n                    }\n    <\/style>\n        <style type=\"text\/css\">\n      .layout-750 a{text-decoration:none}.layout-750{vertical-align:top}.layout-750 .layer-content{padding:10px}    <\/style>\n    <script>\n          <\/script>\n    <style type=\"text\/css\">\n    #post-grid-1458 {\n      padding: 0px;\n          }\n\n    #post-grid-1458 .item {\n      padding: 0px;\n      background: #e9ecef;\n          }\n\n    #post-grid-1458 .item .layer-media {\n      height:auto;    }\n\n    @media only screen and (min-width: 0px) and (max-width: 767px) {\n      #post-grid-1458 .grid-items {\n        text-align: center;\n              }\n\n      #post-grid-1458 .item {\n        width: 100%;\n        margin: 5px 0px 5px 0px;\n        display: inline-block;\n        vertical-align: top;\n        height:auto;      }\n    }\n\n    @media only screen and (min-width: 768px) and (max-width: 1023px) {\n      #post-grid-1458 .grid-items {\n        text-align: center;\n              }\n\n      #post-grid-1458 .item {\n        width: 100%;\n        margin: 5px 0px 5px 0px;\n        display: inline-block;\n        vertical-align: top;\n        max-height:auto;      }\n    }\n\n    @media only screen and (min-width: 1024px) {\n      #post-grid-1458 .grid-items {\n        text-align: center;\n              }\n\n      #post-grid-1458 .item {\n        width: 100%;\n        display: inline-block;\n        margin: 5px 0px 5px 0px;\n        vertical-align: top;\n        height:auto;      }\n    }\n\n      <\/style>\n  <\/div>\n<\/div><\/div><\/div><\/div><\/div>","protected":false},"excerpt":{"rendered":"<p>2023\/11\/13 14h &#8211; Injectable and printable hydrogels for liver tissue engineering &#8211; Julio Rodriguez Fernandez Leer m\u00e1s 2023\/11\/06 9-11h &#8211; Jornada Colaboraci\u00f3n P\u00fablico-Privada: \u00abDemandas de la Empresa Aragonesa\u00bb. Sector Salud Leer m\u00e1s 2023\/10\/30 9:30h &#8211; Tumour-immune interactions &#8211; the devil is in the detail! &#8211; Helen Byrne Leer m\u00e1s 2023\/10\/23 14h &#8211; El mundo de &#8230; <a title=\"Seminars course 2023-24: Autumn\" class=\"read-more\" href=\"https:\/\/masterib.es\/en\/seminarios-curso-2023-24-otono\/\" aria-label=\"Read more about Seminarios curso 2023-24: Oto\u00f1o\">Read more<\/a><\/p>","protected":false},"author":1,"featured_media":0,"parent":0,"menu_order":0,"comment_status":"closed","ping_status":"closed","template":"","meta":{"_monsterinsights_skip_tracking":false,"_monsterinsights_sitenote_active":false,"_monsterinsights_sitenote_note":"","_monsterinsights_sitenote_category":0,"footnotes":""},"class_list":["post-1459","page","type-page","status-publish"],"_links":{"self":[{"href":"https:\/\/masterib.es\/en\/wp-json\/wp\/v2\/pages\/1459","targetHints":{"allow":["GET"]}}],"collection":[{"href":"https:\/\/masterib.es\/en\/wp-json\/wp\/v2\/pages"}],"about":[{"href":"https:\/\/masterib.es\/en\/wp-json\/wp\/v2\/types\/page"}],"author":[{"embeddable":true,"href":"https:\/\/masterib.es\/en\/wp-json\/wp\/v2\/users\/1"}],"replies":[{"embeddable":true,"href":"https:\/\/masterib.es\/en\/wp-json\/wp\/v2\/comments?post=1459"}],"version-history":[{"count":2,"href":"https:\/\/masterib.es\/en\/wp-json\/wp\/v2\/pages\/1459\/revisions"}],"predecessor-version":[{"id":1461,"href":"https:\/\/masterib.es\/en\/wp-json\/wp\/v2\/pages\/1459\/revisions\/1461"}],"wp:attachment":[{"href":"https:\/\/masterib.es\/en\/wp-json\/wp\/v2\/media?parent=1459"}],"curies":[{"name":"wp","href":"https:\/\/api.w.org\/{rel}","templated":true}]}}