{"id":1465,"date":"2023-08-29T07:45:33","date_gmt":"2023-08-29T07:45:33","guid":{"rendered":"https:\/\/masterib.es\/?page_id=1465"},"modified":"2023-08-29T07:45:33","modified_gmt":"2023-08-29T07:45:33","slug":"seminarios-curso-2023-24-primavera-bimestre-1","status":"publish","type":"page","link":"https:\/\/masterib.es\/en\/seminarios-curso-2023-24-primavera-bimestre-1\/","title":{"rendered":"Seminars course 2023-24: Spring Bimester 1"},"content":{"rendered":"<div id=\"pl-1465\"  class=\"panel-layout\" ><div id=\"pg-1465-0\"  class=\"panel-grid panel-no-style\" ><div id=\"pgc-1465-0-0\"  class=\"panel-grid-cell\" ><div id=\"panel-1465-0-0-0\" class=\"widget_text so-panel widget_custom_html panel-first-child panel-last-child\" data-index=\"0\" ><div class=\"textwidget custom-html-widget\">    <div data-options='{&quot;id&quot;:&quot;1463&quot;,&quot;lazy_load&quot;:&quot;no&quot;,&quot;masonry_enable&quot;:&quot;no&quot;,&quot;view_type&quot;:&quot;grid&quot;}' id=\"post-grid-1463\" class=\"post-grid grid\">\n        <div class=\"grid-items\">\n      <div class=\"item item-1650 skin flat even 0\">\n        <div class=\"layer-wrapper layout-750\">\n          <div class=\"layer-content element_1587187714568\"\n        id=\"\">\n        <div class=\"element element_1587187895341  title\">\n                    <a target=\"_blank\"\n                href=\"https:\/\/masterib.es\/en\/2024-03-13-15h-nuevas-tecnologias-y-cambio-de-paradigma-en-salud-jordi-aguilo\/\">2024\/03\/13 15h -\u00a0Nuevas tecnolog\u00edas y cambio de paradigma en salud - Jordi Aguil\u00f3<\/a>\n            <\/div>\n    <div class=\"element element_1638176677754  excerpt\">\n                            <a target=\"_blank\"\n                href=\"https:\/\/masterib.es\/en\/2024-03-13-15h-nuevas-tecnologias-y-cambio-de-paradigma-en-salud-jordi-aguilo\/\">Leer m\u00e1s<\/a>\n            <\/div>\n    <\/div>\n    <\/div>\n  <\/div><div class=\"item item-1601 skin flat odd 1\">\n        <div class=\"layer-wrapper layout-750\">\n          <div class=\"layer-content element_1587187714568\"\n        id=\"\">\n        <div class=\"element element_1587187895341  title\">\n                    <a target=\"_blank\"\n                href=\"https:\/\/masterib.es\/en\/2024-03-13-14h-whole-organ-bioengineering-the-future-of-transplantation-medicine-pedro-baptista\/\">2024\/03\/13 14h -\u00a0Whole-Organ Bioengineering: The Future of Transplantation Medicine? - Pedro Baptista<\/a>\n            <\/div>\n    <div class=\"element element_1638176677754  excerpt\">\n                            <a target=\"_blank\"\n                href=\"https:\/\/masterib.es\/en\/2024-03-13-14h-whole-organ-bioengineering-the-future-of-transplantation-medicine-pedro-baptista\/\">Leer m\u00e1s<\/a>\n            <\/div>\n    <\/div>\n    <\/div>\n  <\/div><div class=\"item item-1640 skin flat even 2\">\n        <div class=\"layer-wrapper layout-750\">\n          <div class=\"layer-content element_1587187714568\"\n        id=\"\">\n        <div class=\"element element_1587187895341  title\">\n                    <a target=\"_blank\"\n                href=\"https:\/\/masterib.es\/en\/2024-02-28-14h-neurotecnologia-y-salud-digital-javier-minguez-bitbrain\/\">2024\/03\/06 15h - Inmunoterapia celular adoptiva para tumores de mal pron\u00f3stico\u00a0-Diego S\u00e1nchez Mart\u00ednez<\/a>\n            <\/div>\n    <div class=\"element element_1638176677754  excerpt\">\n                            <a target=\"_blank\"\n                href=\"https:\/\/masterib.es\/en\/2024-02-28-14h-neurotecnologia-y-salud-digital-javier-minguez-bitbrain\/\">Leer m\u00e1s<\/a>\n            <\/div>\n    <\/div>\n    <\/div>\n  <\/div><div class=\"item item-1624 skin flat odd 3\">\n        <div class=\"layer-wrapper layout-750\">\n          <div class=\"layer-content element_1587187714568\"\n        id=\"\">\n        <div class=\"element element_1587187895341  title\">\n                    <a target=\"_blank\"\n                href=\"https:\/\/masterib.es\/en\/2024-02-28-14h-bit-brain-javier-minguez\/\">2024\/02\/28 14h -\u00a0Neurotecnolog\u00eda y salud digital - Javier M\u00ednguez (Bitbrain)<\/a>\n            <\/div>\n    <div class=\"element element_1638176677754  excerpt\">\n                            <a target=\"_blank\"\n                href=\"https:\/\/masterib.es\/en\/2024-02-28-14h-bit-brain-javier-minguez\/\">Leer m\u00e1s<\/a>\n            <\/div>\n    <\/div>\n    <\/div>\n  <\/div><div class=\"item item-1571 skin flat even 4\">\n        <div class=\"layer-wrapper layout-750\">\n          <div class=\"layer-content element_1587187714568\"\n        id=\"\">\n        <div class=\"element element_1587187895341  title\">\n                    <a target=\"_blank\"\n                href=\"https:\/\/masterib.es\/en\/2024-02-21-15h-inteligencia-artificial-e-imagen-medica-de-la-radiologia-a-los-companion-diagnostic-gemma-urbanos\/\">2024\/02\/21 15h -\u00a0Inteligencia artificial e imagen m\u00e9dica, de la radiolog\u00eda a los companion diagnostic - Gemma Urbanos<\/a>\n            <\/div>\n    <div class=\"element element_1638176677754  excerpt\">\n                            <a target=\"_blank\"\n                href=\"https:\/\/masterib.es\/en\/2024-02-21-15h-inteligencia-artificial-e-imagen-medica-de-la-radiologia-a-los-companion-diagnostic-gemma-urbanos\/\">Leer m\u00e1s<\/a>\n            <\/div>\n    <\/div>\n    <\/div>\n  <\/div><div class=\"item item-1608 skin flat odd 5\">\n        <div class=\"layer-wrapper layout-750\">\n          <div class=\"layer-content element_1587187714568\"\n        id=\"\">\n        <div class=\"element element_1587187895341  title\">\n                    <a target=\"_blank\"\n                href=\"https:\/\/masterib.es\/en\/2024-02-14-14h-control-de-calidad-de-equipos-de-rayos-x-para-radiodiagnostico-y-equipamiento-de-medicina-nuclear-experiencia-desde-el-punto-de-vista-de-una-unidad-tecnica-de-proteccion-radiologica-utp\/\">2024\/02\/14 14h -Control de calidad de equipos de rayos X para radiodiagn\u00f3stico y equipamiento de medicina nuclear. Experiencia desde el...<\/a>\n            <\/div>\n    <div class=\"element element_1638176677754  excerpt\">\n                            <a target=\"_blank\"\n                href=\"https:\/\/masterib.es\/en\/2024-02-14-14h-control-de-calidad-de-equipos-de-rayos-x-para-radiodiagnostico-y-equipamiento-de-medicina-nuclear-experiencia-desde-el-punto-de-vista-de-una-unidad-tecnica-de-proteccion-radiologica-utp\/\">Leer m\u00e1s<\/a>\n            <\/div>\n    <\/div>\n    <\/div>\n  <\/div><div class=\"item item-1620 skin flat even 6\">\n        <div class=\"layer-wrapper layout-750\">\n          <div class=\"layer-content element_1587187714568\"\n        id=\"\">\n        <div class=\"element element_1587187895341  title\">\n                    <a target=\"_blank\"\n                href=\"https:\/\/masterib.es\/en\/2024-02-07-15h-assessment-of-qt-interval-dynamics-induced-by-heart-rate-changes-and-its-prognostic-value-in-heart-failure-alba-martin-yebra\/\">2024\/02\/07 15h - Assessment of QT Interval Dynamics Induced by Heart Rate Changes and its Prognostic Value in Heart Failure...<\/a>\n            <\/div>\n    <div class=\"element element_1638176677754  excerpt\">\n                            <a target=\"_blank\"\n                href=\"https:\/\/masterib.es\/en\/2024-02-07-15h-assessment-of-qt-interval-dynamics-induced-by-heart-rate-changes-and-its-prognostic-value-in-heart-failure-alba-martin-yebra\/\">Leer m\u00e1s<\/a>\n            <\/div>\n    <\/div>\n    <\/div>\n  <\/div><div class=\"item item-1587 skin flat odd 7\">\n        <div class=\"layer-wrapper layout-750\">\n          <div class=\"layer-content element_1587187714568\"\n        id=\"\">\n        <div class=\"element element_1587187895341  title\">\n                    <a target=\"_blank\"\n                href=\"https:\/\/masterib.es\/en\/2024-02-07-14h-on-the-effects-of-hydrodynamic-interactions-among-cells-for-microfluidic-holographic-cyto-tomography-massimiliano-m-villone\/\">2024\/02\/07 14h -\u00a0On the effects of hydrodynamic interactions among cells for microfluidic holographic cyto-tomography - Massimiliano M. Villone<\/a>\n            <\/div>\n    <div class=\"element element_1638176677754  excerpt\">\n                            <a target=\"_blank\"\n                href=\"https:\/\/masterib.es\/en\/2024-02-07-14h-on-the-effects-of-hydrodynamic-interactions-among-cells-for-microfluidic-holographic-cyto-tomography-massimiliano-m-villone\/\">Leer m\u00e1s<\/a>\n            <\/div>\n    <\/div>\n    <\/div>\n  <\/div><div class=\"item item-1584 skin flat even 8\">\n        <div class=\"layer-wrapper layout-750\">\n          <div class=\"layer-content element_1587187714568\"\n        id=\"\">\n        <div class=\"element element_1587187895341  title\">\n                    <a target=\"_blank\"\n                href=\"https:\/\/masterib.es\/en\/2024-01-31-15h-organ-specific-environment-impact-on-lymphatic-vessel-functionality-alejandra-gonzalez\/\">2024\/01\/31 15h -\u00a0Impact of the tissue environment on lymphatic vessel functionality -Alejandra Gonz\u00e1lez<\/a>\n            <\/div>\n    <div class=\"element element_1638176677754  excerpt\">\n                            <a target=\"_blank\"\n                href=\"https:\/\/masterib.es\/en\/2024-01-31-15h-organ-specific-environment-impact-on-lymphatic-vessel-functionality-alejandra-gonzalez\/\">Leer m\u00e1s<\/a>\n            <\/div>\n    <\/div>\n    <\/div>\n  <\/div><div class=\"item item-1612 skin flat odd 9\">\n        <div class=\"layer-wrapper layout-750\">\n          <div class=\"layer-content element_1587187714568\"\n        id=\"\">\n        <div class=\"element element_1587187895341  title\">\n                    <a target=\"_blank\"\n                href=\"https:\/\/masterib.es\/en\/2024-01-31-14h-unravelling-the-electrocardiogram-for-cardiovascular-risk-prediction-julia-ramirez\/\">2024\/01\/31 14h -\u00a0Unravelling the Electrocardiogram for Cardiovascular Risk Prediction - Julia Ram\u00edrez<\/a>\n            <\/div>\n    <div class=\"element element_1638176677754  excerpt\">\n                            <a target=\"_blank\"\n                href=\"https:\/\/masterib.es\/en\/2024-01-31-14h-unravelling-the-electrocardiogram-for-cardiovascular-risk-prediction-julia-ramirez\/\">Leer m\u00e1s<\/a>\n            <\/div>\n    <\/div>\n    <\/div>\n  <\/div><div class=\"item item-1597 skin flat even 10\">\n        <div class=\"layer-wrapper layout-750\">\n          <div class=\"layer-content element_1587187714568\"\n        id=\"\">\n        <div class=\"element element_1587187895341  title\">\n                    <a target=\"_blank\"\n                href=\"https:\/\/masterib.es\/en\/2024-01-24-15h-analisis-computacional-del-crecimiento-tumoral-y-la-metastasis-silvia-hervas-raluy\/\">2024\/01\/24 15h - \u00c1nalisis computacional del crecimiento tumoral y la met\u00e1stasis. Silvia Herv\u00e1s Raluy<\/a>\n            <\/div>\n    <div class=\"element element_1638176677754  excerpt\">\n                            <a target=\"_blank\"\n                href=\"https:\/\/masterib.es\/en\/2024-01-24-15h-analisis-computacional-del-crecimiento-tumoral-y-la-metastasis-silvia-hervas-raluy\/\">Leer m\u00e1s<\/a>\n            <\/div>\n    <\/div>\n    <\/div>\n  <\/div><div class=\"item item-1566 skin flat odd 11\">\n        <div class=\"layer-wrapper layout-750\">\n          <div class=\"layer-content element_1587187714568\"\n        id=\"\">\n        <div class=\"element element_1587187895341  title\">\n                    <a target=\"_blank\"\n                href=\"https:\/\/masterib.es\/en\/2024-01-24-14h-radiofisica-hospitalaria-de-residente-rfir-a-facultativo-especialista-sergio-lozares\/\">2024\/01\/24 14h - Radiof\u00edsica Hospitalaria: de Residente (RFIR) a Facultativo Especialista. Sergio Lozares<\/a>\n            <\/div>\n    <div class=\"element element_1638176677754  excerpt\">\n                            <a target=\"_blank\"\n                href=\"https:\/\/masterib.es\/en\/2024-01-24-14h-radiofisica-hospitalaria-de-residente-rfir-a-facultativo-especialista-sergio-lozares\/\">Leer m\u00e1s<\/a>\n            <\/div>\n    <\/div>\n    <\/div>\n  <\/div>    <\/div>\n          <style type=\"text\/css\">\n            .layout-750 .element_1587187714568 {\n                margin: 10px;\n                            }\n\n                    <\/style>\n        <style type=\"text\/css\">\n        .layout-750 .element_1587187895341 {\n            font-size: 18px;\n            margin: 5px 0px;\n            text-align: left;\n                    }\n\n        .layout-750 .element_1587187895341 a {\n            font-size: 18px;\n            margin: 5px 0px;\n            text-align: left;\n                    }\n    <\/style>\n    <style type=\"text\/css\">\n        .layout-750 .element_1638176677754 {\n            font-size: 15px;\n            margin: 10px 0;\n            text-align: left;\n                    }\n\n        .layout-750 .element_1638176677754 a {\n            font-size: 15px;\n                    }\n    <\/style>\n        <style type=\"text\/css\">\n      .layout-750 a{text-decoration:none}.layout-750{vertical-align:top}.layout-750 .layer-content{padding:10px}    <\/style>\n    <script>\n          <\/script>\n    <style type=\"text\/css\">\n    #post-grid-1463 {\n      padding: 0px;\n          }\n\n    #post-grid-1463 .item {\n      padding: 0px;\n      background: #e9ecef;\n          }\n\n    #post-grid-1463 .item .layer-media {\n      height:auto;    }\n\n    @media only screen and (min-width: 0px) and (max-width: 767px) {\n      #post-grid-1463 .grid-items {\n        text-align: center;\n              }\n\n      #post-grid-1463 .item {\n        width: 100%;\n        margin: 5px 0px 5px 0px;\n        display: inline-block;\n        vertical-align: top;\n        height:auto;      }\n    }\n\n    @media only screen and (min-width: 768px) and (max-width: 1023px) {\n      #post-grid-1463 .grid-items {\n        text-align: center;\n              }\n\n      #post-grid-1463 .item {\n        width: 100%;\n        margin: 5px 0px 5px 0px;\n        display: inline-block;\n        vertical-align: top;\n        max-height:auto;      }\n    }\n\n    @media only screen and (min-width: 1024px) {\n      #post-grid-1463 .grid-items {\n        text-align: center;\n              }\n\n      #post-grid-1463 .item {\n        width: 100%;\n        display: inline-block;\n        margin: 5px 0px 5px 0px;\n        vertical-align: top;\n        height:auto;      }\n    }\n\n      <\/style>\n  <\/div>\n<\/div><\/div><\/div><\/div><\/div>","protected":false},"excerpt":{"rendered":"<p>2024\/03\/13 15h &#8211;\u00a0Nuevas tecnolog\u00edas y cambio de paradigma en salud &#8211; Jordi Aguil\u00f3 Leer m\u00e1s 2024\/03\/13 14h &#8211;\u00a0Whole-Organ Bioengineering: The Future of Transplantation Medicine? &#8211; Pedro Baptista Leer m\u00e1s 2024\/03\/06 15h &#8211; Inmunoterapia celular adoptiva para tumores de mal pron\u00f3stico\u00a0-Diego S\u00e1nchez Mart\u00ednez Leer m\u00e1s 2024\/02\/28 14h &#8211;\u00a0Neurotecnolog\u00eda y salud digital &#8211; Javier M\u00ednguez (Bitbrain) Leer &#8230; <a title=\"Seminars course 2023-24: Spring Bimester 1\" class=\"read-more\" href=\"https:\/\/masterib.es\/en\/seminarios-curso-2023-24-primavera-bimestre-1\/\" aria-label=\"Read more about Seminarios curso 2023-24: Primavera Bimestre 1\">Read more<\/a><\/p>","protected":false},"author":1,"featured_media":0,"parent":0,"menu_order":0,"comment_status":"closed","ping_status":"closed","template":"","meta":{"_monsterinsights_skip_tracking":false,"_monsterinsights_sitenote_active":false,"_monsterinsights_sitenote_note":"","_monsterinsights_sitenote_category":0,"footnotes":""},"class_list":["post-1465","page","type-page","status-publish"],"_links":{"self":[{"href":"https:\/\/masterib.es\/en\/wp-json\/wp\/v2\/pages\/1465","targetHints":{"allow":["GET"]}}],"collection":[{"href":"https:\/\/masterib.es\/en\/wp-json\/wp\/v2\/pages"}],"about":[{"href":"https:\/\/masterib.es\/en\/wp-json\/wp\/v2\/types\/page"}],"author":[{"embeddable":true,"href":"https:\/\/masterib.es\/en\/wp-json\/wp\/v2\/users\/1"}],"replies":[{"embeddable":true,"href":"https:\/\/masterib.es\/en\/wp-json\/wp\/v2\/comments?post=1465"}],"version-history":[{"count":2,"href":"https:\/\/masterib.es\/en\/wp-json\/wp\/v2\/pages\/1465\/revisions"}],"predecessor-version":[{"id":1467,"href":"https:\/\/masterib.es\/en\/wp-json\/wp\/v2\/pages\/1465\/revisions\/1467"}],"wp:attachment":[{"href":"https:\/\/masterib.es\/en\/wp-json\/wp\/v2\/media?parent=1465"}],"curies":[{"name":"wp","href":"https:\/\/api.w.org\/{rel}","templated":true}]}}