{"id":1468,"date":"2023-08-29T07:46:41","date_gmt":"2023-08-29T07:46:41","guid":{"rendered":"https:\/\/masterib.es\/?page_id=1468"},"modified":"2023-12-13T07:19:02","modified_gmt":"2023-12-13T07:19:02","slug":"seminarios-curso-2023-24-primavera-bimestre-2","status":"publish","type":"page","link":"https:\/\/masterib.es\/en\/seminarios-curso-2023-24-primavera-bimestre-2\/","title":{"rendered":"Seminars course 2023-24: Spring Bimester 2"},"content":{"rendered":"<div id=\"pl-1468\"  class=\"panel-layout\" ><div id=\"pg-1468-0\"  class=\"panel-grid panel-no-style\" ><div id=\"pgc-1468-0-0\"  class=\"panel-grid-cell\" ><div id=\"panel-1468-0-0-0\" class=\"widget_text so-panel widget_custom_html panel-first-child panel-last-child\" data-index=\"0\" ><div class=\"textwidget custom-html-widget\">    <div data-options='{&quot;id&quot;:&quot;1464&quot;,&quot;lazy_load&quot;:&quot;no&quot;,&quot;masonry_enable&quot;:&quot;no&quot;,&quot;view_type&quot;:&quot;grid&quot;}' id=\"post-grid-1464\" class=\"post-grid grid\">\n        <div class=\"grid-items\">\n      <div class=\"item item-1901 skin flat even 0\">\n        <div class=\"layer-wrapper layout-750\">\n          <div class=\"layer-content element_1587187714568\"\n        id=\"\">\n        <div class=\"element element_1587187895341  title\">\n                    <a target=\"_blank\"\n                href=\"https:\/\/masterib.es\/en\/2025-05-21-14h-modelling-human-tissue-responses-using-3d-epithelioids-david-fernandez-antoran\/\">2025\/05\/21 14h - Modelling human tissue responses using 3D epithelioids - David Fern\u00e1ndez Antor\u00e1n<\/a>\n            <\/div>\n    <div class=\"element element_1638176677754  excerpt\">\n                            <a target=\"_blank\"\n                href=\"https:\/\/masterib.es\/en\/2025-05-21-14h-modelling-human-tissue-responses-using-3d-epithelioids-david-fernandez-antoran\/\">Leer m\u00e1s<\/a>\n            <\/div>\n    <\/div>\n    <\/div>\n  <\/div><div class=\"item item-1897 skin flat odd 1\">\n        <div class=\"layer-wrapper layout-750\">\n          <div class=\"layer-content element_1587187714568\"\n        id=\"\">\n        <div class=\"element element_1587187895341  title\">\n                    <a target=\"_blank\"\n                href=\"https:\/\/masterib.es\/en\/2024-05-14-12h-dinamizacion-e-innovacion-de-las-capacidades-industriales-en-salud-lluis-blanch\/\">2025\/05\/14 12h - Dinamizaci\u00f3n e Innovaci\u00f3n de las capacidades industriales en Salud - Llu\u00eds Blanch<\/a>\n            <\/div>\n    <div class=\"element element_1638176677754  excerpt\">\n                            <a target=\"_blank\"\n                href=\"https:\/\/masterib.es\/en\/2024-05-14-12h-dinamizacion-e-innovacion-de-las-capacidades-industriales-en-salud-lluis-blanch\/\">Leer m\u00e1s<\/a>\n            <\/div>\n    <\/div>\n    <\/div>\n  <\/div><div class=\"item item-1563 skin flat even 2\">\n        <div class=\"layer-wrapper layout-750\">\n          <div class=\"layer-content element_1587187714568\"\n        id=\"\">\n        <div class=\"element element_1587187895341  title\">\n                    <a target=\"_blank\"\n                href=\"https:\/\/masterib.es\/en\/2024-05-22-14h-experiencia-personal-de-emprendimiento-en-ingenieria-biomedica\/\">2024\/05\/22 14h -\u00a0Experiencia personal de emprendimiento en ingenier\u00eda biom\u00e9dica - Pedro Moreo Calvo<\/a>\n            <\/div>\n    <div class=\"element element_1638176677754  excerpt\">\n                            <a target=\"_blank\"\n                href=\"https:\/\/masterib.es\/en\/2024-05-22-14h-experiencia-personal-de-emprendimiento-en-ingenieria-biomedica\/\">Leer m\u00e1s<\/a>\n            <\/div>\n    <\/div>\n    <\/div>\n  <\/div><div class=\"item item-1485 skin flat odd 3\">\n        <div class=\"layer-wrapper layout-750\">\n          <div class=\"layer-content element_1587187714568\"\n        id=\"\">\n        <div class=\"element element_1587187895341  title\">\n                    <a target=\"_blank\"\n                href=\"https:\/\/masterib.es\/en\/2024-05-15-14h-dinamizacion-e-innovacion-de-las-capacidades-industriales-en-salud-lluis-blanch\/\">2024\/05\/15 14h - Dinamizaci\u00f3n e Innovaci\u00f3n de las capacidades industriales en Salud - Llu\u00eds Blanch<\/a>\n            <\/div>\n    <div class=\"element element_1638176677754  excerpt\">\n                            <a target=\"_blank\"\n                href=\"https:\/\/masterib.es\/en\/2024-05-15-14h-dinamizacion-e-innovacion-de-las-capacidades-industriales-en-salud-lluis-blanch\/\">Leer m\u00e1s<\/a>\n            <\/div>\n    <\/div>\n    <\/div>\n  <\/div><div class=\"item item-1606 skin flat even 4\">\n        <div class=\"layer-wrapper layout-750\">\n          <div class=\"layer-content element_1587187714568\"\n        id=\"\">\n        <div class=\"element element_1587187895341  title\">\n                    <a target=\"_blank\"\n                href=\"https:\/\/masterib.es\/en\/2024-05-08-14-h-el-viaje-desde-la-aspirina-hacia-la-medicina-personalizada-fernando-del-villar\/\">2024\/05\/08 14 h Personalized Healthcare - Miguel \u00c1ngel Fern\u00e1ndez y Daniel Luis<\/a>\n            <\/div>\n    <div class=\"element element_1638176677754  excerpt\">\n                            <a target=\"_blank\"\n                href=\"https:\/\/masterib.es\/en\/2024-05-08-14-h-el-viaje-desde-la-aspirina-hacia-la-medicina-personalizada-fernando-del-villar\/\">Leer m\u00e1s<\/a>\n            <\/div>\n    <\/div>\n    <\/div>\n  <\/div><div class=\"item item-1656 skin flat odd 5\">\n        <div class=\"layer-wrapper layout-750\">\n          <div class=\"layer-content element_1587187714568\"\n        id=\"\">\n        <div class=\"element element_1587187895341  title\">\n                    <a target=\"_blank\"\n                href=\"https:\/\/masterib.es\/en\/2024-04-24-15h-biomaterials-in-tissue-regeneration-cancer-dormancy-and-metastasis-amaia-cipitria\/\">2024\/04\/24 15h - Biomaterials in tissue regeneration, cancer dormancy and metastasis- Amaia Cipitria<\/a>\n            <\/div>\n    <div class=\"element element_1638176677754  excerpt\">\n                            <a target=\"_blank\"\n                href=\"https:\/\/masterib.es\/en\/2024-04-24-15h-biomaterials-in-tissue-regeneration-cancer-dormancy-and-metastasis-amaia-cipitria\/\">Leer m\u00e1s<\/a>\n            <\/div>\n    <\/div>\n    <\/div>\n  <\/div><div class=\"item item-1557 skin flat even 6\">\n        <div class=\"layer-wrapper layout-750\">\n          <div class=\"layer-content element_1587187714568\"\n        id=\"\">\n        <div class=\"element element_1587187895341  title\">\n                    <a target=\"_blank\"\n                href=\"https:\/\/masterib.es\/en\/2024-04-24-14h-force-sensing-across-length-scales-from-cell-biology-to-orthopaedic-surgery-prof-sohini-kar-narayan-fimmm\/\">2024\/04\/24 14h - Force sensing across length scales: from cell biology to orthopaedic surgery - Prof. Sohini Kar-Narayan FIMMM<\/a>\n            <\/div>\n    <div class=\"element element_1638176677754  excerpt\">\n                            <a target=\"_blank\"\n                href=\"https:\/\/masterib.es\/en\/2024-04-24-14h-force-sensing-across-length-scales-from-cell-biology-to-orthopaedic-surgery-prof-sohini-kar-narayan-fimmm\/\">Leer m\u00e1s<\/a>\n            <\/div>\n    <\/div>\n    <\/div>\n  <\/div><div class=\"item item-1672 skin flat odd 7\">\n        <div class=\"layer-wrapper layout-750\">\n          <div class=\"layer-content element_1587187714568\"\n        id=\"\">\n        <div class=\"element element_1587187895341  title\">\n                    <a target=\"_blank\"\n                href=\"https:\/\/masterib.es\/en\/2022-04-18-18h-radiaciones-ionizantes-en-el-diagnostico-y-tratamiento-de-enfermedades-pablo-ortega-pardina\/\">2024\/04\/18 18h -\u00a0Radiaciones Ionizantes en el diagn\u00f3stico y tratamiento de enfermedades - Pablo Ortega Pardina<\/a>\n            <\/div>\n    <div class=\"element element_1638176677754  excerpt\">\n                            <a target=\"_blank\"\n                href=\"https:\/\/masterib.es\/en\/2022-04-18-18h-radiaciones-ionizantes-en-el-diagnostico-y-tratamiento-de-enfermedades-pablo-ortega-pardina\/\">Leer m\u00e1s<\/a>\n            <\/div>\n    <\/div>\n    <\/div>\n  <\/div><div class=\"item item-1618 skin flat even 8\">\n        <div class=\"layer-wrapper layout-750\">\n          <div class=\"layer-content element_1587187714568\"\n        id=\"\">\n        <div class=\"element element_1587187895341  title\">\n                    <a target=\"_blank\"\n                href=\"https:\/\/masterib.es\/en\/2024-04-17-14h-2-horas-arritmias-farmacos-y-ecuaciones-avanzando-hacia-la-cardiologia-computacional-jose-maria-ferrero\/\">2024\/04\/17 14h (2 horas) - Arritmias, f\u00e1rmacos y ecuaciones: avanzando hacia la cardiolog\u00eda computacional - Jos\u00e9 Mar\u00eda Ferrero<\/a>\n            <\/div>\n    <div class=\"element element_1638176677754  excerpt\">\n                            <a target=\"_blank\"\n                href=\"https:\/\/masterib.es\/en\/2024-04-17-14h-2-horas-arritmias-farmacos-y-ecuaciones-avanzando-hacia-la-cardiologia-computacional-jose-maria-ferrero\/\">Leer m\u00e1s<\/a>\n            <\/div>\n    <\/div>\n    <\/div>\n  <\/div><div class=\"item item-1637 skin flat odd 9\">\n        <div class=\"layer-wrapper layout-750\">\n          <div class=\"layer-content element_1587187714568\"\n        id=\"\">\n        <div class=\"element element_1587187895341  title\">\n                    <a target=\"_blank\"\n                href=\"https:\/\/masterib.es\/en\/2024-04-24-1500-h-modelos-basados-en-agentes-para-la-simulacion-de-celulas-daniel-camacho-gomez\/\">2024\/04\/10 15:00 h -Modelos basados en agentes para la simulaci\u00f3n de c\u00e9lulas - Daniel Camacho G\u00f3mez<\/a>\n            <\/div>\n    <div class=\"element element_1638176677754  excerpt\">\n                            <a target=\"_blank\"\n                href=\"https:\/\/masterib.es\/en\/2024-04-24-1500-h-modelos-basados-en-agentes-para-la-simulacion-de-celulas-daniel-camacho-gomez\/\">Leer m\u00e1s<\/a>\n            <\/div>\n    <\/div>\n    <\/div>\n  <\/div><div class=\"item item-1666 skin flat even 10\">\n        <div class=\"layer-wrapper layout-750\">\n          <div class=\"layer-content element_1587187714568\"\n        id=\"\">\n        <div class=\"element element_1587187895341  title\">\n                    <a target=\"_blank\"\n                href=\"https:\/\/masterib.es\/en\/2024-04-10-14h-ingenieria-de-diseno-en-aplicaciones-biomedicas-teresa-blanco\/\">2024\/04\/10 14h - Ingenier\u00eda de Dise\u00f1o en Aplicaciones Biom\u00e9dicas - Teresa Blanco<\/a>\n            <\/div>\n    <div class=\"element element_1638176677754  excerpt\">\n                            <a target=\"_blank\"\n                href=\"https:\/\/masterib.es\/en\/2024-04-10-14h-ingenieria-de-diseno-en-aplicaciones-biomedicas-teresa-blanco\/\">Leer m\u00e1s<\/a>\n            <\/div>\n    <\/div>\n    <\/div>\n  <\/div>    <\/div>\n          <style type=\"text\/css\">\n            .layout-750 .element_1587187714568 {\n                margin: 10px;\n                            }\n\n                    <\/style>\n        <style type=\"text\/css\">\n        .layout-750 .element_1587187895341 {\n            font-size: 18px;\n            margin: 5px 0px;\n            text-align: left;\n                    }\n\n        .layout-750 .element_1587187895341 a {\n            font-size: 18px;\n            margin: 5px 0px;\n            text-align: left;\n                    }\n    <\/style>\n    <style type=\"text\/css\">\n        .layout-750 .element_1638176677754 {\n            font-size: 15px;\n            margin: 10px 0;\n            text-align: left;\n                    }\n\n        .layout-750 .element_1638176677754 a {\n            font-size: 15px;\n                    }\n    <\/style>\n        <style type=\"text\/css\">\n      .layout-750 a{text-decoration:none}.layout-750{vertical-align:top}.layout-750 .layer-content{padding:10px}    <\/style>\n    <script>\n          <\/script>\n    <style type=\"text\/css\">\n    #post-grid-1464 {\n      padding: 0px;\n          }\n\n    #post-grid-1464 .item {\n      padding: 0px;\n      background: #e9ecef;\n          }\n\n    #post-grid-1464 .item .layer-media {\n      height:auto;    }\n\n    @media only screen and (min-width: 0px) and (max-width: 767px) {\n      #post-grid-1464 .grid-items {\n        text-align: center;\n              }\n\n      #post-grid-1464 .item {\n        width: 100%;\n        margin: 5px 0px 5px 0px;\n        display: inline-block;\n        vertical-align: top;\n        height:auto;      }\n    }\n\n    @media only screen and (min-width: 768px) and (max-width: 1023px) {\n      #post-grid-1464 .grid-items {\n        text-align: center;\n              }\n\n      #post-grid-1464 .item {\n        width: 100%;\n        margin: 5px 0px 5px 0px;\n        display: inline-block;\n        vertical-align: top;\n        max-height:auto;      }\n    }\n\n    @media only screen and (min-width: 1024px) {\n      #post-grid-1464 .grid-items {\n        text-align: center;\n              }\n\n      #post-grid-1464 .item {\n        width: 100%;\n        display: inline-block;\n        margin: 5px 0px 5px 0px;\n        vertical-align: top;\n        height:auto;      }\n    }\n\n      <\/style>\n  <\/div>\n<\/div><\/div><\/div><\/div><\/div>","protected":false},"excerpt":{"rendered":"<p>2025\/05\/21 14h &#8211; Modelling human tissue responses using 3D epithelioids &#8211; David Fern\u00e1ndez Antor\u00e1n Leer m\u00e1s 2025\/05\/14 12h &#8211; Dinamizaci\u00f3n e Innovaci\u00f3n de las capacidades industriales en Salud &#8211; Llu\u00eds Blanch Leer m\u00e1s 2024\/05\/22 14h &#8211;\u00a0Experiencia personal de emprendimiento en ingenier\u00eda biom\u00e9dica &#8211; Pedro Moreo Calvo Leer m\u00e1s 2024\/05\/15 14h &#8211; Dinamizaci\u00f3n e Innovaci\u00f3n de &#8230; <a title=\"Seminars course 2023-24: Spring Bimester 2\" class=\"read-more\" href=\"https:\/\/masterib.es\/en\/seminarios-curso-2023-24-primavera-bimestre-2\/\" aria-label=\"Read more about Seminarios curso 2023-24: Primavera Bimestre 2\">Read more<\/a><\/p>","protected":false},"author":1,"featured_media":0,"parent":0,"menu_order":0,"comment_status":"closed","ping_status":"closed","template":"","meta":{"_monsterinsights_skip_tracking":false,"_monsterinsights_sitenote_active":false,"_monsterinsights_sitenote_note":"","_monsterinsights_sitenote_category":0,"footnotes":""},"class_list":["post-1468","page","type-page","status-publish"],"_links":{"self":[{"href":"https:\/\/masterib.es\/en\/wp-json\/wp\/v2\/pages\/1468","targetHints":{"allow":["GET"]}}],"collection":[{"href":"https:\/\/masterib.es\/en\/wp-json\/wp\/v2\/pages"}],"about":[{"href":"https:\/\/masterib.es\/en\/wp-json\/wp\/v2\/types\/page"}],"author":[{"embeddable":true,"href":"https:\/\/masterib.es\/en\/wp-json\/wp\/v2\/users\/1"}],"replies":[{"embeddable":true,"href":"https:\/\/masterib.es\/en\/wp-json\/wp\/v2\/comments?post=1468"}],"version-history":[{"count":4,"href":"https:\/\/masterib.es\/en\/wp-json\/wp\/v2\/pages\/1468\/revisions"}],"predecessor-version":[{"id":1570,"href":"https:\/\/masterib.es\/en\/wp-json\/wp\/v2\/pages\/1468\/revisions\/1570"}],"wp:attachment":[{"href":"https:\/\/masterib.es\/en\/wp-json\/wp\/v2\/media?parent=1468"}],"curies":[{"name":"wp","href":"https:\/\/api.w.org\/{rel}","templated":true}]}}