{"id":151,"date":"2021-08-25T09:56:19","date_gmt":"2021-08-25T09:56:19","guid":{"rendered":"https:\/\/devmasterib.i3a.es\/?page_id=151"},"modified":"2021-11-23T07:09:09","modified_gmt":"2021-11-23T07:09:09","slug":"programa-de-doctorado-en-ingenieria-biomedica-inicio","status":"publish","type":"page","link":"https:\/\/masterib.es\/en\/programa-de-doctorado-en-ingenieria-biomedica-inicio\/","title":{"rendered":"Programa de Doctorado en Ingenier\u00eda Biom\u00e9dica: Inicio"},"content":{"rendered":"<div id=\"pl-gb151-69d2bcb80ebff\"  class=\"panel-layout\" ><div id=\"pg-gb151-69d2bcb80ebff-0\"  class=\"panel-grid panel-no-style\" ><div id=\"pgc-gb151-69d2bcb80ebff-0-0\"  class=\"panel-grid-cell\" ><div id=\"panel-gb151-69d2bcb80ebff-0-0-0\" class=\"so-panel widget_sow-editor panel-first-child panel-last-child\" data-index=\"0\" ><div class=\"color-doctorado panel-widget-style panel-widget-style-for-gb151-69d2bcb80ebff-0-0-0\" ><div\n\t\t\t\n\t\t\tclass=\"so-widget-sow-editor so-widget-sow-editor-base\"\n\t\t\t\n\t\t>\n<div class=\"siteorigin-widget-tinymce textwidget\">\n\t<h1>Ph.D. Program in Biomedical Engineering<\/h1>\n<h3>Home<\/h3>\n<\/div>\n<\/div><\/div><\/div><\/div><\/div><div id=\"pg-gb151-69d2bcb80ebff-1\"  class=\"panel-grid panel-no-style\" ><div id=\"pgc-gb151-69d2bcb80ebff-1-0\"  class=\"panel-grid-cell\" ><div id=\"panel-gb151-69d2bcb80ebff-1-0-0\" class=\"so-panel widget_sow-headline panel-first-child\" data-index=\"1\" ><div\n\t\t\t\n\t\t\tclass=\"so-widget-sow-headline so-widget-sow-headline-default-eb58c90b4a68-151\"\n\t\t\t\n\t\t><div class=\"sow-headline-container\">\n\t\t\t\t\t\t<div class=\"decoration\">\n\t\t\t\t\t\t<div class=\"decoration-inside\"><\/div>\n\t\t\t\t\t<\/div>\n\t\t\t\t\t<\/div>\n<\/div><\/div><div id=\"panel-gb151-69d2bcb80ebff-1-0-1\" class=\"so-panel widget_sow-editor\" data-index=\"2\" ><div\n\t\t\t\n\t\t\tclass=\"so-widget-sow-editor so-widget-sow-editor-base\"\n\t\t\t\n\t\t>\n<div class=\"siteorigin-widget-tinymce textwidget\">\n\t<p>The PhD program in Biomedical Engineering is jointly organized by the Polytechnic University of Catalonia and the University of Zaragoza. It has been offered since academic year 2003-04 and is currently regulated by an agreement signed on October 2, 2020.<\/p>\n<p>The students of the program can enroll in either of the two universities, on which they will depend administratively, and they can take any course or activity from the offer of the interuniversity program. Information about the program at the UPC can be found at\u00a0<a href=\"https:\/\/doctorat.upc.edu\/es\/programas\/ingenieria-biomedica?set_language=es\" target=\"_blank\" rel=\"noopener\">this link<\/a>. The joint doctoral program also has a collaboration agreement with the Polytechnic University of Madrid for academic cooperation with its PhD Program in Biomedical Engineering.<\/p>\n<p>In the <a href=\"https:\/\/masterib.es\/en\/programa-de-doctorado-en-ingenieria-biomedica-inicio\/programa-de-doctorado-en-ingenieria-biomedica-documentacion\/\" target=\"_blank\" rel=\"noopener\">documentation page<\/a> you can read the mentioned agreements.<\/p>\n<\/div>\n<\/div><\/div><div id=\"panel-gb151-69d2bcb80ebff-1-0-2\" class=\"so-panel widget_sow-simple-masonry\" data-index=\"3\" ><div\n\t\t\t\n\t\t\tclass=\"so-widget-sow-simple-masonry so-widget-sow-simple-masonry-default-d75171398898-151\"\n\t\t\t\n\t\t>\n\n<div class=\"sow-masonry-grid\"\n\tdata-layouts=\"{&quot;desktop&quot;:{&quot;numColumns&quot;:3,&quot;rowHeight&quot;:0,&quot;gutter&quot;:10},&quot;tablet&quot;:{&quot;breakPoint&quot;:768,&quot;numColumns&quot;:2,&quot;rowHeight&quot;:0,&quot;gutter&quot;:0},&quot;mobile&quot;:{&quot;breakPoint&quot;:480,&quot;numColumns&quot;:1,&quot;rowHeight&quot;:0,&quot;gutter&quot;:0}}\" data-layout-origin-left=\"true\" >\n\t\t\t\t<div class=\"sow-masonry-grid-item\" data-col-span=\"1\"\n\t\t\t\tdata-row-span=\"1\">\n\t\t\t\t\n\t\t\t\t\n\t\t\t\t<img loading=\"lazy\" decoding=\"async\" width=\"2560\" height=\"1440\" src=\"https:\/\/masterib.es\/wp-content\/uploads\/2021\/08\/foto1-scaled-e1629796761100.jpg\" class=\"sow-masonry-grid-image\" alt=\"foto1\" title=\"\" srcset=\"https:\/\/masterib.es\/wp-content\/uploads\/2021\/08\/foto1-scaled-e1629796761100.jpg 2560w, https:\/\/masterib.es\/wp-content\/uploads\/2021\/08\/foto1-scaled-e1629796761100-300x169.jpg 300w, https:\/\/masterib.es\/wp-content\/uploads\/2021\/08\/foto1-scaled-e1629796761100-1024x576.jpg 1024w, https:\/\/masterib.es\/wp-content\/uploads\/2021\/08\/foto1-scaled-e1629796761100-768x432.jpg 768w, https:\/\/masterib.es\/wp-content\/uploads\/2021\/08\/foto1-scaled-e1629796761100-1536x864.jpg 1536w, https:\/\/masterib.es\/wp-content\/uploads\/2021\/08\/foto1-scaled-e1629796761100-2048x1152.jpg 2048w, https:\/\/masterib.es\/wp-content\/uploads\/2021\/08\/foto1-scaled-e1629796761100-18x10.jpg 18w\" sizes=\"auto, (max-width: 2560px) 100vw, 2560px\" \/>\n\t\t\t\t\n\t\t\t\t\t\t\t<\/div>\n\t\t\t\t\t\t<div class=\"sow-masonry-grid-item\" data-col-span=\"1\"\n\t\t\t\tdata-row-span=\"1\">\n\t\t\t\t\n\t\t\t\t\n\t\t\t\t<img loading=\"lazy\" decoding=\"async\" width=\"2560\" height=\"1440\" src=\"https:\/\/masterib.es\/wp-content\/uploads\/2021\/08\/foto2-scaled-e1629796808639.jpg\" class=\"sow-masonry-grid-image\" alt=\"foto2\" title=\"\" srcset=\"https:\/\/masterib.es\/wp-content\/uploads\/2021\/08\/foto2-scaled-e1629796808639.jpg 2560w, https:\/\/masterib.es\/wp-content\/uploads\/2021\/08\/foto2-scaled-e1629796808639-300x169.jpg 300w, https:\/\/masterib.es\/wp-content\/uploads\/2021\/08\/foto2-scaled-e1629796808639-1024x576.jpg 1024w, https:\/\/masterib.es\/wp-content\/uploads\/2021\/08\/foto2-scaled-e1629796808639-768x432.jpg 768w, https:\/\/masterib.es\/wp-content\/uploads\/2021\/08\/foto2-scaled-e1629796808639-1536x864.jpg 1536w, https:\/\/masterib.es\/wp-content\/uploads\/2021\/08\/foto2-scaled-e1629796808639-2048x1152.jpg 2048w, https:\/\/masterib.es\/wp-content\/uploads\/2021\/08\/foto2-scaled-e1629796808639-18x10.jpg 18w\" sizes=\"auto, (max-width: 2560px) 100vw, 2560px\" \/>\n\t\t\t\t\n\t\t\t\t\t\t\t<\/div>\n\t\t\t\t\t\t<div class=\"sow-masonry-grid-item\" data-col-span=\"1\"\n\t\t\t\tdata-row-span=\"1\">\n\t\t\t\t\n\t\t\t\t\n\t\t\t\t<img loading=\"lazy\" decoding=\"async\" width=\"2560\" height=\"1440\" src=\"https:\/\/masterib.es\/wp-content\/uploads\/2021\/08\/foto3-scaled-e1629796786711.jpg\" class=\"sow-masonry-grid-image\" alt=\"foto3\" title=\"\" srcset=\"https:\/\/masterib.es\/wp-content\/uploads\/2021\/08\/foto3-scaled-e1629796786711.jpg 2560w, https:\/\/masterib.es\/wp-content\/uploads\/2021\/08\/foto3-scaled-e1629796786711-300x169.jpg 300w, https:\/\/masterib.es\/wp-content\/uploads\/2021\/08\/foto3-scaled-e1629796786711-1024x576.jpg 1024w, https:\/\/masterib.es\/wp-content\/uploads\/2021\/08\/foto3-scaled-e1629796786711-768x432.jpg 768w, https:\/\/masterib.es\/wp-content\/uploads\/2021\/08\/foto3-scaled-e1629796786711-1536x864.jpg 1536w, https:\/\/masterib.es\/wp-content\/uploads\/2021\/08\/foto3-scaled-e1629796786711-2048x1152.jpg 2048w, https:\/\/masterib.es\/wp-content\/uploads\/2021\/08\/foto3-scaled-e1629796786711-18x10.jpg 18w\" sizes=\"auto, (max-width: 2560px) 100vw, 2560px\" \/>\n\t\t\t\t\n\t\t\t\t\t\t\t<\/div>\n\t\t\t\n<\/div>\n<\/div><\/div><div id=\"panel-gb151-69d2bcb80ebff-1-0-3\" class=\"so-panel widget_sow-editor\" data-index=\"4\" ><div\n\t\t\t\n\t\t\tclass=\"so-widget-sow-editor so-widget-sow-editor-base\"\n\t\t\t\n\t\t>\n<div class=\"siteorigin-widget-tinymce textwidget\">\n\t<p>The PhD Program obtained the Quality Mention from the Ministry of Education (MCD2003-00157) from the first edition and for all of the following years: 2003, 2004, 2005, 2006, 2007, 2008, 2009, 2010. Subsequently, it obtained the Mention of Excellence (MEE2011-0509) valid for the years 2011, 2012 and 2013. In 2009 it was verified as a PhD program in accordance with RD 1393\/2007, and later in 2012 the program accreditaion was again renewed.<\/p>\n<p>In the <a href=\"https:\/\/masterib.es\/en\/programa-de-doctorado-en-ingenieria-biomedica-inicio\/programa-de-doctorado-en-ingenieria-biomedica-calidad\/\" target=\"_blank\" rel=\"noopener\">quality page<\/a> you can read the mentioned evaluations.<\/p>\n<p>In 2019, the Program obtained the renewal of the Accreditation, obtaining the qualification WITH EXCELLENCE by the\u00a0<a href=\"https:\/\/estudis.aqu.cat\/euc\/es\/Titulacions\/Fitxa?titulacioId=11336#\">AQU\u00a0<\/a>in the follow-up of 2020.<\/p>\n<p><img loading=\"lazy\" decoding=\"async\" class=\"size-full wp-image-366 aligncenter\" src=\"https:\/\/devmasterib.i3a.es\/wp-content\/uploads\/2021\/09\/aqu.png\" alt=\"aqu logo\" width=\"260\" height=\"145\" srcset=\"https:\/\/masterib.es\/wp-content\/uploads\/2021\/09\/aqu.png 260w, https:\/\/masterib.es\/wp-content\/uploads\/2021\/09\/aqu-18x10.png 18w\" sizes=\"auto, (max-width: 260px) 100vw, 260px\" \/><\/p>\n<\/div>\n<\/div><\/div><div id=\"panel-gb151-69d2bcb80ebff-1-0-4\" class=\"so-panel widget_sow-editor panel-last-child\" data-index=\"5\" ><div\n\t\t\t\n\t\t\tclass=\"so-widget-sow-editor so-widget-sow-editor-base\"\n\t\t\t\n\t\t>\n<div class=\"siteorigin-widget-tinymce textwidget\">\n\t<h4>Training<\/h4>\n<p>For those students who have completed the master's degree in Biomedical Engineering, the program will consist of carrying out and defending a doctoral thesis, as well as carrying out training activities during each year, which will be reflected in the Activities Document.<\/p>\n<p>To those students who come from other previous studies, the Academic Committee of the Doctorate Program will assign credits of complementary training from among the courses offered in the University Master's Degree in Biomedical Engineering.<\/p>\n<p>The research groups that support the program are largely linked to the\u00a0<i>Research in Biomedical Engineering\u00a0<\/i>(CREB) and the\u00a0<i>Institut de Bioenginyeria de Catalunya\u00a0<\/i>(IBEC) of the UPC and the Aragon Institute for Engineering Research (I3A) of the UZ, respectively. Many of the research groups belong to the Center for Biomedical Research in Network Bioengineering, Biomaterials and Nanomedicine (<a href=\"http:\/\/www.ciber-bbn.es\/\" target=\"_blank\" rel=\"noopener\">CIBER-BBN<\/a>) of the Center of the Carlos III Health Institute, with access to the ICTS\u00a0<a href=\"http:\/\/www.ciber-bbn.es\/plataformas\/nanbiosis-icts\" target=\"_blank\" rel=\"noopener\">NANBIOSIS<\/a>\u00a0of the CIBER-BBN.<\/p>\n<p>The program allows training in research topics by completing a doctoral thesis in any of the following fields: biomechanics and biomaterials, Tissue Engineering, mechanobiology, microfluidics, biomedical instrumentation, analysis of biomedical signals, modeling and biosystems simulation, medical robotics, medical imaging, radiation dosimetry, etc.<\/p>\n<\/div>\n<\/div><\/div><\/div><\/div><div id=\"pg-gb151-69d2bcb80ebff-2\"  class=\"panel-grid panel-has-style\" ><div class=\"panel-row-style panel-row-style-for-gb151-69d2bcb80ebff-2\" ><div id=\"pgc-gb151-69d2bcb80ebff-2-0\"  class=\"panel-grid-cell\" ><div id=\"panel-gb151-69d2bcb80ebff-2-0-0\" class=\"so-panel widget_sow-image-grid panel-first-child panel-last-child\" data-index=\"6\" ><div\n\t\t\t\n\t\t\tclass=\"so-widget-sow-image-grid so-widget-sow-image-grid-default-020dcda015db-151\"\n\t\t\t\n\t\t>\t<div\n\t\tclass=\"sow-image-grid-wrapper\"\n\t\t\t\t\t>\n\t\t\t\t\t<div class=\"sow-image-grid-image\">\n\t\t\t\t\t\t\t\t\t\t\t\t<img loading=\"lazy\" decoding=\"async\" width=\"300\" height=\"69\" src=\"https:\/\/masterib.es\/wp-content\/uploads\/2021\/08\/logo-I3A_UZ.jpg\" class=\"sow-image-grid-image_html\" alt=\"\" title=\"\" srcset=\"https:\/\/masterib.es\/wp-content\/uploads\/2021\/08\/logo-I3A_UZ.jpg 300w, https:\/\/masterib.es\/wp-content\/uploads\/2021\/08\/logo-I3A_UZ-18x4.jpg 18w\" sizes=\"auto, (max-width: 300px) 100vw, 300px\" \/>\t\t\t\t\t\t\t\t\t\t\t<\/div>\n\t\t\t\t\t<div class=\"sow-image-grid-image\">\n\t\t\t\t\t\t\t\t\t\t\t\t<img loading=\"lazy\" decoding=\"async\" width=\"241\" height=\"70\" src=\"https:\/\/masterib.es\/wp-content\/uploads\/2021\/08\/escuela-doctorado.png\" class=\"sow-image-grid-image_html\" alt=\"\" title=\"\" srcset=\"https:\/\/masterib.es\/wp-content\/uploads\/2021\/08\/escuela-doctorado.png 241w, https:\/\/masterib.es\/wp-content\/uploads\/2021\/08\/escuela-doctorado-18x5.png 18w\" sizes=\"auto, (max-width: 241px) 100vw, 241px\" \/>\t\t\t\t\t\t\t\t\t\t\t<\/div>\n\t\t\t\t\t<div class=\"sow-image-grid-image\">\n\t\t\t\t\t\t\t\t\t\t\t\t<img loading=\"lazy\" decoding=\"async\" width=\"300\" height=\"76\" src=\"https:\/\/masterib.es\/wp-content\/uploads\/2021\/08\/logoUZ-e1631512622249-300x76.png\" class=\"sow-image-grid-image_html\" alt=\"\" title=\"logoUZ\" srcset=\"https:\/\/masterib.es\/wp-content\/uploads\/2021\/08\/logoUZ-e1631512622249-300x76.png 300w, https:\/\/masterib.es\/wp-content\/uploads\/2021\/08\/logoUZ-e1631512622249-18x5.png 18w, https:\/\/masterib.es\/wp-content\/uploads\/2021\/08\/logoUZ-e1631512622249.png 585w\" sizes=\"auto, (max-width: 300px) 100vw, 300px\" \/>\t\t\t\t\t\t\t\t\t\t\t<\/div>\n\t\t\t<\/div>\n<\/div><\/div><\/div><\/div><\/div><\/div>\n\n\n<p><\/p>","protected":false},"excerpt":{"rendered":"<p>Programa de Doctorado en Ingenier\u00eda Biom\u00e9dica Inicio El programa de doctorado en Ingenier\u00eda Biom\u00e9dica est\u00e1 organizado conjuntamente por la Universidad Polit\u00e9cnica de Catalu\u00f1a y Universidad de Zaragoza. Se realiza desde el curso 2003-04 y actualmente se regula por un convenio firmado el 2 de octubre de 2020. Los estudiantes del programa se pueden matricular en &#8230; <a title=\"Programa de Doctorado en Ingenier\u00eda Biom\u00e9dica: Inicio\" class=\"read-more\" href=\"https:\/\/masterib.es\/en\/programa-de-doctorado-en-ingenieria-biomedica-inicio\/\" aria-label=\"Read more about Programa de Doctorado en Ingenier\u00eda Biom\u00e9dica: Inicio\">Read more<\/a><\/p>","protected":false},"author":1,"featured_media":0,"parent":0,"menu_order":0,"comment_status":"closed","ping_status":"closed","template":"","meta":{"_monsterinsights_skip_tracking":false,"_monsterinsights_sitenote_active":false,"_monsterinsights_sitenote_note":"","_monsterinsights_sitenote_category":0,"footnotes":""},"class_list":["post-151","page","type-page","status-publish"],"_links":{"self":[{"href":"https:\/\/masterib.es\/en\/wp-json\/wp\/v2\/pages\/151","targetHints":{"allow":["GET"]}}],"collection":[{"href":"https:\/\/masterib.es\/en\/wp-json\/wp\/v2\/pages"}],"about":[{"href":"https:\/\/masterib.es\/en\/wp-json\/wp\/v2\/types\/page"}],"author":[{"embeddable":true,"href":"https:\/\/masterib.es\/en\/wp-json\/wp\/v2\/users\/1"}],"replies":[{"embeddable":true,"href":"https:\/\/masterib.es\/en\/wp-json\/wp\/v2\/comments?post=151"}],"version-history":[{"count":18,"href":"https:\/\/masterib.es\/en\/wp-json\/wp\/v2\/pages\/151\/revisions"}],"predecessor-version":[{"id":793,"href":"https:\/\/masterib.es\/en\/wp-json\/wp\/v2\/pages\/151\/revisions\/793"}],"wp:attachment":[{"href":"https:\/\/masterib.es\/en\/wp-json\/wp\/v2\/media?parent=151"}],"curies":[{"name":"wp","href":"https:\/\/api.w.org\/{rel}","templated":true}]}}