{"id":1780,"date":"2024-10-15T06:23:59","date_gmt":"2024-10-15T06:23:59","guid":{"rendered":"https:\/\/masterib.es\/?page_id=1780"},"modified":"2024-10-15T06:23:59","modified_gmt":"2024-10-15T06:23:59","slug":"seminarios-curso-2024-25-otono","status":"publish","type":"page","link":"https:\/\/masterib.es\/en\/seminarios-curso-2024-25-otono\/","title":{"rendered":"Seminarios curso 2024-25: Oto\u00f1o"},"content":{"rendered":"<div id=\"pl-1780\"  class=\"panel-layout\" ><div id=\"pg-1780-0\"  class=\"panel-grid panel-no-style\" ><div id=\"pgc-1780-0-0\"  class=\"panel-grid-cell\" ><div id=\"panel-1780-0-0-0\" class=\"widget_text so-panel widget_custom_html panel-first-child panel-last-child\" data-index=\"0\" ><div class=\"textwidget custom-html-widget\">    <div data-options='{&quot;id&quot;:&quot;1779&quot;,&quot;lazy_load&quot;:&quot;no&quot;,&quot;masonry_enable&quot;:&quot;no&quot;,&quot;view_type&quot;:&quot;grid&quot;}' id=\"post-grid-1779\" class=\"post-grid grid\">\n        <div class=\"grid-items\">\n      <div class=\"item item-1777 skin flat even 0\">\n        <div class=\"layer-wrapper layout-750\">\n          <div class=\"layer-content element_1587187714568\"\n        id=\"\">\n        <div class=\"element element_1587187895341  title\">\n                    <a target=\"_blank\"\n                href=\"https:\/\/masterib.es\/en\/2024-10-18-12-30-h-neurotecnologia-y-salud-digital-javier-minguez-unizar-y-bitbrain\/\">2024\/10\/18 12.30 h -\u00a0Neurotecnolog\u00eda y salud digital - Javier M\u00ednguez (Unizar y Bitbrain)<\/a>\n            <\/div>\n    <div class=\"element element_1638176677754  excerpt\">\n                            <a target=\"_blank\"\n                href=\"https:\/\/masterib.es\/en\/2024-10-18-12-30-h-neurotecnologia-y-salud-digital-javier-minguez-unizar-y-bitbrain\/\">Leer m\u00e1s<\/a>\n            <\/div>\n    <\/div>\n    <\/div>\n  <\/div>    <\/div>\n          <style type=\"text\/css\">\n            .layout-750 .element_1587187714568 {\n                margin: 10px;\n                            }\n\n                    <\/style>\n        <style type=\"text\/css\">\n        .layout-750 .element_1587187895341 {\n            font-size: 18px;\n            margin: 5px 0px;\n            text-align: left;\n                    }\n\n        .layout-750 .element_1587187895341 a {\n            font-size: 18px;\n            margin: 5px 0px;\n            text-align: left;\n                    }\n    <\/style>\n    <style type=\"text\/css\">\n        .layout-750 .element_1638176677754 {\n            font-size: 15px;\n            margin: 10px 0;\n            text-align: left;\n                    }\n\n        .layout-750 .element_1638176677754 a {\n            font-size: 15px;\n                    }\n    <\/style>\n        <style type=\"text\/css\">\n      .layout-750 a{text-decoration:none}.layout-750{vertical-align:top}.layout-750 .layer-content{padding:10px}    <\/style>\n    <script>\n          <\/script>\n    <style type=\"text\/css\">\n    #post-grid-1779 {\n      padding: 0px;\n          }\n\n    #post-grid-1779 .item {\n      padding: 0px;\n      background: #e9ecef;\n          }\n\n    #post-grid-1779 .item .layer-media {\n      height:auto;    }\n\n    @media only screen and (min-width: 0px) and (max-width: 767px) {\n      #post-grid-1779 .grid-items {\n        text-align: center;\n              }\n\n      #post-grid-1779 .item {\n        width: 100%;\n        margin: 5px 0px 5px 0px;\n        display: inline-block;\n        vertical-align: top;\n        height:auto;      }\n    }\n\n    @media only screen and (min-width: 768px) and (max-width: 1023px) {\n      #post-grid-1779 .grid-items {\n        text-align: center;\n              }\n\n      #post-grid-1779 .item {\n        width: 100%;\n        margin: 5px 0px 5px 0px;\n        display: inline-block;\n        vertical-align: top;\n        max-height:auto;      }\n    }\n\n    @media only screen and (min-width: 1024px) {\n      #post-grid-1779 .grid-items {\n        text-align: center;\n              }\n\n      #post-grid-1779 .item {\n        width: 100%;\n        display: inline-block;\n        margin: 5px 0px 5px 0px;\n        vertical-align: top;\n        height:auto;      }\n    }\n\n      <\/style>\n  <\/div>\n<\/div><\/div><\/div><\/div><\/div>","protected":false},"excerpt":{"rendered":"<p>2024\/10\/18 12.30 h &#8211;\u00a0Neurotecnolog\u00eda y salud digital &#8211; Javier M\u00ednguez (Unizar y Bitbrain) Leer m\u00e1s<\/p>","protected":false},"author":1,"featured_media":0,"parent":0,"menu_order":0,"comment_status":"closed","ping_status":"closed","template":"","meta":{"_monsterinsights_skip_tracking":false,"_monsterinsights_sitenote_active":false,"_monsterinsights_sitenote_note":"","_monsterinsights_sitenote_category":0,"footnotes":""},"class_list":["post-1780","page","type-page","status-publish"],"_links":{"self":[{"href":"https:\/\/masterib.es\/en\/wp-json\/wp\/v2\/pages\/1780","targetHints":{"allow":["GET"]}}],"collection":[{"href":"https:\/\/masterib.es\/en\/wp-json\/wp\/v2\/pages"}],"about":[{"href":"https:\/\/masterib.es\/en\/wp-json\/wp\/v2\/types\/page"}],"author":[{"embeddable":true,"href":"https:\/\/masterib.es\/en\/wp-json\/wp\/v2\/users\/1"}],"replies":[{"embeddable":true,"href":"https:\/\/masterib.es\/en\/wp-json\/wp\/v2\/comments?post=1780"}],"version-history":[{"count":1,"href":"https:\/\/masterib.es\/en\/wp-json\/wp\/v2\/pages\/1780\/revisions"}],"predecessor-version":[{"id":1781,"href":"https:\/\/masterib.es\/en\/wp-json\/wp\/v2\/pages\/1780\/revisions\/1781"}],"wp:attachment":[{"href":"https:\/\/masterib.es\/en\/wp-json\/wp\/v2\/media?parent=1780"}],"curies":[{"name":"wp","href":"https:\/\/api.w.org\/{rel}","templated":true}]}}