{"id":1785,"date":"2024-10-15T11:52:53","date_gmt":"2024-10-15T11:52:53","guid":{"rendered":"https:\/\/masterib.es\/?page_id=1785"},"modified":"2024-10-15T11:52:53","modified_gmt":"2024-10-15T11:52:53","slug":"seminarios-curso-2024-25-primavera-bimestre-1","status":"publish","type":"page","link":"https:\/\/masterib.es\/en\/seminarios-curso-2024-25-primavera-bimestre-1\/","title":{"rendered":"Seminarios curso 2024-25: Primavera Bimestre 1"},"content":{"rendered":"<div id=\"pl-1785\"  class=\"panel-layout\" ><div id=\"pg-1785-0\"  class=\"panel-grid panel-no-style\" ><div id=\"pgc-1785-0-0\"  class=\"panel-grid-cell\" ><div id=\"panel-1785-0-0-0\" class=\"widget_text so-panel widget_custom_html panel-first-child panel-last-child\" data-index=\"0\" ><div class=\"textwidget custom-html-widget\">    <div data-options='{&quot;id&quot;:&quot;1783&quot;,&quot;lazy_load&quot;:&quot;no&quot;,&quot;masonry_enable&quot;:&quot;no&quot;,&quot;view_type&quot;:&quot;grid&quot;}' id=\"post-grid-1783\" class=\"post-grid grid\">\n        <div class=\"grid-items\">\n      <div class=\"item item-1851 skin flat even 0\">\n        <div class=\"layer-wrapper layout-750\">\n          <div class=\"layer-content element_1587187714568\"\n        id=\"\">\n        <div class=\"element element_1587187895341  title\">\n                    <a target=\"_blank\"\n                href=\"https:\/\/masterib.es\/en\/2025-02-19-15h-quieres-optimizar-un-protocolo-para-evaluar-la-capacidad-antibacteriana-de-una-superficie-te-cuento-mi-experiencia-luis-porta\/\">2025\/02\/19 15h -\u00a0\u00bfQuieres optimizar un protocolo para evaluar la capacidad antibacteriana de una superficie? Te cuento mi experiencia - Luis...<\/a>\n            <\/div>\n    <div class=\"element element_1638176677754  excerpt\">\n                            <a target=\"_blank\"\n                href=\"https:\/\/masterib.es\/en\/2025-02-19-15h-quieres-optimizar-un-protocolo-para-evaluar-la-capacidad-antibacteriana-de-una-superficie-te-cuento-mi-experiencia-luis-porta\/\">Leer m\u00e1s<\/a>\n            <\/div>\n    <\/div>\n    <\/div>\n  <\/div><div class=\"item item-1815 skin flat odd 1\">\n        <div class=\"layer-wrapper layout-750\">\n          <div class=\"layer-content element_1587187714568\"\n        id=\"\">\n        <div class=\"element element_1587187895341  title\">\n                    <a target=\"_blank\"\n                href=\"https:\/\/masterib.es\/en\/2025-02-19-14h-whole-organ-bioengineering-the-future-of-transplantation-medicine-pedro-baptista\/\">2025\/02\/19 14h -\u00a0Whole-Organ Bioengineering: The Future of Transplantation Medicine? - Pedro Baptista<\/a>\n            <\/div>\n    <div class=\"element element_1638176677754  excerpt\">\n                            <a target=\"_blank\"\n                href=\"https:\/\/masterib.es\/en\/2025-02-19-14h-whole-organ-bioengineering-the-future-of-transplantation-medicine-pedro-baptista\/\">Leer m\u00e1s<\/a>\n            <\/div>\n    <\/div>\n    <\/div>\n  <\/div><div class=\"item item-1836 skin flat even 2\">\n        <div class=\"layer-wrapper layout-750\">\n          <div class=\"layer-content element_1587187714568\"\n        id=\"\">\n        <div class=\"element element_1587187895341  title\">\n                    <a target=\"_blank\"\n                href=\"https:\/\/masterib.es\/en\/2025-02-12-15h-control-de-calidad-de-equipos-de-rayos-x-para-radiodiagnostico-y-equipamiento-de-medicina-nuclear-experiencia-desde-el-punto-de-vista-de-una-unidad-tecnica-de-proteccion-radiologica\/\">2025\/02\/12 15h -Control de calidad de equipos de rayos X para radiodiagn\u00f3stico y equipamiento de medicina nuclear. Experiencia desde el...<\/a>\n            <\/div>\n    <div class=\"element element_1638176677754  excerpt\">\n                            <a target=\"_blank\"\n                href=\"https:\/\/masterib.es\/en\/2025-02-12-15h-control-de-calidad-de-equipos-de-rayos-x-para-radiodiagnostico-y-equipamiento-de-medicina-nuclear-experiencia-desde-el-punto-de-vista-de-una-unidad-tecnica-de-proteccion-radiologica\/\">Leer m\u00e1s<\/a>\n            <\/div>\n    <\/div>\n    <\/div>\n  <\/div><div class=\"item item-1811 skin flat odd 3\">\n        <div class=\"layer-wrapper layout-750\">\n          <div class=\"layer-content element_1587187714568\"\n        id=\"\">\n        <div class=\"element element_1587187895341  title\">\n                    <a target=\"_blank\"\n                href=\"https:\/\/masterib.es\/en\/2024-02-12-14h-radiofisica-hospitalaria-de-residente-rfir-a-facultativo-especialista-sergio-lozares\/\">2025\/02\/12 14h - Radiof\u00edsica Hospitalaria: de Residente (RFIR) a Facultativo Especialista. Sergio Lozares y Tom\u00e1s Gonz\u00e1lez<\/a>\n            <\/div>\n    <div class=\"element element_1638176677754  excerpt\">\n                            <a target=\"_blank\"\n                href=\"https:\/\/masterib.es\/en\/2024-02-12-14h-radiofisica-hospitalaria-de-residente-rfir-a-facultativo-especialista-sergio-lozares\/\">Leer m\u00e1s<\/a>\n            <\/div>\n    <\/div>\n    <\/div>\n  <\/div><div class=\"item item-1818 skin flat even 4\">\n        <div class=\"layer-wrapper layout-750\">\n          <div class=\"layer-content element_1587187714568\"\n        id=\"\">\n        <div class=\"element element_1587187895341  title\">\n                    <a target=\"_blank\"\n                href=\"https:\/\/masterib.es\/en\/2025-02-05-15h-inteligencia-artificial-en-imagen-medica-biomarcadores-como-herramienta-para-el-diagnostico-clinico-gemma-urbanos\/\">2025\/02\/05 15h -\u00a0Inteligencia artificial en imagen m\u00e9dica: biomarcadores como herramienta para el diagn\u00f3stico cl\u00ednico - Gemma Urbanos<\/a>\n            <\/div>\n    <div class=\"element element_1638176677754  excerpt\">\n                            <a target=\"_blank\"\n                href=\"https:\/\/masterib.es\/en\/2025-02-05-15h-inteligencia-artificial-en-imagen-medica-biomarcadores-como-herramienta-para-el-diagnostico-clinico-gemma-urbanos\/\">Leer m\u00e1s<\/a>\n            <\/div>\n    <\/div>\n    <\/div>\n  <\/div><div class=\"item item-1827 skin flat odd 5\">\n        <div class=\"layer-wrapper layout-750\">\n          <div class=\"layer-content element_1587187714568\"\n        id=\"\">\n        <div class=\"element element_1587187895341  title\">\n                    <a target=\"_blank\"\n                href=\"https:\/\/masterib.es\/en\/2025-02-05-14h-impact-of-the-tissue-environment-on-lymphatic-vessel-functionality-alejandra-gonzalez\/\">2025\/02\/05 14h -\u00a0Impact of the tissue environment on lymphatic vessel functionality -Alejandra Gonz\u00e1lez<\/a>\n            <\/div>\n    <div class=\"element element_1638176677754  excerpt\">\n                            <a target=\"_blank\"\n                href=\"https:\/\/masterib.es\/en\/2025-02-05-14h-impact-of-the-tissue-environment-on-lymphatic-vessel-functionality-alejandra-gonzalez\/\">Leer m\u00e1s<\/a>\n            <\/div>\n    <\/div>\n    <\/div>\n  <\/div><div class=\"item item-1842 skin flat even 6\">\n        <div class=\"layer-wrapper layout-750\">\n          <div class=\"layer-content element_1587187714568\"\n        id=\"\">\n        <div class=\"element element_1587187895341  title\">\n                    <a target=\"_blank\"\n                href=\"https:\/\/masterib.es\/en\/2025-01-28-15h-interfaces-neuronales-en-neurorehabilitacion-alejandro-pascual\/\">2025\/01\/28 15h -\u00a0Interfaces neuronales en neurorehabilitaci\u00f3n - Alejandro Pascual<\/a>\n            <\/div>\n    <div class=\"element element_1638176677754  excerpt\">\n                            <a target=\"_blank\"\n                href=\"https:\/\/masterib.es\/en\/2025-01-28-15h-interfaces-neuronales-en-neurorehabilitacion-alejandro-pascual\/\">Leer m\u00e1s<\/a>\n            <\/div>\n    <\/div>\n    <\/div>\n  <\/div><div class=\"item item-1833 skin flat odd 7\">\n        <div class=\"layer-wrapper layout-750\">\n          <div class=\"layer-content element_1587187714568\"\n        id=\"\">\n        <div class=\"element element_1587187895341  title\">\n                    <a target=\"_blank\"\n                href=\"https:\/\/masterib.es\/en\/2025-01-28-15h-ingenieria-biomedica-para-la-deteccion-precoz-de-enfermedades-oculares-alejandra-consejo\/\">2025\/01\/28 14h -\u00a0Ingenier\u00eda biom\u00e9dica para la detecci\u00f3n precoz de enfermedades oculares - Alejandra Consejo<\/a>\n            <\/div>\n    <div class=\"element element_1638176677754  excerpt\">\n                            <a target=\"_blank\"\n                href=\"https:\/\/masterib.es\/en\/2025-01-28-15h-ingenieria-biomedica-para-la-deteccion-precoz-de-enfermedades-oculares-alejandra-consejo\/\">Leer m\u00e1s<\/a>\n            <\/div>\n    <\/div>\n    <\/div>\n  <\/div><div class=\"item item-1775 skin flat even 8\">\n        <div class=\"layer-wrapper layout-750\">\n          <div class=\"layer-content element_1587187714568\"\n        id=\"\">\n        <div class=\"element element_1587187895341  title\">\n                    <a target=\"_blank\"\n                href=\"https:\/\/masterib.es\/en\/2025-01-22-14h-el-mundo-de-la-salud-junto-a-la-fabricacion-aditiva-una-trayectoria-personal-desde-la-eina-al-mundo-sanitario-y-deportivo-ignacio-colom\/\">2025\/01\/22 14h - El mundo de la salud junto a la fabricaci\u00f3n aditiva. Una trayectoria personal desde la EINA al...<\/a>\n            <\/div>\n    <div class=\"element element_1638176677754  excerpt\">\n                            <a target=\"_blank\"\n                href=\"https:\/\/masterib.es\/en\/2025-01-22-14h-el-mundo-de-la-salud-junto-a-la-fabricacion-aditiva-una-trayectoria-personal-desde-la-eina-al-mundo-sanitario-y-deportivo-ignacio-colom\/\">Leer m\u00e1s<\/a>\n            <\/div>\n    <\/div>\n    <\/div>\n  <\/div>    <\/div>\n          <style type=\"text\/css\">\n            .layout-750 .element_1587187714568 {\n                margin: 10px;\n                            }\n\n                    <\/style>\n        <style type=\"text\/css\">\n        .layout-750 .element_1587187895341 {\n            font-size: 18px;\n            margin: 5px 0px;\n            text-align: left;\n                    }\n\n        .layout-750 .element_1587187895341 a {\n            font-size: 18px;\n            margin: 5px 0px;\n            text-align: left;\n                    }\n    <\/style>\n    <style type=\"text\/css\">\n        .layout-750 .element_1638176677754 {\n            font-size: 15px;\n            margin: 10px 0;\n            text-align: left;\n                    }\n\n        .layout-750 .element_1638176677754 a {\n            font-size: 15px;\n                    }\n    <\/style>\n        <style type=\"text\/css\">\n      .layout-750 a{text-decoration:none}.layout-750{vertical-align:top}.layout-750 .layer-content{padding:10px}    <\/style>\n    <script>\n          <\/script>\n    <style type=\"text\/css\">\n    #post-grid-1783 {\n      padding: 0px;\n          }\n\n    #post-grid-1783 .item {\n      padding: 0px;\n      background: #e9ecef;\n          }\n\n    #post-grid-1783 .item .layer-media {\n      height:auto;    }\n\n    @media only screen and (min-width: 0px) and (max-width: 767px) {\n      #post-grid-1783 .grid-items {\n        text-align: center;\n              }\n\n      #post-grid-1783 .item {\n        width: 100%;\n        margin: 5px 0px 5px 0px;\n        display: inline-block;\n        vertical-align: top;\n        height:auto;      }\n    }\n\n    @media only screen and (min-width: 768px) and (max-width: 1023px) {\n      #post-grid-1783 .grid-items {\n        text-align: center;\n              }\n\n      #post-grid-1783 .item {\n        width: 100%;\n        margin: 5px 0px 5px 0px;\n        display: inline-block;\n        vertical-align: top;\n        max-height:auto;      }\n    }\n\n    @media only screen and (min-width: 1024px) {\n      #post-grid-1783 .grid-items {\n        text-align: center;\n              }\n\n      #post-grid-1783 .item {\n        width: 100%;\n        display: inline-block;\n        margin: 5px 0px 5px 0px;\n        vertical-align: top;\n        height:auto;      }\n    }\n\n      <\/style>\n  <\/div>\n<\/div><\/div><\/div><\/div><\/div>","protected":false},"excerpt":{"rendered":"<p>2025\/02\/19 15h &#8211;\u00a0\u00bfQuieres optimizar un protocolo para evaluar la capacidad antibacteriana de una superficie? Te cuento mi experiencia &#8211; Luis&#8230; Leer m\u00e1s 2025\/02\/19 14h &#8211;\u00a0Whole-Organ Bioengineering: The Future of Transplantation Medicine? &#8211; Pedro Baptista Leer m\u00e1s 2025\/02\/12 15h -Control de calidad de equipos de rayos X para radiodiagn\u00f3stico y equipamiento de medicina nuclear. Experiencia desde &#8230; <a title=\"Seminarios curso 2024-25: Primavera Bimestre 1\" class=\"read-more\" href=\"https:\/\/masterib.es\/en\/seminarios-curso-2024-25-primavera-bimestre-1\/\" aria-label=\"Read more about Seminarios curso 2024-25: Primavera Bimestre 1\">Read more<\/a><\/p>","protected":false},"author":1,"featured_media":0,"parent":0,"menu_order":0,"comment_status":"closed","ping_status":"closed","template":"","meta":{"_monsterinsights_skip_tracking":false,"_monsterinsights_sitenote_active":false,"_monsterinsights_sitenote_note":"","_monsterinsights_sitenote_category":0,"footnotes":""},"class_list":["post-1785","page","type-page","status-publish"],"_links":{"self":[{"href":"https:\/\/masterib.es\/en\/wp-json\/wp\/v2\/pages\/1785","targetHints":{"allow":["GET"]}}],"collection":[{"href":"https:\/\/masterib.es\/en\/wp-json\/wp\/v2\/pages"}],"about":[{"href":"https:\/\/masterib.es\/en\/wp-json\/wp\/v2\/types\/page"}],"author":[{"embeddable":true,"href":"https:\/\/masterib.es\/en\/wp-json\/wp\/v2\/users\/1"}],"replies":[{"embeddable":true,"href":"https:\/\/masterib.es\/en\/wp-json\/wp\/v2\/comments?post=1785"}],"version-history":[{"count":1,"href":"https:\/\/masterib.es\/en\/wp-json\/wp\/v2\/pages\/1785\/revisions"}],"predecessor-version":[{"id":1786,"href":"https:\/\/masterib.es\/en\/wp-json\/wp\/v2\/pages\/1785\/revisions\/1786"}],"wp:attachment":[{"href":"https:\/\/masterib.es\/en\/wp-json\/wp\/v2\/media?parent=1785"}],"curies":[{"name":"wp","href":"https:\/\/api.w.org\/{rel}","templated":true}]}}