{"id":1787,"date":"2024-10-15T11:53:29","date_gmt":"2024-10-15T11:53:29","guid":{"rendered":"https:\/\/masterib.es\/?page_id=1787"},"modified":"2024-10-15T11:53:29","modified_gmt":"2024-10-15T11:53:29","slug":"seminarios-curso-2024-25-primavera-bimestre-2","status":"publish","type":"page","link":"https:\/\/masterib.es\/en\/seminarios-curso-2024-25-primavera-bimestre-2\/","title":{"rendered":"Seminarios curso 2024-25: Primavera Bimestre 2"},"content":{"rendered":"<div id=\"pl-1787\"  class=\"panel-layout\" ><div id=\"pg-1787-0\"  class=\"panel-grid panel-no-style\" ><div id=\"pgc-1787-0-0\"  class=\"panel-grid-cell\" ><div id=\"panel-1787-0-0-0\" class=\"widget_text so-panel widget_custom_html panel-first-child panel-last-child\" data-index=\"0\" ><div class=\"textwidget custom-html-widget\">    <div data-options='{&quot;id&quot;:&quot;1784&quot;,&quot;lazy_load&quot;:&quot;no&quot;,&quot;masonry_enable&quot;:&quot;no&quot;,&quot;view_type&quot;:&quot;grid&quot;}' id=\"post-grid-1784\" class=\"post-grid grid\">\n        <div class=\"grid-items\">\n      <div class=\"item item-1901 skin flat even 0\">\n        <div class=\"layer-wrapper layout-750\">\n          <div class=\"layer-content element_1587187714568\"\n        id=\"\">\n        <div class=\"element element_1587187895341  title\">\n                    <a target=\"_blank\"\n                href=\"https:\/\/masterib.es\/en\/2025-05-21-14h-modelling-human-tissue-responses-using-3d-epithelioids-david-fernandez-antoran\/\">2025\/05\/21 14h - Modelling human tissue responses using 3D epithelioids - David Fern\u00e1ndez Antor\u00e1n<\/a>\n            <\/div>\n    <div class=\"element element_1638176677754  excerpt\">\n                            <a target=\"_blank\"\n                href=\"https:\/\/masterib.es\/en\/2025-05-21-14h-modelling-human-tissue-responses-using-3d-epithelioids-david-fernandez-antoran\/\">Leer m\u00e1s<\/a>\n            <\/div>\n    <\/div>\n    <\/div>\n  <\/div><div class=\"item item-1897 skin flat odd 1\">\n        <div class=\"layer-wrapper layout-750\">\n          <div class=\"layer-content element_1587187714568\"\n        id=\"\">\n        <div class=\"element element_1587187895341  title\">\n                    <a target=\"_blank\"\n                href=\"https:\/\/masterib.es\/en\/2024-05-14-12h-dinamizacion-e-innovacion-de-las-capacidades-industriales-en-salud-lluis-blanch\/\">2025\/05\/14 12h - Dinamizaci\u00f3n e Innovaci\u00f3n de las capacidades industriales en Salud - Llu\u00eds Blanch<\/a>\n            <\/div>\n    <div class=\"element element_1638176677754  excerpt\">\n                            <a target=\"_blank\"\n                href=\"https:\/\/masterib.es\/en\/2024-05-14-12h-dinamizacion-e-innovacion-de-las-capacidades-industriales-en-salud-lluis-blanch\/\">Leer m\u00e1s<\/a>\n            <\/div>\n    <\/div>\n    <\/div>\n  <\/div><div class=\"item item-1891 skin flat even 2\">\n        <div class=\"layer-wrapper layout-750\">\n          <div class=\"layer-content element_1587187714568\"\n        id=\"\">\n        <div class=\"element element_1587187895341  title\">\n                    <a target=\"_blank\"\n                href=\"https:\/\/masterib.es\/en\/2025-05-07-14h-la-investigacion-en-la-industria-un-viaje-por-el-desarrollo-de-un-producto-de-diagnostico-in-vitro-laura-de-matteis-operon\/\">2025\/05\/07 14h -\u00a0La investigaci\u00f3n en la industria: un viaje por el desarrollo de un producto de diagn\u00f3stico in vitro -...<\/a>\n            <\/div>\n    <div class=\"element element_1638176677754  excerpt\">\n                            <a target=\"_blank\"\n                href=\"https:\/\/masterib.es\/en\/2025-05-07-14h-la-investigacion-en-la-industria-un-viaje-por-el-desarrollo-de-un-producto-de-diagnostico-in-vitro-laura-de-matteis-operon\/\">Leer m\u00e1s<\/a>\n            <\/div>\n    <\/div>\n    <\/div>\n  <\/div><div class=\"item item-1880 skin flat odd 3\">\n        <div class=\"layer-wrapper layout-750\">\n          <div class=\"layer-content element_1587187714568\"\n        id=\"\">\n        <div class=\"element element_1587187895341  title\">\n                    <a target=\"_blank\"\n                href=\"https:\/\/masterib.es\/en\/2025-04-30-15h-aplicaciones-de-monitorizacion-de-enfermedades-cronicas-mediante-wearables-pablo-armanac-y-diego-cajal\/\">2025\/04\/30 15h -\u00a0Aplicaciones de monitorizaci\u00f3n de enfermedades cr\u00f3nicas mediante wearables - Pablo Arma\u00f1ac y Diego Cajal<\/a>\n            <\/div>\n    <div class=\"element element_1638176677754  excerpt\">\n                            <a target=\"_blank\"\n                href=\"https:\/\/masterib.es\/en\/2025-04-30-15h-aplicaciones-de-monitorizacion-de-enfermedades-cronicas-mediante-wearables-pablo-armanac-y-diego-cajal\/\">Leer m\u00e1s<\/a>\n            <\/div>\n    <\/div>\n    <\/div>\n  <\/div><div class=\"item item-1885 skin flat even 4\">\n        <div class=\"layer-wrapper layout-750\">\n          <div class=\"layer-content element_1587187714568\"\n        id=\"\">\n        <div class=\"element element_1587187895341  title\">\n                    <a target=\"_blank\"\n                href=\"https:\/\/masterib.es\/en\/2025-04-30-14h-nanoparticles-for-biomedical-applications-maria-moros-caballero\/\">2025\/04\/30 14h -\u00a0Magnetic nanoparticles as smart materials to target and activate mechanoreceptors - Mar\u00eda Moros Caballero<\/a>\n            <\/div>\n    <div class=\"element element_1638176677754  excerpt\">\n                            <a target=\"_blank\"\n                href=\"https:\/\/masterib.es\/en\/2025-04-30-14h-nanoparticles-for-biomedical-applications-maria-moros-caballero\/\">Leer m\u00e1s<\/a>\n            <\/div>\n    <\/div>\n    <\/div>\n  <\/div><div class=\"item item-1877 skin flat odd 5\">\n        <div class=\"layer-wrapper layout-750\">\n          <div class=\"layer-content element_1587187714568\"\n        id=\"\">\n        <div class=\"element element_1587187895341  title\">\n                    <a target=\"_blank\"\n                href=\"https:\/\/masterib.es\/en\/2025-04-29-16h-radiaciones-ionizantes-en-el-diagnostico-y-tratamiento-de-enfermedades-pablo-ortega-pardina\/\">2025\/04\/29 16h -\u00a0Radiaciones Ionizantes en el diagn\u00f3stico y tratamiento de enfermedades - Pablo Ortega Pardina<\/a>\n            <\/div>\n    <div class=\"element element_1638176677754  excerpt\">\n                            <a target=\"_blank\"\n                href=\"https:\/\/masterib.es\/en\/2025-04-29-16h-radiaciones-ionizantes-en-el-diagnostico-y-tratamiento-de-enfermedades-pablo-ortega-pardina\/\">Leer m\u00e1s<\/a>\n            <\/div>\n    <\/div>\n    <\/div>\n  <\/div><div class=\"item item-1873 skin flat even 6\">\n        <div class=\"layer-wrapper layout-750\">\n          <div class=\"layer-content element_1587187714568\"\n        id=\"\">\n        <div class=\"element element_1587187895341  title\">\n                    <a target=\"_blank\"\n                href=\"https:\/\/masterib.es\/en\/2025-04-09-14h-del-sensor-al-diagnostico-como-la-ia-transforma-la-deteccion-temprana-de-enfermedades-cardiovasculares-patricia-gomez-valiente\/\">2025\/04\/09 14h - Del sensor al diagn\u00f3stico: c\u00f3mo la IA transforma la detecci\u00f3n temprana de enfermedades cardiovasculares - Patricia G\u00f3mez...<\/a>\n            <\/div>\n    <div class=\"element element_1638176677754  excerpt\">\n                            <a target=\"_blank\"\n                href=\"https:\/\/masterib.es\/en\/2025-04-09-14h-del-sensor-al-diagnostico-como-la-ia-transforma-la-deteccion-temprana-de-enfermedades-cardiovasculares-patricia-gomez-valiente\/\">Leer m\u00e1s<\/a>\n            <\/div>\n    <\/div>\n    <\/div>\n  <\/div><div class=\"item item-1867 skin flat odd 7\">\n        <div class=\"layer-wrapper layout-750\">\n          <div class=\"layer-content element_1587187714568\"\n        id=\"\">\n        <div class=\"element element_1587187895341  title\">\n                    <a target=\"_blank\"\n                href=\"https:\/\/masterib.es\/en\/2025-04-02-14h-innovar-para-curar-el-viaje-de-corify-care-desde-la-investigacion-hasta-el-paciente-andreu-m-climent\/\">2025\/04\/02 14h - Innovar para curar: el viaje de Corify Care desde la investigaci\u00f3n hasta el paciente - Andreu M....<\/a>\n            <\/div>\n    <div class=\"element element_1638176677754  excerpt\">\n                            <a target=\"_blank\"\n                href=\"https:\/\/masterib.es\/en\/2025-04-02-14h-innovar-para-curar-el-viaje-de-corify-care-desde-la-investigacion-hasta-el-paciente-andreu-m-climent\/\">Leer m\u00e1s<\/a>\n            <\/div>\n    <\/div>\n    <\/div>\n  <\/div><div class=\"item item-1824 skin flat even 8\">\n        <div class=\"layer-wrapper layout-750\">\n          <div class=\"layer-content element_1587187714568\"\n        id=\"\">\n        <div class=\"element element_1587187895341  title\">\n                    <a target=\"_blank\"\n                href=\"https:\/\/masterib.es\/en\/2025-03-26-14h-experiencia-personal-de-emprendimiento-en-ingenieria-biomedica-pedro-moreo-calvo\/\">2025\/03\/26 14h -\u00a0Experiencia personal de emprendimiento en ingenier\u00eda biom\u00e9dica - Pedro Moreo Calvo<\/a>\n            <\/div>\n    <div class=\"element element_1638176677754  excerpt\">\n                            <a target=\"_blank\"\n                href=\"https:\/\/masterib.es\/en\/2025-03-26-14h-experiencia-personal-de-emprendimiento-en-ingenieria-biomedica-pedro-moreo-calvo\/\">Leer m\u00e1s<\/a>\n            <\/div>\n    <\/div>\n    <\/div>\n  <\/div>    <\/div>\n          <style type=\"text\/css\">\n            .layout-750 .element_1587187714568 {\n                margin: 10px;\n                            }\n\n                    <\/style>\n        <style type=\"text\/css\">\n        .layout-750 .element_1587187895341 {\n            font-size: 18px;\n            margin: 5px 0px;\n            text-align: left;\n                    }\n\n        .layout-750 .element_1587187895341 a {\n            font-size: 18px;\n            margin: 5px 0px;\n            text-align: left;\n                    }\n    <\/style>\n    <style type=\"text\/css\">\n        .layout-750 .element_1638176677754 {\n            font-size: 15px;\n            margin: 10px 0;\n            text-align: left;\n                    }\n\n        .layout-750 .element_1638176677754 a {\n            font-size: 15px;\n                    }\n    <\/style>\n        <style type=\"text\/css\">\n      .layout-750 a{text-decoration:none}.layout-750{vertical-align:top}.layout-750 .layer-content{padding:10px}    <\/style>\n    <script>\n          <\/script>\n    <style type=\"text\/css\">\n    #post-grid-1784 {\n      padding: 0px;\n          }\n\n    #post-grid-1784 .item {\n      padding: 0px;\n      background: #e9ecef;\n          }\n\n    #post-grid-1784 .item .layer-media {\n      height:auto;    }\n\n    @media only screen and (min-width: 0px) and (max-width: 767px) {\n      #post-grid-1784 .grid-items {\n        text-align: center;\n              }\n\n      #post-grid-1784 .item {\n        width: 100%;\n        margin: 5px 0px 5px 0px;\n        display: inline-block;\n        vertical-align: top;\n        height:auto;      }\n    }\n\n    @media only screen and (min-width: 768px) and (max-width: 1023px) {\n      #post-grid-1784 .grid-items {\n        text-align: center;\n              }\n\n      #post-grid-1784 .item {\n        width: 100%;\n        margin: 5px 0px 5px 0px;\n        display: inline-block;\n        vertical-align: top;\n        max-height:auto;      }\n    }\n\n    @media only screen and (min-width: 1024px) {\n      #post-grid-1784 .grid-items {\n        text-align: center;\n              }\n\n      #post-grid-1784 .item {\n        width: 100%;\n        display: inline-block;\n        margin: 5px 0px 5px 0px;\n        vertical-align: top;\n        height:auto;      }\n    }\n\n      <\/style>\n  <\/div>\n<\/div><\/div><\/div><\/div><\/div>","protected":false},"excerpt":{"rendered":"<p>2025\/05\/21 14h &#8211; Modelling human tissue responses using 3D epithelioids &#8211; David Fern\u00e1ndez Antor\u00e1n Leer m\u00e1s 2025\/05\/14 12h &#8211; Dinamizaci\u00f3n e Innovaci\u00f3n de las capacidades industriales en Salud &#8211; Llu\u00eds Blanch Leer m\u00e1s 2025\/05\/07 14h &#8211;\u00a0La investigaci\u00f3n en la industria: un viaje por el desarrollo de un producto de diagn\u00f3stico in vitro -&#8230; Leer m\u00e1s &#8230; <a title=\"Seminarios curso 2024-25: Primavera Bimestre 2\" class=\"read-more\" href=\"https:\/\/masterib.es\/en\/seminarios-curso-2024-25-primavera-bimestre-2\/\" aria-label=\"Read more about Seminarios curso 2024-25: Primavera Bimestre 2\">Read more<\/a><\/p>","protected":false},"author":1,"featured_media":0,"parent":0,"menu_order":0,"comment_status":"closed","ping_status":"closed","template":"","meta":{"_monsterinsights_skip_tracking":false,"_monsterinsights_sitenote_active":false,"_monsterinsights_sitenote_note":"","_monsterinsights_sitenote_category":0,"footnotes":""},"class_list":["post-1787","page","type-page","status-publish"],"_links":{"self":[{"href":"https:\/\/masterib.es\/en\/wp-json\/wp\/v2\/pages\/1787","targetHints":{"allow":["GET"]}}],"collection":[{"href":"https:\/\/masterib.es\/en\/wp-json\/wp\/v2\/pages"}],"about":[{"href":"https:\/\/masterib.es\/en\/wp-json\/wp\/v2\/types\/page"}],"author":[{"embeddable":true,"href":"https:\/\/masterib.es\/en\/wp-json\/wp\/v2\/users\/1"}],"replies":[{"embeddable":true,"href":"https:\/\/masterib.es\/en\/wp-json\/wp\/v2\/comments?post=1787"}],"version-history":[{"count":1,"href":"https:\/\/masterib.es\/en\/wp-json\/wp\/v2\/pages\/1787\/revisions"}],"predecessor-version":[{"id":1788,"href":"https:\/\/masterib.es\/en\/wp-json\/wp\/v2\/pages\/1787\/revisions\/1788"}],"wp:attachment":[{"href":"https:\/\/masterib.es\/en\/wp-json\/wp\/v2\/media?parent=1787"}],"curies":[{"name":"wp","href":"https:\/\/api.w.org\/{rel}","templated":true}]}}