{"id":185,"date":"2021-08-26T08:51:10","date_gmt":"2021-08-26T08:51:10","guid":{"rendered":"https:\/\/devmasterib.i3a.es\/?page_id=185"},"modified":"2024-07-22T09:23:50","modified_gmt":"2024-07-22T09:23:50","slug":"master-universitario-en-ingenieria-biomedica-contacto","status":"publish","type":"page","link":"https:\/\/masterib.es\/en\/master-universitario-en-ingenieria-biomedica-inicio\/master-universitario-en-ingenieria-biomedica-contacto\/","title":{"rendered":"M\u00e1ster Universitario en Ingenier\u00eda Biom\u00e9dica: Contacto"},"content":{"rendered":"<div id=\"pl-gb185-69e8d42479d03\"  class=\"panel-layout wp-block-siteorigin-panels-layout-block\" ><div id=\"pg-gb185-69e8d42479d03-0\"  class=\"panel-grid panel-no-style\" ><div id=\"pgc-gb185-69e8d42479d03-0-0\"  class=\"panel-grid-cell\" ><div id=\"panel-gb185-69e8d42479d03-0-0-0\" class=\"so-panel widget_sow-editor panel-first-child panel-last-child\" data-index=\"0\" ><div class=\"color-master panel-widget-style panel-widget-style-for-gb185-69e8d42479d03-0-0-0\" ><div\n\t\t\t\n\t\t\tclass=\"so-widget-sow-editor so-widget-sow-editor-base\"\n\t\t\t\n\t\t>\n<div class=\"siteorigin-widget-tinymce textwidget\">\n\t<h1>Master of Biomedical Engineering<\/h1>\n<h3>Contact<\/h3>\n<\/div>\n<\/div><\/div><\/div><\/div><\/div><div id=\"pg-gb185-69e8d42479d03-1\"  class=\"panel-grid panel-no-style\" ><div id=\"pgc-gb185-69e8d42479d03-1-0\"  class=\"panel-grid-cell\" ><div id=\"panel-gb185-69e8d42479d03-1-0-0\" class=\"so-panel widget_sow-headline panel-first-child panel-last-child\" data-index=\"1\" ><div\n\t\t\t\n\t\t\tclass=\"so-widget-sow-headline so-widget-sow-headline-default-eb58c90b4a68-185\"\n\t\t\t\n\t\t><div class=\"sow-headline-container\">\n\t\t\t\t\t\t<div class=\"decoration\">\n\t\t\t\t\t\t<div class=\"decoration-inside\"><\/div>\n\t\t\t\t\t<\/div>\n\t\t\t\t\t<\/div>\n<\/div><\/div><\/div><\/div><div id=\"pg-gb185-69e8d42479d03-2\"  class=\"panel-grid panel-no-style\" ><div id=\"pgc-gb185-69e8d42479d03-2-0\"  class=\"panel-grid-cell\" ><div id=\"panel-gb185-69e8d42479d03-2-0-0\" class=\"so-panel widget_sow-features panel-first-child panel-last-child\" data-index=\"2\" ><div\n\t\t\t\n\t\t\tclass=\"so-widget-sow-features so-widget-sow-features-default-8d6a3229b3be-185\"\n\t\t\t\n\t\t><ul\n\tclass=\"sow-features-list\tsow-features-responsive\">\n\n\t\t\t<li\n\t\t\tclass=\"sow-features-feature sow-icon-container-position-top\"\n\t\t\tstyle=\"display: flex; flex-direction: column; width: calc(50% - 25px);\"\n\t\t>\n\t\t\t\n\t\t\t\t\t\t<div\t\t\t\tclass=\"sow-icon-container sow-container-round\"\n\t\t\t\tstyle=\"color: #009f9d; \"\n\t\t\t\ttitle=\"Raquel Bail\u00f3n Luesma\"\n\t\t\t\t\t\t\t>\n\t\t\t\t<span class=\"sow-icon-fontawesome sow-far\" data-sow-icon=\"&#xf007;\"\n\t\tstyle=\"font-size: 24px; color: #FFFFFF\" \n\t\taria-hidden=\"true\"><\/span>\t\t\t<\/div>\n\n\t\t\t<div class=\"textwidget\">\n\t\t\t\t\n\t\t\t\t\t\t\t\t\t<h4 class=\"sow-features-feature-title\">\n\t\t\t\t\t\tRaquel Bail\u00f3n Luesma\t\t\t\t\t<\/h4>\n\t\t\t\t\n\t\t\t\t\t\t\t\t\t<div class=\"sow-features-feature-text\">\n\t\t\t\t\t<h5>Coordinator of the Master's Degree in Biomedical Engineering<\/h5>\n<p>I3A &#8211; Campus Rio Ebro, Ed. I+D C\/ Mariano Esquillor, s\/n 50018 Zaragoza (SPAIN)<\/p>\n<p>Tel: +34 976 762876<\/p>\n<p>E-mail: <a href=\"mailto:coordinamuib@unizar.es\">coordinamuib@unizar.es<\/a><\/p>\n<hr \/>\n<p>&nbsp;<\/p>\n\t\t\t\t\t<\/div>\n\t\t\t\t\t\t\t\t<\/div>\n\t\t\t\t\t\t\t\t<\/li>\n\n\t\t\t<li\n\t\t\tclass=\"sow-features-feature sow-icon-container-position-top\"\n\t\t\tstyle=\"display: flex; flex-direction: column; width: calc(50% - 25px);\"\n\t\t>\n\t\t\t\n\t\t\t\t\t\t<div\t\t\t\tclass=\"sow-icon-container sow-container-round\"\n\t\t\t\tstyle=\"color: #009f9d; \"\n\t\t\t\ttitle=\"Administrative Issues\"\n\t\t\t\t\t\t\t>\n\t\t\t\t<span class=\"sow-icon-fontawesome sow-far\" data-sow-icon=\"&#xf007;\"\n\t\tstyle=\"font-size: 24px; color: #FFFFFF\" \n\t\taria-hidden=\"true\"><\/span>\t\t\t<\/div>\n\n\t\t\t<div class=\"textwidget\">\n\t\t\t\t\n\t\t\t\t\t\t\t\t\t<h4 class=\"sow-features-feature-title\">\n\t\t\t\t\t\tAdministrative Issues\t\t\t\t\t<\/h4>\n\t\t\t\t\n\t\t\t\t\t\t\t\t\t<div class=\"sow-features-feature-text\">\n\t\t\t\t\t<h5>Secretary of EINA<\/h5>\n<p>EINA &#8211; Campus Rio Ebro, Ed. Edificio Torres Quevedo: planta baja, s\/n 50018 Zaragoza (SPAIN)<\/p>\n<p>Tel: (+34) 876555194, 876555017, 876555014 y 976761864<\/p>\n<p>E-mail: <a href=\"mailto:seceina@unizar.es\">seceina@unizar.es<\/a><\/p>\n<hr \/>\n<p>&nbsp;<\/p>\n\t\t\t\t\t<\/div>\n\t\t\t\t\t\t\t\t<\/div>\n\t\t\t\t\t\t\t\t<\/li>\n\n\t<\/ul>\n<\/div><\/div><\/div><\/div><div id=\"pg-gb185-69e8d42479d03-3\"  class=\"panel-grid panel-has-style\" ><div class=\"panel-row-style panel-row-style-for-gb185-69e8d42479d03-3\" ><div id=\"pgc-gb185-69e8d42479d03-3-0\"  class=\"panel-grid-cell\" ><div id=\"panel-gb185-69e8d42479d03-3-0-0\" class=\"so-panel widget_sow-image-grid panel-first-child panel-last-child\" data-index=\"3\" ><div\n\t\t\t\n\t\t\tclass=\"so-widget-sow-image-grid so-widget-sow-image-grid-default-05d5aea4f10c-185\"\n\t\t\t\n\t\t>\t<div\n\t\tclass=\"sow-image-grid-wrapper\"\n\t\t\t\tdata-max-height=\"70\"\t>\n\t\t\t\t\t<div class=\"sow-image-grid-image\">\n\t\t\t\t\t\t\t\t\t\t\t\t<img loading=\"lazy\" decoding=\"async\" width=\"200\" height=\"101\" src=\"https:\/\/masterib.es\/wp-content\/uploads\/2021\/09\/nuevo-logo-inma.png\" class=\"sow-image-grid-image_html\" alt=\"\" title=\"\" srcset=\"https:\/\/masterib.es\/wp-content\/uploads\/2021\/09\/nuevo-logo-inma.png 200w, https:\/\/masterib.es\/wp-content\/uploads\/2021\/09\/nuevo-logo-inma-18x9.png 18w\" sizes=\"auto, (max-width: 200px) 100vw, 200px\" \/>\t\t\t\t\t\t\t\t\t\t\t<\/div>\n\t\t\t\t\t<div class=\"sow-image-grid-image\">\n\t\t\t\t\t\t\t\t\t\t\t\t<img loading=\"lazy\" decoding=\"async\" width=\"300\" height=\"69\" src=\"https:\/\/masterib.es\/wp-content\/uploads\/2021\/08\/logo-I3A_UZ.jpg\" class=\"sow-image-grid-image_html\" alt=\"\" title=\"\" srcset=\"https:\/\/masterib.es\/wp-content\/uploads\/2021\/08\/logo-I3A_UZ.jpg 300w, https:\/\/masterib.es\/wp-content\/uploads\/2021\/08\/logo-I3A_UZ-18x4.jpg 18w\" sizes=\"auto, (max-width: 300px) 100vw, 300px\" \/>\t\t\t\t\t\t\t\t\t\t\t<\/div>\n\t\t\t\t\t<div class=\"sow-image-grid-image\">\n\t\t\t\t\t\t\t\t\t\t\t\t<img loading=\"lazy\" decoding=\"async\" width=\"300\" height=\"86\" src=\"https:\/\/masterib.es\/wp-content\/uploads\/2021\/08\/eina-logo-300x86.png\" class=\"sow-image-grid-image_html\" alt=\"\" title=\"\" srcset=\"https:\/\/masterib.es\/wp-content\/uploads\/2021\/08\/eina-logo-300x86.png 300w, https:\/\/masterib.es\/wp-content\/uploads\/2021\/08\/eina-logo-768x219.png 768w, https:\/\/masterib.es\/wp-content\/uploads\/2021\/08\/eina-logo-18x5.png 18w, https:\/\/masterib.es\/wp-content\/uploads\/2021\/08\/eina-logo.png 1024w\" sizes=\"auto, (max-width: 300px) 100vw, 300px\" \/>\t\t\t\t\t\t\t\t\t\t\t<\/div>\n\t\t\t\t\t<div class=\"sow-image-grid-image\">\n\t\t\t\t\t\t\t\t\t\t\t\t<img loading=\"lazy\" decoding=\"async\" width=\"300\" height=\"76\" src=\"https:\/\/masterib.es\/wp-content\/uploads\/2021\/08\/logoUZ-e1631512622249-300x76.png\" class=\"sow-image-grid-image_html\" alt=\"\" title=\"logoUZ\" srcset=\"https:\/\/masterib.es\/wp-content\/uploads\/2021\/08\/logoUZ-e1631512622249-300x76.png 300w, https:\/\/masterib.es\/wp-content\/uploads\/2021\/08\/logoUZ-e1631512622249-18x5.png 18w, https:\/\/masterib.es\/wp-content\/uploads\/2021\/08\/logoUZ-e1631512622249.png 585w\" sizes=\"auto, (max-width: 300px) 100vw, 300px\" \/>\t\t\t\t\t\t\t\t\t\t\t<\/div>\n\t\t\t<\/div>\n<\/div><\/div><\/div><\/div><\/div><\/div>\n\n\n<p><\/p>","protected":false},"excerpt":{"rendered":"<p>M\u00e1ster Universitario en Ingenier\u00eda Biom\u00e9dica Contacto<\/p>","protected":false},"author":1,"featured_media":0,"parent":131,"menu_order":0,"comment_status":"closed","ping_status":"closed","template":"","meta":{"_monsterinsights_skip_tracking":false,"_monsterinsights_sitenote_active":false,"_monsterinsights_sitenote_note":"","_monsterinsights_sitenote_category":0,"footnotes":""},"class_list":["post-185","page","type-page","status-publish"],"_links":{"self":[{"href":"https:\/\/masterib.es\/en\/wp-json\/wp\/v2\/pages\/185","targetHints":{"allow":["GET"]}}],"collection":[{"href":"https:\/\/masterib.es\/en\/wp-json\/wp\/v2\/pages"}],"about":[{"href":"https:\/\/masterib.es\/en\/wp-json\/wp\/v2\/types\/page"}],"author":[{"embeddable":true,"href":"https:\/\/masterib.es\/en\/wp-json\/wp\/v2\/users\/1"}],"replies":[{"embeddable":true,"href":"https:\/\/masterib.es\/en\/wp-json\/wp\/v2\/comments?post=185"}],"version-history":[{"count":20,"href":"https:\/\/masterib.es\/en\/wp-json\/wp\/v2\/pages\/185\/revisions"}],"predecessor-version":[{"id":1713,"href":"https:\/\/masterib.es\/en\/wp-json\/wp\/v2\/pages\/185\/revisions\/1713"}],"up":[{"embeddable":true,"href":"https:\/\/masterib.es\/en\/wp-json\/wp\/v2\/pages\/131"}],"wp:attachment":[{"href":"https:\/\/masterib.es\/en\/wp-json\/wp\/v2\/media?parent=185"}],"curies":[{"name":"wp","href":"https:\/\/api.w.org\/{rel}","templated":true}]}}