{"id":1915,"date":"2025-08-28T07:05:06","date_gmt":"2025-08-28T07:05:06","guid":{"rendered":"https:\/\/masterib.es\/?page_id=1915"},"modified":"2025-08-28T07:05:06","modified_gmt":"2025-08-28T07:05:06","slug":"seminarios-curso-2025-26-primavera-bimestre-1","status":"publish","type":"page","link":"https:\/\/masterib.es\/en\/seminarios-curso-2025-26-primavera-bimestre-1\/","title":{"rendered":"Seminarios curso 2025-26: Primavera Bimestre 1"},"content":{"rendered":"<div id=\"pl-1915\"  class=\"panel-layout\" ><div id=\"pg-1915-0\"  class=\"panel-grid panel-no-style\" ><div id=\"pgc-1915-0-0\"  class=\"panel-grid-cell\" ><div id=\"panel-1915-0-0-0\" class=\"widget_text so-panel widget_custom_html panel-first-child panel-last-child\" data-index=\"0\" ><div class=\"textwidget custom-html-widget\">    <div data-options='{&quot;id&quot;:&quot;1914&quot;,&quot;lazy_load&quot;:&quot;no&quot;,&quot;masonry_enable&quot;:&quot;no&quot;,&quot;view_type&quot;:&quot;grid&quot;}' id=\"post-grid-1914\" class=\"post-grid grid\">\n        <div class=\"grid-items\">\n      <div class=\"item item-2020 skin flat even 0\">\n        <div class=\"layer-wrapper layout-750\">\n          <div class=\"layer-content element_1587187714568\"\n        id=\"\">\n        <div class=\"element element_1587187895341  title\">\n                    <a target=\"_blank\"\n                href=\"https:\/\/masterib.es\/en\/2026-03-04-15h-ingenieria-biomedica-para-la-deteccion-precoz-de-enfermedades-oculares-alejandra-consejo\/\">2026\/03\/04 15h -\u00a0De la materia oscura al ojo humano: una carrera cient\u00edfica no lineal- Alejandra Consejo<\/a>\n            <\/div>\n    <div class=\"element element_1638176677754  excerpt\">\n                            <a target=\"_blank\"\n                href=\"https:\/\/masterib.es\/en\/2026-03-04-15h-ingenieria-biomedica-para-la-deteccion-precoz-de-enfermedades-oculares-alejandra-consejo\/\">Leer m\u00e1s<\/a>\n            <\/div>\n    <\/div>\n    <\/div>\n  <\/div><div class=\"item item-2023 skin flat odd 1\">\n        <div class=\"layer-wrapper layout-750\">\n          <div class=\"layer-content element_1587187714568\"\n        id=\"\">\n        <div class=\"element element_1587187895341  title\">\n                    <a target=\"_blank\"\n                href=\"https:\/\/masterib.es\/en\/2026-03-04-14h-quieres-optimizar-un-protocolo-para-evaluar-la-capacidad-antibacteriana-de-una-superficie-te-cuento-mi-experiencia-luis-porta\/\">2026\/03\/04 14h -\u00a0\u00bfQuieres optimizar un protocolo para evaluar la capacidad antibacteriana de una superficie? Te cuento mi experiencia - Luis...<\/a>\n            <\/div>\n    <div class=\"element element_1638176677754  excerpt\">\n                            <a target=\"_blank\"\n                href=\"https:\/\/masterib.es\/en\/2026-03-04-14h-quieres-optimizar-un-protocolo-para-evaluar-la-capacidad-antibacteriana-de-una-superficie-te-cuento-mi-experiencia-luis-porta\/\">Leer m\u00e1s<\/a>\n            <\/div>\n    <\/div>\n    <\/div>\n  <\/div><div class=\"item item-1997 skin flat even 2\">\n        <div class=\"layer-wrapper layout-750\">\n          <div class=\"layer-content element_1587187714568\"\n        id=\"\">\n        <div class=\"element element_1587187895341  title\">\n                    <a target=\"_blank\"\n                href=\"https:\/\/masterib.es\/en\/2026-02-27-11h-beyond-the-black-box-interpretable-ai-and-foundation-models-in-modern-healthcare-sonia-laguna\/\">2026\/02\/27 11h - Beyond the Black Box: Interpretable AI and Foundation Models in Modern Healthcare - Sonia Laguna<\/a>\n            <\/div>\n    <div class=\"element element_1638176677754  excerpt\">\n                            <a target=\"_blank\"\n                href=\"https:\/\/masterib.es\/en\/2026-02-27-11h-beyond-the-black-box-interpretable-ai-and-foundation-models-in-modern-healthcare-sonia-laguna\/\">Leer m\u00e1s<\/a>\n            <\/div>\n    <\/div>\n    <\/div>\n  <\/div><div class=\"item item-1987 skin flat odd 3\">\n        <div class=\"layer-wrapper layout-750\">\n          <div class=\"layer-content element_1587187714568\"\n        id=\"\">\n        <div class=\"element element_1587187895341  title\">\n                    <a target=\"_blank\"\n                href=\"https:\/\/masterib.es\/en\/2026-02-27-10h-towards-lifelong-intelligence-training-deep-neural-networks-in-non-stationary-domains-giulia-lanzillota\/\">2026\/02\/27 10h - Towards Lifelong Intelligence: Training deep neural networks in non-stationary domains - Giulia Lanzillota<\/a>\n            <\/div>\n    <div class=\"element element_1638176677754  excerpt\">\n                            <a target=\"_blank\"\n                href=\"https:\/\/masterib.es\/en\/2026-02-27-10h-towards-lifelong-intelligence-training-deep-neural-networks-in-non-stationary-domains-giulia-lanzillota\/\">Leer m\u00e1s<\/a>\n            <\/div>\n    <\/div>\n    <\/div>\n  <\/div><div class=\"item item-2015 skin flat even 4\">\n        <div class=\"layer-wrapper layout-750\">\n          <div class=\"layer-content element_1587187714568\"\n        id=\"\">\n        <div class=\"element element_1587187895341  title\">\n                    <a target=\"_blank\"\n                href=\"https:\/\/masterib.es\/en\/2026-02-25-15h-soluciones-de-proteccion-radiologica-para-la-seguridad-del-paciente-en-medicina-nuclear-marta-millan-armengol\/\">2026\/02\/25 15h - Soluciones de Protecci\u00f3n Radiol\u00f3gica para la Seguridad del Paciente en Medicina Nuclear - Marta Mill\u00e1n Armengol<\/a>\n            <\/div>\n    <div class=\"element element_1638176677754  excerpt\">\n                            <a target=\"_blank\"\n                href=\"https:\/\/masterib.es\/en\/2026-02-25-15h-soluciones-de-proteccion-radiologica-para-la-seguridad-del-paciente-en-medicina-nuclear-marta-millan-armengol\/\">Leer m\u00e1s<\/a>\n            <\/div>\n    <\/div>\n    <\/div>\n  <\/div><div class=\"item item-1962 skin flat odd 5\">\n        <div class=\"layer-wrapper layout-750\">\n          <div class=\"layer-content element_1587187714568\"\n        id=\"\">\n        <div class=\"element element_1587187895341  title\">\n                    <a target=\"_blank\"\n                href=\"https:\/\/masterib.es\/en\/2026-02-18-15h-whole-organ-bioengineering-the-future-of-transplantation-medicine-pedro-baptista\/\">2026\/02\/18 15h -\u00a0Whole-Organ Bioengineering: The Future of Transplantation Medicine? - Pedro Baptista<\/a>\n            <\/div>\n    <div class=\"element element_1638176677754  excerpt\">\n                            <a target=\"_blank\"\n                href=\"https:\/\/masterib.es\/en\/2026-02-18-15h-whole-organ-bioengineering-the-future-of-transplantation-medicine-pedro-baptista\/\">Leer m\u00e1s<\/a>\n            <\/div>\n    <\/div>\n    <\/div>\n  <\/div><div class=\"item item-2008 skin flat even 6\">\n        <div class=\"layer-wrapper layout-750\">\n          <div class=\"layer-content element_1587187714568\"\n        id=\"\">\n        <div class=\"element element_1587187895341  title\">\n                    <a target=\"_blank\"\n                href=\"https:\/\/masterib.es\/en\/2026-02-18-14h-automatizando-la-estimacion-de-la-fraccion-de-eyeccion-mediante-aprendizaje-profundo-xabier-zubizarreta\/\">2026\/02\/18 14h - Automatizando la estimaci\u00f3n de la fracci\u00f3n de eyecci\u00f3n mediante aprendizaje profundo - Xabier Zubizarreta<\/a>\n            <\/div>\n    <div class=\"element element_1638176677754  excerpt\">\n                            <a target=\"_blank\"\n                href=\"https:\/\/masterib.es\/en\/2026-02-18-14h-automatizando-la-estimacion-de-la-fraccion-de-eyeccion-mediante-aprendizaje-profundo-xabier-zubizarreta\/\">Leer m\u00e1s<\/a>\n            <\/div>\n    <\/div>\n    <\/div>\n  <\/div><div class=\"item item-1945 skin flat odd 7\">\n        <div class=\"layer-wrapper layout-750\">\n          <div class=\"layer-content element_1587187714568\"\n        id=\"\">\n        <div class=\"element element_1587187895341  title\">\n                    <a target=\"_blank\"\n                href=\"https:\/\/masterib.es\/en\/2026-02-11-14h-el-hospital-liquido-extender-los-servicios-de-salud-mas-alla-de-las-paredes-del-hospital-sabina-cortes-asenjo\/\">2026\/02\/11 14h -\u00a0 El hospital l\u00edquido: Extender los servicios de salud m\u00e1s all\u00e1 de las paredes del hospital - Sabina...<\/a>\n            <\/div>\n    <div class=\"element element_1638176677754  excerpt\">\n                            <a target=\"_blank\"\n                href=\"https:\/\/masterib.es\/en\/2026-02-11-14h-el-hospital-liquido-extender-los-servicios-de-salud-mas-alla-de-las-paredes-del-hospital-sabina-cortes-asenjo\/\">Leer m\u00e1s<\/a>\n            <\/div>\n    <\/div>\n    <\/div>\n  <\/div><div class=\"item item-1979 skin flat even 8\">\n        <div class=\"layer-wrapper layout-750\">\n          <div class=\"layer-content element_1587187714568\"\n        id=\"\">\n        <div class=\"element element_1587187895341  title\">\n                    <a target=\"_blank\"\n                href=\"https:\/\/masterib.es\/en\/2026-02-04-15h-bruhealth-combined-use-of-ecgi-and-multiscale-cardiac-model-to-improve-risk-stratification-in-brugada-syndrome-sofia-romagnoli\/\">2026\/02\/04 15h - BRUHealth\u00a0- Combined use of ECGi and multiscale cardiac model to improve risk stratification in Brugada Syndrome -...<\/a>\n            <\/div>\n    <div class=\"element element_1638176677754  excerpt\">\n                            <a target=\"_blank\"\n                href=\"https:\/\/masterib.es\/en\/2026-02-04-15h-bruhealth-combined-use-of-ecgi-and-multiscale-cardiac-model-to-improve-risk-stratification-in-brugada-syndrome-sofia-romagnoli\/\">Leer m\u00e1s<\/a>\n            <\/div>\n    <\/div>\n    <\/div>\n  <\/div><div class=\"item item-1983 skin flat odd 9\">\n        <div class=\"layer-wrapper layout-750\">\n          <div class=\"layer-content element_1587187714568\"\n        id=\"\">\n        <div class=\"element element_1587187895341  title\">\n                    <a target=\"_blank\"\n                href=\"https:\/\/masterib.es\/en\/2026-02-04-14h-inmunoterapia-y-microambiente-tumoral-en-modelos-de-chips-microfluidicos-patricia-balsas-claveria\/\">2026\/02\/04 14h - Inmunoterapia y microambiente tumoral en modelos de chips microflu\u00eddicos - Patricia Balsas Claver\u00eda<\/a>\n            <\/div>\n    <div class=\"element element_1638176677754  excerpt\">\n                            <a target=\"_blank\"\n                href=\"https:\/\/masterib.es\/en\/2026-02-04-14h-inmunoterapia-y-microambiente-tumoral-en-modelos-de-chips-microfluidicos-patricia-balsas-claveria\/\">Leer m\u00e1s<\/a>\n            <\/div>\n    <\/div>\n    <\/div>\n  <\/div><div class=\"item item-1951 skin flat even 10\">\n        <div class=\"layer-wrapper layout-750\">\n          <div class=\"layer-content element_1587187714568\"\n        id=\"\">\n        <div class=\"element element_1587187895341  title\">\n                    <a target=\"_blank\"\n                href=\"https:\/\/masterib.es\/en\/2026-01-28-14h-el-mundo-de-la-salud-junto-a-la-fabricacion-aditiva-una-trayectoria-personal-desde-la-eina-al-mundo-sanitario-y-deportivo-ignacio-colom\/\">2026\/01\/28 14h - El mundo de la salud junto a la fabricaci\u00f3n aditiva. Una trayectoria personal desde la EINA al...<\/a>\n            <\/div>\n    <div class=\"element element_1638176677754  excerpt\">\n                            <a target=\"_blank\"\n                href=\"https:\/\/masterib.es\/en\/2026-01-28-14h-el-mundo-de-la-salud-junto-a-la-fabricacion-aditiva-una-trayectoria-personal-desde-la-eina-al-mundo-sanitario-y-deportivo-ignacio-colom\/\">Leer m\u00e1s<\/a>\n            <\/div>\n    <\/div>\n    <\/div>\n  <\/div><div class=\"item item-1955 skin flat odd 11\">\n        <div class=\"layer-wrapper layout-750\">\n          <div class=\"layer-content element_1587187714568\"\n        id=\"\">\n        <div class=\"element element_1587187895341  title\">\n                    <a target=\"_blank\"\n                href=\"https:\/\/masterib.es\/en\/2026-01-21-14h-la-experiencia-de-corify-desde-el-laboratorio-hasta-un-producto-comercial-con-sus-marcados-maria-guillem\/\">2026\/01\/21 14h - La experiencia de CORIFY: desde el laboratorio hasta un producto comercial con sus marcados. Mar\u00eda Guillem<\/a>\n            <\/div>\n    <div class=\"element element_1638176677754  excerpt\">\n                            <a target=\"_blank\"\n                href=\"https:\/\/masterib.es\/en\/2026-01-21-14h-la-experiencia-de-corify-desde-el-laboratorio-hasta-un-producto-comercial-con-sus-marcados-maria-guillem\/\">Leer m\u00e1s<\/a>\n            <\/div>\n    <\/div>\n    <\/div>\n  <\/div>    <\/div>\n          <style type=\"text\/css\">\n            .layout-750 .element_1587187714568 {\n                margin: 10px;\n                            }\n\n                    <\/style>\n        <style type=\"text\/css\">\n        .layout-750 .element_1587187895341 {\n            font-size: 18px;\n            margin: 5px 0px;\n            text-align: left;\n                    }\n\n        .layout-750 .element_1587187895341 a {\n            font-size: 18px;\n            margin: 5px 0px;\n            text-align: left;\n                    }\n    <\/style>\n    <style type=\"text\/css\">\n        .layout-750 .element_1638176677754 {\n            font-size: 15px;\n            margin: 10px 0;\n            text-align: left;\n                    }\n\n        .layout-750 .element_1638176677754 a {\n            font-size: 15px;\n                    }\n    <\/style>\n        <style type=\"text\/css\">\n      .layout-750 a{text-decoration:none}.layout-750{vertical-align:top}.layout-750 .layer-content{padding:10px}    <\/style>\n    <script>\n          <\/script>\n    <style type=\"text\/css\">\n    #post-grid-1914 {\n      padding: 0px;\n          }\n\n    #post-grid-1914 .item {\n      padding: 0px;\n      background: #e9ecef;\n          }\n\n    #post-grid-1914 .item .layer-media {\n      height:auto;    }\n\n    @media only screen and (min-width: 0px) and (max-width: 767px) {\n      #post-grid-1914 .grid-items {\n        text-align: center;\n              }\n\n      #post-grid-1914 .item {\n        width: 100%;\n        margin: 5px 0px 5px 0px;\n        display: inline-block;\n        vertical-align: top;\n        height:auto;      }\n    }\n\n    @media only screen and (min-width: 768px) and (max-width: 1023px) {\n      #post-grid-1914 .grid-items {\n        text-align: center;\n              }\n\n      #post-grid-1914 .item {\n        width: 100%;\n        margin: 5px 0px 5px 0px;\n        display: inline-block;\n        vertical-align: top;\n        max-height:auto;      }\n    }\n\n    @media only screen and (min-width: 1024px) {\n      #post-grid-1914 .grid-items {\n        text-align: center;\n              }\n\n      #post-grid-1914 .item {\n        width: 100%;\n        display: inline-block;\n        margin: 5px 0px 5px 0px;\n        vertical-align: top;\n        height:auto;      }\n    }\n\n      <\/style>\n  <\/div>\n<\/div><\/div><\/div><\/div><\/div>","protected":false},"excerpt":{"rendered":"<p>2026\/03\/04 15h &#8211;\u00a0De la materia oscura al ojo humano: una carrera cient\u00edfica no lineal- Alejandra Consejo Leer m\u00e1s 2026\/03\/04 14h &#8211;\u00a0\u00bfQuieres optimizar un protocolo para evaluar la capacidad antibacteriana de una superficie? Te cuento mi experiencia &#8211; Luis&#8230; Leer m\u00e1s 2026\/02\/27 11h &#8211; Beyond the Black Box: Interpretable AI and Foundation Models in Modern Healthcare &#8230; <a title=\"Seminarios curso 2025-26: Primavera Bimestre 1\" class=\"read-more\" href=\"https:\/\/masterib.es\/en\/seminarios-curso-2025-26-primavera-bimestre-1\/\" aria-label=\"Read more about Seminarios curso 2025-26: Primavera Bimestre 1\">Read more<\/a><\/p>","protected":false},"author":2,"featured_media":0,"parent":0,"menu_order":0,"comment_status":"closed","ping_status":"closed","template":"","meta":{"_monsterinsights_skip_tracking":false,"_monsterinsights_sitenote_active":false,"_monsterinsights_sitenote_note":"","_monsterinsights_sitenote_category":0,"footnotes":""},"class_list":["post-1915","page","type-page","status-publish"],"_links":{"self":[{"href":"https:\/\/masterib.es\/en\/wp-json\/wp\/v2\/pages\/1915","targetHints":{"allow":["GET"]}}],"collection":[{"href":"https:\/\/masterib.es\/en\/wp-json\/wp\/v2\/pages"}],"about":[{"href":"https:\/\/masterib.es\/en\/wp-json\/wp\/v2\/types\/page"}],"author":[{"embeddable":true,"href":"https:\/\/masterib.es\/en\/wp-json\/wp\/v2\/users\/2"}],"replies":[{"embeddable":true,"href":"https:\/\/masterib.es\/en\/wp-json\/wp\/v2\/comments?post=1915"}],"version-history":[{"count":1,"href":"https:\/\/masterib.es\/en\/wp-json\/wp\/v2\/pages\/1915\/revisions"}],"predecessor-version":[{"id":1916,"href":"https:\/\/masterib.es\/en\/wp-json\/wp\/v2\/pages\/1915\/revisions\/1916"}],"wp:attachment":[{"href":"https:\/\/masterib.es\/en\/wp-json\/wp\/v2\/media?parent=1915"}],"curies":[{"name":"wp","href":"https:\/\/api.w.org\/{rel}","templated":true}]}}