{"id":1919,"date":"2025-08-28T07:13:15","date_gmt":"2025-08-28T07:13:15","guid":{"rendered":"https:\/\/masterib.es\/?page_id=1919"},"modified":"2025-08-28T07:23:56","modified_gmt":"2025-08-28T07:23:56","slug":"seminarios-curso-2025-26-primavera-bimestre-2","status":"publish","type":"page","link":"https:\/\/masterib.es\/en\/seminarios-curso-2025-26-primavera-bimestre-2\/","title":{"rendered":"Seminarios curso 2025-26: Primavera Bimestre 2"},"content":{"rendered":"<div id=\"pl-1919\"  class=\"panel-layout\" ><div id=\"pg-1919-0\"  class=\"panel-grid panel-no-style\" ><div id=\"pgc-1919-0-0\"  class=\"panel-grid-cell\" ><div id=\"panel-1919-0-0-0\" class=\"widget_text so-panel widget_custom_html panel-first-child panel-last-child\" data-index=\"0\" ><div class=\"textwidget custom-html-widget\">    <div data-options='{&quot;id&quot;:&quot;1918&quot;,&quot;lazy_load&quot;:&quot;no&quot;,&quot;masonry_enable&quot;:&quot;no&quot;,&quot;view_type&quot;:&quot;grid&quot;}' id=\"post-grid-1918\" class=\"post-grid grid\">\n        <div class=\"grid-items\">\n      <div class=\"item item-1971 skin flat even 0\">\n        <div class=\"layer-wrapper layout-750\">\n          <div class=\"layer-content element_1587187714568\"\n        id=\"\">\n        <div class=\"element element_1587187895341  title\">\n                    <a target=\"_blank\"\n                href=\"https:\/\/masterib.es\/en\/2026-05-06-14h-2-horas-arritmias-farmacos-y-ecuaciones-avanzando-hacia-la-cardiologia-computacional-jose-maria-ferrero\/\">2026\/05\/06 14h (2 horas) - Arritmias, f\u00e1rmacos y ecuaciones: avanzando hacia la cardiolog\u00eda computacional - Jos\u00e9 Mar\u00eda Ferrero<\/a>\n            <\/div>\n    <div class=\"element element_1638176677754  excerpt\">\n                            <a target=\"_blank\"\n                href=\"https:\/\/masterib.es\/en\/2026-05-06-14h-2-horas-arritmias-farmacos-y-ecuaciones-avanzando-hacia-la-cardiologia-computacional-jose-maria-ferrero\/\">Leer m\u00e1s<\/a>\n            <\/div>\n    <\/div>\n    <\/div>\n  <\/div><div class=\"item item-1966 skin flat odd 1\">\n        <div class=\"layer-wrapper layout-750\">\n          <div class=\"layer-content element_1587187714568\"\n        id=\"\">\n        <div class=\"element element_1587187895341  title\">\n                    <a target=\"_blank\"\n                href=\"https:\/\/masterib.es\/en\/2026-02-25-14h-radiofisica-hospitalaria-de-residente-rfir-a-facultativo-especialista-sergio-lozares-y-tomas-gonzalez\/\">2026\/04\/15 14h - Radiof\u00edsica Hospitalaria: de Residente (RFIR) a Facultativo Especialista. Sergio Lozares y Tom\u00e1s Gonz\u00e1lez<\/a>\n            <\/div>\n    <div class=\"element element_1638176677754  excerpt\">\n                            <a target=\"_blank\"\n                href=\"https:\/\/masterib.es\/en\/2026-02-25-14h-radiofisica-hospitalaria-de-residente-rfir-a-facultativo-especialista-sergio-lozares-y-tomas-gonzalez\/\">Leer m\u00e1s<\/a>\n            <\/div>\n    <\/div>\n    <\/div>\n  <\/div><div class=\"item item-2028 skin flat even 2\">\n        <div class=\"layer-wrapper layout-750\">\n          <div class=\"layer-content element_1587187714568\"\n        id=\"\">\n        <div class=\"element element_1587187895341  title\">\n                    <a target=\"_blank\"\n                href=\"https:\/\/masterib.es\/en\/2026-04-15-11-30-h-dinamizacion-e-innovacion-de-las-capacidades-industriales-en-salud-lluis-blanch\/\">2026\/04\/15 11.30 h - Dinamizaci\u00f3n e Innovaci\u00f3n de las capacidades industriales en Salud - Llu\u00eds Blanch<\/a>\n            <\/div>\n    <div class=\"element element_1638176677754  excerpt\">\n                            <a target=\"_blank\"\n                href=\"https:\/\/masterib.es\/en\/2026-04-15-11-30-h-dinamizacion-e-innovacion-de-las-capacidades-industriales-en-salud-lluis-blanch\/\">Leer m\u00e1s<\/a>\n            <\/div>\n    <\/div>\n    <\/div>\n  <\/div><div class=\"item item-1968 skin flat odd 3\">\n        <div class=\"layer-wrapper layout-750\">\n          <div class=\"layer-content element_1587187714568\"\n        id=\"\">\n        <div class=\"element element_1587187895341  title\">\n                    <a target=\"_blank\"\n                href=\"https:\/\/masterib.es\/en\/2026-04-08-14h-experiencia-personal-de-emprendimiento-en-ingenieria-biomedica-pedro-moreo-calvo\/\">2026\/04\/08 14h -\u00a0Experiencia personal de emprendimiento en ingenier\u00eda biom\u00e9dica - Pedro Moreo Calvo<\/a>\n            <\/div>\n    <div class=\"element element_1638176677754  excerpt\">\n                            <a target=\"_blank\"\n                href=\"https:\/\/masterib.es\/en\/2026-04-08-14h-experiencia-personal-de-emprendimiento-en-ingenieria-biomedica-pedro-moreo-calvo\/\">Leer m\u00e1s<\/a>\n            <\/div>\n    <\/div>\n    <\/div>\n  <\/div>    <\/div>\n          <style type=\"text\/css\">\n            .layout-750 .element_1587187714568 {\n                margin: 10px;\n                            }\n\n                    <\/style>\n        <style type=\"text\/css\">\n        .layout-750 .element_1587187895341 {\n            font-size: 18px;\n            margin: 5px 0px;\n            text-align: left;\n                    }\n\n        .layout-750 .element_1587187895341 a {\n            font-size: 18px;\n            margin: 5px 0px;\n            text-align: left;\n                    }\n    <\/style>\n    <style type=\"text\/css\">\n        .layout-750 .element_1638176677754 {\n            font-size: 15px;\n            margin: 10px 0;\n            text-align: left;\n                    }\n\n        .layout-750 .element_1638176677754 a {\n            font-size: 15px;\n                    }\n    <\/style>\n        <style type=\"text\/css\">\n      .layout-750 a{text-decoration:none}.layout-750{vertical-align:top}.layout-750 .layer-content{padding:10px}    <\/style>\n    <script>\n          <\/script>\n    <style type=\"text\/css\">\n    #post-grid-1918 {\n      padding: 0px;\n          }\n\n    #post-grid-1918 .item {\n      padding: 0px;\n      background: #e9ecef;\n          }\n\n    #post-grid-1918 .item .layer-media {\n      height:auto;    }\n\n    @media only screen and (min-width: 0px) and (max-width: 767px) {\n      #post-grid-1918 .grid-items {\n        text-align: center;\n              }\n\n      #post-grid-1918 .item {\n        width: 100%;\n        margin: 5px 0px 5px 0px;\n        display: inline-block;\n        vertical-align: top;\n        height:auto;      }\n    }\n\n    @media only screen and (min-width: 768px) and (max-width: 1023px) {\n      #post-grid-1918 .grid-items {\n        text-align: center;\n              }\n\n      #post-grid-1918 .item {\n        width: 100%;\n        margin: 5px 0px 5px 0px;\n        display: inline-block;\n        vertical-align: top;\n        max-height:auto;      }\n    }\n\n    @media only screen and (min-width: 1024px) {\n      #post-grid-1918 .grid-items {\n        text-align: center;\n              }\n\n      #post-grid-1918 .item {\n        width: 100%;\n        display: inline-block;\n        margin: 5px 0px 5px 0px;\n        vertical-align: top;\n        height:auto;      }\n    }\n\n      <\/style>\n  <\/div>\n<\/div><\/div><\/div><\/div><\/div>","protected":false},"excerpt":{"rendered":"<p>2026\/05\/06 14h (2 horas) &#8211; Arritmias, f\u00e1rmacos y ecuaciones: avanzando hacia la cardiolog\u00eda computacional &#8211; Jos\u00e9 Mar\u00eda Ferrero Leer m\u00e1s 2026\/04\/15 14h &#8211; Radiof\u00edsica Hospitalaria: de Residente (RFIR) a Facultativo Especialista. Sergio Lozares y Tom\u00e1s Gonz\u00e1lez Leer m\u00e1s 2026\/04\/15 11.30 h &#8211; Dinamizaci\u00f3n e Innovaci\u00f3n de las capacidades industriales en Salud &#8211; Llu\u00eds Blanch Leer &#8230; <a title=\"Seminarios curso 2025-26: Primavera Bimestre 2\" class=\"read-more\" href=\"https:\/\/masterib.es\/en\/seminarios-curso-2025-26-primavera-bimestre-2\/\" aria-label=\"Read more about Seminarios curso 2025-26: Primavera Bimestre 2\">Read more<\/a><\/p>","protected":false},"author":2,"featured_media":0,"parent":0,"menu_order":0,"comment_status":"closed","ping_status":"closed","template":"","meta":{"_monsterinsights_skip_tracking":false,"_monsterinsights_sitenote_active":false,"_monsterinsights_sitenote_note":"","_monsterinsights_sitenote_category":0,"footnotes":""},"class_list":["post-1919","page","type-page","status-publish"],"_links":{"self":[{"href":"https:\/\/masterib.es\/en\/wp-json\/wp\/v2\/pages\/1919","targetHints":{"allow":["GET"]}}],"collection":[{"href":"https:\/\/masterib.es\/en\/wp-json\/wp\/v2\/pages"}],"about":[{"href":"https:\/\/masterib.es\/en\/wp-json\/wp\/v2\/types\/page"}],"author":[{"embeddable":true,"href":"https:\/\/masterib.es\/en\/wp-json\/wp\/v2\/users\/2"}],"replies":[{"embeddable":true,"href":"https:\/\/masterib.es\/en\/wp-json\/wp\/v2\/comments?post=1919"}],"version-history":[{"count":1,"href":"https:\/\/masterib.es\/en\/wp-json\/wp\/v2\/pages\/1919\/revisions"}],"predecessor-version":[{"id":1920,"href":"https:\/\/masterib.es\/en\/wp-json\/wp\/v2\/pages\/1919\/revisions\/1920"}],"wp:attachment":[{"href":"https:\/\/masterib.es\/en\/wp-json\/wp\/v2\/media?parent=1919"}],"curies":[{"name":"wp","href":"https:\/\/api.w.org\/{rel}","templated":true}]}}