{"id":271,"date":"2021-08-31T07:44:56","date_gmt":"2021-08-31T07:44:56","guid":{"rendered":"https:\/\/devmasterib.i3a.es\/?page_id=271"},"modified":"2024-07-22T06:53:36","modified_gmt":"2024-07-22T06:53:36","slug":"master-universitario-en-ingenieria-biomedica-acceso-y-admision","status":"publish","type":"page","link":"https:\/\/masterib.es\/en\/master-universitario-en-ingenieria-biomedica-inicio\/master-universitario-en-ingenieria-biomedica-acceso-y-admision\/","title":{"rendered":"M\u00e1ster Universitario en Ingenier\u00eda Biom\u00e9dica: Acceso y admisi\u00f3n"},"content":{"rendered":"<div id=\"pl-gb271-69de57f305717\"  class=\"panel-layout wp-block-siteorigin-panels-layout-block\" ><div id=\"pg-gb271-69de57f305717-0\"  class=\"panel-grid panel-no-style\" ><div id=\"pgc-gb271-69de57f305717-0-0\"  class=\"panel-grid-cell\" ><div id=\"panel-gb271-69de57f305717-0-0-0\" class=\"so-panel widget_sow-editor panel-first-child panel-last-child\" data-index=\"0\" ><div class=\"color-master panel-widget-style panel-widget-style-for-gb271-69de57f305717-0-0-0\" ><div\n\t\t\t\n\t\t\tclass=\"so-widget-sow-editor so-widget-sow-editor-base\"\n\t\t\t\n\t\t>\n<div class=\"siteorigin-widget-tinymce textwidget\">\n\t<h1>Master of Biomedical Engineering<\/h1>\n<h3>Access and Admission<\/h3>\n<\/div>\n<\/div><\/div><\/div><\/div><\/div><div id=\"pg-gb271-69de57f305717-1\"  class=\"panel-grid panel-no-style\" ><div id=\"pgc-gb271-69de57f305717-1-0\"  class=\"panel-grid-cell\" ><div id=\"panel-gb271-69de57f305717-1-0-0\" class=\"so-panel widget_sow-headline panel-first-child\" data-index=\"1\" ><div\n\t\t\t\n\t\t\tclass=\"so-widget-sow-headline so-widget-sow-headline-default-eafff46c4538-271\"\n\t\t\t\n\t\t><div class=\"sow-headline-container\">\n\t\t\t\t\t\t<div class=\"decoration\">\n\t\t\t\t\t\t<div class=\"decoration-inside\"><\/div>\n\t\t\t\t\t<\/div>\n\t\t\t\t\t<\/div>\n<\/div><\/div><div id=\"panel-gb271-69de57f305717-1-0-1\" class=\"so-panel widget_sow-editor panel-last-child\" data-index=\"2\" ><div\n\t\t\t\n\t\t\tclass=\"so-widget-sow-editor so-widget-sow-editor-base\"\n\t\t\t\n\t\t>\n<div class=\"siteorigin-widget-tinymce textwidget\">\n\t<h4>Recommended profile<\/h4>\n<p>Eligible entrance qualifications are as follows:<\/p>\n<ul>\n<li>Bachelor degree in biomedical engineering. Bachelor's or Master's degree in mechanical engineering, chemical engineering, electrical engineering, electronics and automation engineering, industrial technologies engineering, computer engineering and telecommunications technologies and services engineering (or equivalent).<\/li>\n<li>Second-cycle degrees in Industrial Engineering, Chemical Engineering, Computer Engineering and Telecommunications Engineering.<\/li>\n<li>Degrees in Physical Sciences, Mathematics, Biotechnology and Chemical Sciences are also suitable entrance qualifications.<\/li>\n<li>Degrees equivalent to the above issued by higher institutions of the EEES.<\/li>\n<\/ul>\n<p>Students with degrees in Technical Industrial Engineering, Technical Engineering in Computer Management and Technical Telecommunications Engineering may also be admitted to the Master's programme, however they should be enroled in complementary  subjects decided by the Master's Programme Academic Committee.<\/p>\n<p>&nbsp;<\/p>\n<h4>Access requirements<\/h4>\n<p>Access requirements <a class=\"moz-txt-link-freetext\" href=\"https:\/\/academico.unizar.es\/grado-y-master-master\/acceso-y-admision\/acceso-master-universitario\">https:\/\/academico.unizar.es\/grado-y-master-master\/acceso-y-admision\/acceso-master-universitario<\/a><\/p>\n<p>If you meet the following requirements, you can apply for admission to the official University of Zaragoza Masters Courses:<\/p>\n<div>\n<p class=\"p1\"><b>(a) Entry requirements:<\/b><\/p>\n<ol>\n<li>Estar en posesi\u00f3n de un t\u00edtulo universitario oficial de Grado espa\u00f1ol u otro t\u00edtulo de M\u00e1ster Universitario espa\u00f1ol.<\/li>\n<li>Estar en posesi\u00f3n de un t\u00edtulo universitario oficial espa\u00f1ol obtenido conforme a planes de estudios anteriores a la actual ordenaci\u00f3n de las ense\u00f1anzas universitarias: Licenciado\/a, Arquitecto\/a, Ingeniero\/a, Diplomado\/a, Arquitecto\/a T\u00e9cnico\/a o Ingeniero\/a T\u00e9cnico\/a.<\/li>\n<li>Estar en posesi\u00f3n de un t\u00edtulo extranjero de educaci\u00f3n superior homologado a un t\u00edtulo universitario oficial espa\u00f1ol o declarado equivalente a nivel acad\u00e9mico de Grado o de M\u00e1ster Universitario por el Ministerio de Educaci\u00f3n y Formaci\u00f3n Profesional.<\/li>\n<li>Estar en posesi\u00f3n de un t\u00edtulo de nivel de Grado o de M\u00e1ster expedido por universidades e instituciones de educaci\u00f3n superior de un pa\u00eds del EEES, que en dicho pa\u00eds permita el acceso a los estudios de M\u00e1ster.<\/li>\n<li>Estar en posesi\u00f3n de un t\u00edtulo extranjero de educaci\u00f3n superior obtenido en un sistema educativo que no forme parte del EEES que equivalga al t\u00edtulo de Grado, sin necesidad de su homologaci\u00f3n o declaraci\u00f3n de equivalencia, pero que haya obtenido la correspondiente resoluci\u00f3n de \u00abautorizaci\u00f3n de acceso\u00bb a ense\u00f1anzas oficiales de M\u00e1ster Universitario de la Universidad de Zaragoza, previa comprobaci\u00f3n por la misma del nivel de formaci\u00f3n que dicho t\u00edtulo implica, siempre y cuando en el pa\u00eds donde se haya expedido el t\u00edtulo permita acceder a estudios de nivel de postgrado universitario.<\/li>\n<li>Asimismo, podr\u00e1n acceder las personas que en el curso acad\u00e9mico anterior est\u00e9n cursando una titulaci\u00f3n universitaria oficial de Grado del Sistema Universitario Espa\u00f1ol [SUE], est\u00e9n matriculadas de todos los cr\u00e9ditos necesarios para terminar los estudios en dicho curso y les reste un m\u00e1ximo de 9 cr\u00e9ditos ECTS y el Trabajo Fin de Grado para finalizar los estudios.<\/li>\n<\/ol>\n<p class=\"p1\"><b>b) Language requirements<\/b><\/p>\n<ol>\n<li>Those students wishing to enroll in a master's program offered in Spanish at the University of Zaragoza and whose native language is not Spanish, they must demonstrate a sufficient level of proficiency in the Spanish language to enable effective participation in the courses.<\/li>\n<li>English language proficiency level at B1<\/li>\n<\/ol>\n<p>&nbsp;<\/p>\n<\/div>\n<h4>Admission application:<\/h4>\n<p>La solicitud de admisi\u00f3n se presentar\u00e1 a trav\u00e9s de internet:<\/p>\n<p><a href=\"https:\/\/unizar.es\/\" target=\"_blank\" rel=\"noopener\">https:\/\/unizar.es<\/a>\u00a0\u2192\u00a0<a href=\"https:\/\/academico.unizar.es\/secretaria-virtual\" target=\"_blank\" rel=\"noopener\">Secretar\u00eda virtual<\/a>\u00a0\u2192 Solicitud de admisi\u00f3n<\/p>\n<p>&nbsp;<\/p>\n<h4>Allocation of places<\/h4>\n<p>La adjudicaci\u00f3n de las plazas se llevar\u00e1 a cabo en el centro a partir de la documentaci\u00f3n acad\u00e9mica aportada por la persona solicitante.<\/p>\n<p>Las listas se publican en el tabl\u00f3n oficial de la Universidad de Zaragoza [<a href=\"https:\/\/sede.unizar.es\/\" target=\"_blank\" rel=\"noopener\">sede.unizar.es<\/a>]<\/p>\n<p><strong>Prelaci\u00f3n de las solicitudes:<\/strong><\/p>\n<p>En cada una de las fases de admisi\u00f3n se garantizar\u00e1 la prioridad de matr\u00edcula de quienes acrediten estar en posesi\u00f3n del t\u00edtulo oficial que les da acceso al M\u00e1ster Universitario, por lo que en los listados de admisi\u00f3n las personas tituladas figurar\u00e1n ordenadas por delante de quienes accedan.\u00a0con estudios de Grado del Sistema Universitario Espa\u00f1ol, teniendo pendientes de superar un m\u00e1ximo de 9 ECTS y el Trabajo Fin de Grado.<\/p>\n<p>Contra la no admisi\u00f3n podr\u00e1 interponerse recurso de alzada ante el Rector.<\/p>\n<p>&nbsp;<\/p>\n<h4>Enrollment process<\/h4>\n<p>Enrolment must be carried out online, following the instructions at <a href=\"https:\/\/unizar.es\/\" target=\"_blank\" rel=\"noopener\">http:\/\/www.unizar.es<\/a>\u00a0\u2192\u00a0<a href=\"https:\/\/academico.unizar.es\/secretaria-virtual\" target=\"_blank\" rel=\"noopener\">Secretar\u00eda virtual<\/a><\/p>\n<p>&nbsp;<\/p>\n<p><a href=\"https:\/\/academico.unizar.es\/grado-y-master-master\/acceso-y-admision\/acceso-master-universitario\" target=\"_blank\" rel=\"noopener\">M\u00e1s informaci\u00f3n sobre acceso y admisi\u00f3n<\/a><\/p>\n<p><a href=\"https:\/\/academico.unizar.es\/grado-y-master\/matricula\/matricula-home\" target=\"_blank\" rel=\"noopener\">M\u00e1s informaci\u00f3n sobre matr\u00edcula<\/a><\/p>\n<\/div>\n<\/div><\/div><\/div><\/div><div id=\"pg-gb271-69de57f305717-2\"  class=\"panel-grid panel-has-style\" ><div class=\"panel-row-style panel-row-style-for-gb271-69de57f305717-2\" ><div id=\"pgc-gb271-69de57f305717-2-0\"  class=\"panel-grid-cell\" ><div id=\"panel-gb271-69de57f305717-2-0-0\" class=\"so-panel widget_sow-image-grid panel-first-child panel-last-child\" data-index=\"3\" ><div\n\t\t\t\n\t\t\tclass=\"so-widget-sow-image-grid so-widget-sow-image-grid-default-05d5aea4f10c-271\"\n\t\t\t\n\t\t>\t<div\n\t\tclass=\"sow-image-grid-wrapper\"\n\t\t\t\tdata-max-height=\"70\"\t>\n\t\t\t\t\t<div class=\"sow-image-grid-image\">\n\t\t\t\t\t\t\t\t\t\t\t\t<img loading=\"lazy\" decoding=\"async\" width=\"200\" height=\"101\" src=\"https:\/\/masterib.es\/wp-content\/uploads\/2021\/09\/nuevo-logo-inma.png\" class=\"sow-image-grid-image_html\" alt=\"\" title=\"\" srcset=\"https:\/\/masterib.es\/wp-content\/uploads\/2021\/09\/nuevo-logo-inma.png 200w, https:\/\/masterib.es\/wp-content\/uploads\/2021\/09\/nuevo-logo-inma-18x9.png 18w\" sizes=\"auto, (max-width: 200px) 100vw, 200px\" \/>\t\t\t\t\t\t\t\t\t\t\t<\/div>\n\t\t\t\t\t<div class=\"sow-image-grid-image\">\n\t\t\t\t\t\t\t\t\t\t\t\t<img loading=\"lazy\" decoding=\"async\" width=\"300\" height=\"69\" src=\"https:\/\/masterib.es\/wp-content\/uploads\/2021\/08\/logo-I3A_UZ.jpg\" class=\"sow-image-grid-image_html\" alt=\"\" title=\"\" srcset=\"https:\/\/masterib.es\/wp-content\/uploads\/2021\/08\/logo-I3A_UZ.jpg 300w, https:\/\/masterib.es\/wp-content\/uploads\/2021\/08\/logo-I3A_UZ-18x4.jpg 18w\" sizes=\"auto, (max-width: 300px) 100vw, 300px\" \/>\t\t\t\t\t\t\t\t\t\t\t<\/div>\n\t\t\t\t\t<div class=\"sow-image-grid-image\">\n\t\t\t\t\t\t\t\t\t\t\t\t<img loading=\"lazy\" decoding=\"async\" width=\"300\" height=\"86\" src=\"https:\/\/masterib.es\/wp-content\/uploads\/2021\/08\/eina-logo-300x86.png\" class=\"sow-image-grid-image_html\" alt=\"\" title=\"\" srcset=\"https:\/\/masterib.es\/wp-content\/uploads\/2021\/08\/eina-logo-300x86.png 300w, https:\/\/masterib.es\/wp-content\/uploads\/2021\/08\/eina-logo-768x219.png 768w, https:\/\/masterib.es\/wp-content\/uploads\/2021\/08\/eina-logo-18x5.png 18w, https:\/\/masterib.es\/wp-content\/uploads\/2021\/08\/eina-logo.png 1024w\" sizes=\"auto, (max-width: 300px) 100vw, 300px\" \/>\t\t\t\t\t\t\t\t\t\t\t<\/div>\n\t\t\t\t\t<div class=\"sow-image-grid-image\">\n\t\t\t\t\t\t\t\t\t\t\t\t<img loading=\"lazy\" decoding=\"async\" width=\"300\" height=\"76\" src=\"https:\/\/masterib.es\/wp-content\/uploads\/2021\/08\/logoUZ-e1631512622249-300x76.png\" class=\"sow-image-grid-image_html\" alt=\"\" title=\"logoUZ\" srcset=\"https:\/\/masterib.es\/wp-content\/uploads\/2021\/08\/logoUZ-e1631512622249-300x76.png 300w, https:\/\/masterib.es\/wp-content\/uploads\/2021\/08\/logoUZ-e1631512622249-18x5.png 18w, https:\/\/masterib.es\/wp-content\/uploads\/2021\/08\/logoUZ-e1631512622249.png 585w\" sizes=\"auto, (max-width: 300px) 100vw, 300px\" \/>\t\t\t\t\t\t\t\t\t\t\t<\/div>\n\t\t\t<\/div>\n<\/div><\/div><\/div><\/div><\/div><\/div>\n\n\n<p><\/p>","protected":false},"excerpt":{"rendered":"<p>M\u00e1ster Universitario en Ingenier\u00eda Biom\u00e9dica Acceso y Admisi\u00f3n Perfil recomendado Las titulaciones de acceso id\u00f3neas ser\u00e1n las siguientes: Grado en Ingenier\u00eda Biom\u00e9dica. Grados o M\u00e1steres en Ingenier\u00eda Mec\u00e1nica, Ingenier\u00eda Qu\u00edmica, Ingenier\u00eda El\u00e9ctrica, Ingenier\u00eda Electr\u00f3nica y Autom\u00e1tica, Ingenier\u00eda de Tecnolog\u00edas Industriales, Ingenier\u00eda Inform\u00e1tica e Ingenier\u00eda de Tecnolog\u00edas y Servicios de Telecomunicaci\u00f3n (u otras denominaciones equivalentes). Titulaciones &#8230; <a title=\"M\u00e1ster Universitario en Ingenier\u00eda Biom\u00e9dica: Acceso y admisi\u00f3n\" class=\"read-more\" href=\"https:\/\/masterib.es\/en\/master-universitario-en-ingenieria-biomedica-inicio\/master-universitario-en-ingenieria-biomedica-acceso-y-admision\/\" aria-label=\"Read more about M\u00e1ster Universitario en Ingenier\u00eda Biom\u00e9dica: Acceso y admisi\u00f3n\">Read more<\/a><\/p>","protected":false},"author":1,"featured_media":0,"parent":131,"menu_order":0,"comment_status":"closed","ping_status":"closed","template":"","meta":{"_monsterinsights_skip_tracking":false,"_monsterinsights_sitenote_active":false,"_monsterinsights_sitenote_note":"","_monsterinsights_sitenote_category":0,"footnotes":""},"class_list":["post-271","page","type-page","status-publish"],"_links":{"self":[{"href":"https:\/\/masterib.es\/en\/wp-json\/wp\/v2\/pages\/271","targetHints":{"allow":["GET"]}}],"collection":[{"href":"https:\/\/masterib.es\/en\/wp-json\/wp\/v2\/pages"}],"about":[{"href":"https:\/\/masterib.es\/en\/wp-json\/wp\/v2\/types\/page"}],"author":[{"embeddable":true,"href":"https:\/\/masterib.es\/en\/wp-json\/wp\/v2\/users\/1"}],"replies":[{"embeddable":true,"href":"https:\/\/masterib.es\/en\/wp-json\/wp\/v2\/comments?post=271"}],"version-history":[{"count":18,"href":"https:\/\/masterib.es\/en\/wp-json\/wp\/v2\/pages\/271\/revisions"}],"predecessor-version":[{"id":1702,"href":"https:\/\/masterib.es\/en\/wp-json\/wp\/v2\/pages\/271\/revisions\/1702"}],"up":[{"embeddable":true,"href":"https:\/\/masterib.es\/en\/wp-json\/wp\/v2\/pages\/131"}],"wp:attachment":[{"href":"https:\/\/masterib.es\/en\/wp-json\/wp\/v2\/media?parent=271"}],"curies":[{"name":"wp","href":"https:\/\/api.w.org\/{rel}","templated":true}]}}