{"id":277,"date":"2021-08-31T08:02:20","date_gmt":"2021-08-31T08:02:20","guid":{"rendered":"https:\/\/devmasterib.i3a.es\/?page_id=277"},"modified":"2021-09-13T06:12:29","modified_gmt":"2021-09-13T06:12:29","slug":"master-universitario-en-ingenieria-biomedica-profesorado","status":"publish","type":"page","link":"https:\/\/masterib.es\/en\/master-universitario-en-ingenieria-biomedica-inicio\/master-universitario-en-ingenieria-biomedica-profesorado\/","title":{"rendered":"M\u00e1ster Universitario en Ingenier\u00eda Biom\u00e9dica: Profesorado"},"content":{"rendered":"<div id=\"pl-gb277-69de5541e858f\"  class=\"panel-layout\" ><div id=\"pg-gb277-69de5541e858f-0\"  class=\"panel-grid panel-no-style\" ><div id=\"pgc-gb277-69de5541e858f-0-0\"  class=\"panel-grid-cell\" ><div id=\"panel-gb277-69de5541e858f-0-0-0\" class=\"so-panel widget_sow-editor panel-first-child panel-last-child\" data-index=\"0\" ><div class=\"color-master panel-widget-style panel-widget-style-for-gb277-69de5541e858f-0-0-0\" ><div\n\t\t\t\n\t\t\tclass=\"so-widget-sow-editor so-widget-sow-editor-base\"\n\t\t\t\n\t\t>\n<div class=\"siteorigin-widget-tinymce textwidget\">\n\t<h1>Master of Biomedical Engineering<\/h1>\n<h3>Staff<\/h3>\n<\/div>\n<\/div><\/div><\/div><\/div><\/div><div id=\"pg-gb277-69de5541e858f-1\"  class=\"panel-grid panel-no-style\" ><div id=\"pgc-gb277-69de5541e858f-1-0\"  class=\"panel-grid-cell\" ><div id=\"panel-gb277-69de5541e858f-1-0-0\" class=\"so-panel widget_sow-headline panel-first-child\" data-index=\"1\" ><div\n\t\t\t\n\t\t\tclass=\"so-widget-sow-headline so-widget-sow-headline-default-eb58c90b4a68-277\"\n\t\t\t\n\t\t><div class=\"sow-headline-container\">\n\t\t\t\t\t\t<div class=\"decoration\">\n\t\t\t\t\t\t<div class=\"decoration-inside\"><\/div>\n\t\t\t\t\t<\/div>\n\t\t\t\t\t<\/div>\n<\/div><\/div><div id=\"panel-gb277-69de5541e858f-1-0-1\" class=\"so-panel widget_sow-editor panel-last-child\" data-index=\"2\" ><div\n\t\t\t\n\t\t\tclass=\"so-widget-sow-editor so-widget-sow-editor-base\"\n\t\t\t\n\t\t>\n<div class=\"siteorigin-widget-tinymce textwidget\">\n\t<p>The teaching staff of this master degree is made up of 54 PhD proffessors who belong to the following departments<\/p>\n<ul>\n<li>Comparative Anatomy and Anatomical Pathology<\/li>\n<li>Physiology<\/li>\n<li>Surgery<\/li>\n<li>Mechanical engineering<\/li>\n<li>Statistical Methods<\/li>\n<li>Materials and Fluids Science and Technology<\/li>\n<li>Computer Science and Systems Engineering<\/li>\n<li>Electronic Engineering and Communications<\/li>\n<li>Design and Manufacturing Engineering<\/li>\n<li>Organic Chemistry<\/li>\n<li><span class=\"st\">Chemical Engineering and Environmental Technologies<\/span><\/li>\n<li><span class=\"st\">Applied Physics<br \/>\n<\/span><\/li>\n<\/ul>\n<p>The diversity and breadth of the departments involved, spanning important areas of engineering and biomedicine, is indicative of the degree of multidisciplinarity of the courses taught on the Master's degree.<\/p>\n<\/div>\n<\/div><\/div><\/div><\/div><div id=\"pg-gb277-69de5541e858f-2\"  class=\"panel-grid panel-has-style\" ><div class=\"panel-row-style panel-row-style-for-gb277-69de5541e858f-2\" ><div id=\"pgc-gb277-69de5541e858f-2-0\"  class=\"panel-grid-cell\" ><div id=\"panel-gb277-69de5541e858f-2-0-0\" class=\"so-panel widget_sow-image-grid panel-first-child panel-last-child\" data-index=\"3\" ><div\n\t\t\t\n\t\t\tclass=\"so-widget-sow-image-grid so-widget-sow-image-grid-default-05d5aea4f10c-277\"\n\t\t\t\n\t\t>\t<div\n\t\tclass=\"sow-image-grid-wrapper\"\n\t\t\t\tdata-max-height=\"70\"\t>\n\t\t\t\t\t<div class=\"sow-image-grid-image\">\n\t\t\t\t\t\t\t\t\t\t\t\t<img loading=\"lazy\" decoding=\"async\" width=\"200\" height=\"101\" src=\"https:\/\/masterib.es\/wp-content\/uploads\/2021\/09\/nuevo-logo-inma.png\" class=\"sow-image-grid-image_html\" alt=\"\" title=\"\" srcset=\"https:\/\/masterib.es\/wp-content\/uploads\/2021\/09\/nuevo-logo-inma.png 200w, https:\/\/masterib.es\/wp-content\/uploads\/2021\/09\/nuevo-logo-inma-18x9.png 18w\" sizes=\"auto, (max-width: 200px) 100vw, 200px\" \/>\t\t\t\t\t\t\t\t\t\t\t<\/div>\n\t\t\t\t\t<div class=\"sow-image-grid-image\">\n\t\t\t\t\t\t\t\t\t\t\t\t<img loading=\"lazy\" decoding=\"async\" width=\"300\" height=\"69\" src=\"https:\/\/masterib.es\/wp-content\/uploads\/2021\/08\/logo-I3A_UZ.jpg\" class=\"sow-image-grid-image_html\" alt=\"\" title=\"\" srcset=\"https:\/\/masterib.es\/wp-content\/uploads\/2021\/08\/logo-I3A_UZ.jpg 300w, https:\/\/masterib.es\/wp-content\/uploads\/2021\/08\/logo-I3A_UZ-18x4.jpg 18w\" sizes=\"auto, (max-width: 300px) 100vw, 300px\" \/>\t\t\t\t\t\t\t\t\t\t\t<\/div>\n\t\t\t\t\t<div class=\"sow-image-grid-image\">\n\t\t\t\t\t\t\t\t\t\t\t\t<img loading=\"lazy\" decoding=\"async\" width=\"300\" height=\"86\" src=\"https:\/\/masterib.es\/wp-content\/uploads\/2021\/08\/eina-logo-300x86.png\" class=\"sow-image-grid-image_html\" alt=\"\" title=\"\" srcset=\"https:\/\/masterib.es\/wp-content\/uploads\/2021\/08\/eina-logo-300x86.png 300w, https:\/\/masterib.es\/wp-content\/uploads\/2021\/08\/eina-logo-768x219.png 768w, https:\/\/masterib.es\/wp-content\/uploads\/2021\/08\/eina-logo-18x5.png 18w, https:\/\/masterib.es\/wp-content\/uploads\/2021\/08\/eina-logo.png 1024w\" sizes=\"auto, (max-width: 300px) 100vw, 300px\" \/>\t\t\t\t\t\t\t\t\t\t\t<\/div>\n\t\t\t\t\t<div class=\"sow-image-grid-image\">\n\t\t\t\t\t\t\t\t\t\t\t\t<img loading=\"lazy\" decoding=\"async\" width=\"300\" height=\"76\" src=\"https:\/\/masterib.es\/wp-content\/uploads\/2021\/08\/logoUZ-e1631512622249-300x76.png\" class=\"sow-image-grid-image_html\" alt=\"\" title=\"logoUZ\" srcset=\"https:\/\/masterib.es\/wp-content\/uploads\/2021\/08\/logoUZ-e1631512622249-300x76.png 300w, https:\/\/masterib.es\/wp-content\/uploads\/2021\/08\/logoUZ-e1631512622249-18x5.png 18w, https:\/\/masterib.es\/wp-content\/uploads\/2021\/08\/logoUZ-e1631512622249.png 585w\" sizes=\"auto, (max-width: 300px) 100vw, 300px\" \/>\t\t\t\t\t\t\t\t\t\t\t<\/div>\n\t\t\t<\/div>\n<\/div><\/div><\/div><\/div><\/div><\/div>\n\n\n<p><\/p>","protected":false},"excerpt":{"rendered":"<p>M\u00e1ster Universitario en Ingenier\u00eda Biom\u00e9dica Profesorado El profesorado de esta titulaci\u00f3n est\u00e1 formado por 54 doctores, pertenecientes a los departamentos de: Anatom\u00eda y Anatom\u00eda Patol\u00f3gica Comparadas Fisiolog\u00eda Cirug\u00eda Ingenier\u00eda Mec\u00e1nica M\u00e9todos Estad\u00edsticos Ciencia y Tecnolog\u00eda de Materiales y Fluidos Inform\u00e1tica e Ingenier\u00eda de Sistemas Ingenier\u00eda Electr\u00f3nica y Comunicaciones Ingenier\u00eda de Dise\u00f1o y Fabricaci\u00f3n Qu\u00edmica Org\u00e1nica &#8230; <a title=\"M\u00e1ster Universitario en Ingenier\u00eda Biom\u00e9dica: Profesorado\" class=\"read-more\" href=\"https:\/\/masterib.es\/en\/master-universitario-en-ingenieria-biomedica-inicio\/master-universitario-en-ingenieria-biomedica-profesorado\/\" aria-label=\"Read more about M\u00e1ster Universitario en Ingenier\u00eda Biom\u00e9dica: Profesorado\">Read more<\/a><\/p>","protected":false},"author":1,"featured_media":0,"parent":131,"menu_order":0,"comment_status":"closed","ping_status":"closed","template":"","meta":{"_monsterinsights_skip_tracking":false,"_monsterinsights_sitenote_active":false,"_monsterinsights_sitenote_note":"","_monsterinsights_sitenote_category":0,"footnotes":""},"class_list":["post-277","page","type-page","status-publish"],"_links":{"self":[{"href":"https:\/\/masterib.es\/en\/wp-json\/wp\/v2\/pages\/277","targetHints":{"allow":["GET"]}}],"collection":[{"href":"https:\/\/masterib.es\/en\/wp-json\/wp\/v2\/pages"}],"about":[{"href":"https:\/\/masterib.es\/en\/wp-json\/wp\/v2\/types\/page"}],"author":[{"embeddable":true,"href":"https:\/\/masterib.es\/en\/wp-json\/wp\/v2\/users\/1"}],"replies":[{"embeddable":true,"href":"https:\/\/masterib.es\/en\/wp-json\/wp\/v2\/comments?post=277"}],"version-history":[{"count":4,"href":"https:\/\/masterib.es\/en\/wp-json\/wp\/v2\/pages\/277\/revisions"}],"predecessor-version":[{"id":422,"href":"https:\/\/masterib.es\/en\/wp-json\/wp\/v2\/pages\/277\/revisions\/422"}],"up":[{"embeddable":true,"href":"https:\/\/masterib.es\/en\/wp-json\/wp\/v2\/pages\/131"}],"wp:attachment":[{"href":"https:\/\/masterib.es\/en\/wp-json\/wp\/v2\/media?parent=277"}],"curies":[{"name":"wp","href":"https:\/\/api.w.org\/{rel}","templated":true}]}}