{"id":330,"date":"2021-09-02T10:53:18","date_gmt":"2021-09-02T10:53:18","guid":{"rendered":"https:\/\/devmasterib.i3a.es\/?page_id=330"},"modified":"2021-09-13T06:13:54","modified_gmt":"2021-09-13T06:13:54","slug":"master-universitario-en-ingenieria-biomedica-tfm","status":"publish","type":"page","link":"https:\/\/masterib.es\/en\/master-universitario-en-ingenieria-biomedica-inicio\/master-universitario-en-ingenieria-biomedica-tfm\/","title":{"rendered":"M\u00e1ster Universitario en Ingenier\u00eda Biom\u00e9dica: TFM"},"content":{"rendered":"<div id=\"pl-gb330-69e8d425274f1\"  class=\"panel-layout\" ><div id=\"pg-gb330-69e8d425274f1-0\"  class=\"panel-grid panel-no-style\" ><div id=\"pgc-gb330-69e8d425274f1-0-0\"  class=\"panel-grid-cell\" ><div id=\"panel-gb330-69e8d425274f1-0-0-0\" class=\"so-panel widget_sow-editor panel-first-child panel-last-child\" data-index=\"0\" ><div class=\"color-master panel-widget-style panel-widget-style-for-gb330-69e8d425274f1-0-0-0\" ><div\n\t\t\t\n\t\t\tclass=\"so-widget-sow-editor so-widget-sow-editor-base\"\n\t\t\t\n\t\t>\n<div class=\"siteorigin-widget-tinymce textwidget\">\n\t<h1>Master of Biomedical Engineering<\/h1>\n<h3>TFM - Master's Thesis<\/h3>\n<\/div>\n<\/div><\/div><\/div><\/div><\/div><div id=\"pg-gb330-69e8d425274f1-1\"  class=\"panel-grid panel-no-style\" ><div id=\"pgc-gb330-69e8d425274f1-1-0\"  class=\"panel-grid-cell\" ><div id=\"panel-gb330-69e8d425274f1-1-0-0\" class=\"so-panel widget_sow-headline panel-first-child panel-last-child\" data-index=\"1\" ><div\n\t\t\t\n\t\t\tclass=\"so-widget-sow-headline so-widget-sow-headline-default-eb58c90b4a68-330\"\n\t\t\t\n\t\t><div class=\"sow-headline-container\">\n\t\t\t\t\t\t<div class=\"decoration\">\n\t\t\t\t\t\t<div class=\"decoration-inside\"><\/div>\n\t\t\t\t\t<\/div>\n\t\t\t\t\t<\/div>\n<\/div><\/div><\/div><\/div><div id=\"pg-gb330-69e8d425274f1-2\"  class=\"panel-grid panel-no-style\" ><div id=\"pgc-gb330-69e8d425274f1-2-0\"  class=\"panel-grid-cell\" ><div id=\"panel-gb330-69e8d425274f1-2-0-0\" class=\"so-panel widget_sow-editor panel-first-child panel-last-child\" data-index=\"2\" ><div\n\t\t\t\n\t\t\tclass=\"so-widget-sow-editor so-widget-sow-editor-base\"\n\t\t\t\n\t\t>\n<div class=\"siteorigin-widget-tinymce textwidget\">\n\t<p>Use the button below to access all general information about the TFM, including the procedure for proposing, drafting, filing and defending the TFM:<\/p>\n<\/div>\n<\/div><\/div><\/div><div id=\"pgc-gb330-69e8d425274f1-2-1\"  class=\"panel-grid-cell\" ><div id=\"panel-gb330-69e8d425274f1-2-1-0\" class=\"so-panel widget_sow-button panel-first-child panel-last-child\" data-index=\"3\" ><div\n\t\t\t\n\t\t\tclass=\"so-widget-sow-button so-widget-sow-button-atom-444746d67b4b-330\"\n\t\t\t\n\t\t><div class=\"ow-button-base ow-button-align-right\"\n>\n\t\t\t<a\n\t\t\t\t\thref=\"https:\/\/eina.unizar.es\/trabajos-fin-de-estudios\/\"\n\t\t\t\t\tclass=\"sowb-button ow-icon-placement-left ow-button-hover\" target=\"_blank\" rel=\"noopener noreferrer\" \t>\n\t\t<span>\n\t\t\t<span class=\"sow-icon-ionicons\" data-sow-icon=\"&#xf44c;\"\n\t\tstyle=\"\" \n\t\taria-hidden=\"true\"><\/span>\n\t\t\tInfo TFM\t\t<\/span>\n\t\t\t<\/a>\n\t<\/div>\n<\/div><\/div><\/div><\/div><div id=\"pg-gb330-69e8d425274f1-3\"  class=\"panel-grid panel-no-style\" ><div id=\"pgc-gb330-69e8d425274f1-3-0\"  class=\"panel-grid-cell\" ><div id=\"panel-gb330-69e8d425274f1-3-0-0\" class=\"so-panel widget_sow-editor panel-first-child\" data-index=\"4\" ><div\n\t\t\t\n\t\t\tclass=\"so-widget-sow-editor so-widget-sow-editor-base\"\n\t\t\t\n\t\t>\n<div class=\"siteorigin-widget-tinymce textwidget\">\n\t<p>Consult the catalogue of works presented and defended in previous editions of the Master's degree: <\/p>\n<\/div>\n<\/div><\/div><div id=\"panel-gb330-69e8d425274f1-3-0-1\" class=\"so-panel widget_sow-cta\" data-index=\"5\" ><div\n\t\t\t\n\t\t\tclass=\"so-widget-sow-cta so-widget-sow-cta-default-d14a8d7b8425-330\"\n\t\t\t\n\t\t><div\n\tclass=\"sow-cta-base\"\n\t>\n\t\n\t<div class=\"sow-cta-wrapper\">\n\n\t\t<div class=\"sow-cta-text\">\n\t\t\t\t\t\t\t<h4 class=\"sow-cta-title\">\n\t\t\t\t\tMaster's Thesis offered in the current academic year\t\t\t\t<\/h4>\n\t\t\t\n\t\t\t\t\t<\/div>\n\n\t\t<div\n\t\t\t\n\t\t\tclass=\"so-widget-sow-button so-widget-sow-button-atom-19c37cbc469e\"\n\t\t\t\n\t\t><div class=\"ow-button-base ow-button-align-center\"\n>\n\t\t\t<a\n\t\t\t\t\thref=\"http:\/\/intraneteina.unizar.es\/intraneteina\/index.php?r=ofertasPfc\/index&#038;t=TFM\"\n\t\t\t\t\tclass=\"sowb-button ow-icon-placement-left ow-button-hover\" target=\"_blank\" rel=\"noopener noreferrer\" \t>\n\t\t<span>\n\t\t\t\n\t\t\tOpen\t\t<\/span>\n\t\t\t<\/a>\n\t<\/div>\n<\/div>\n\t<\/div>\n\n\t<\/div>\n<\/div><\/div><div id=\"panel-gb330-69e8d425274f1-3-0-2\" class=\"so-panel widget_sow-cta panel-last-child\" data-index=\"6\" ><div\n\t\t\t\n\t\t\tclass=\"so-widget-sow-cta so-widget-sow-cta-default-d14a8d7b8425-330\"\n\t\t\t\n\t\t><div\n\tclass=\"sow-cta-base\"\n\t>\n\t\n\t<div class=\"sow-cta-wrapper\">\n\n\t\t<div class=\"sow-cta-text\">\n\t\t\t\t\t\t\t<h4 class=\"sow-cta-title\">\n\t\t\t\t\tPast Master's Thesis\t\t\t\t<\/h4>\n\t\t\t\n\t\t\t\t\t<\/div>\n\n\t\t<div\n\t\t\t\n\t\t\tclass=\"so-widget-sow-button so-widget-sow-button-atom-19c37cbc469e\"\n\t\t\t\n\t\t><div class=\"ow-button-base ow-button-align-center\"\n>\n\t\t\t<a\n\t\t\t\t\thref=\"https:\/\/zaguan.unizar.es\/search?ln=es&#038;cc=trabajos-fin-master&#038;p=biomedica&#038;f=titulacion&#038;action_search=Buscar&#038;c=trabajos-fin-master&#038;c=&#038;sf=year&#038;so=d&#038;rm=&#038;rg=25&#038;sc=1&#038;of=hb\"\n\t\t\t\t\tclass=\"sowb-button ow-icon-placement-left ow-button-hover\" target=\"_blank\" rel=\"noopener noreferrer\" \t>\n\t\t<span>\n\t\t\t\n\t\t\tOpen\t\t<\/span>\n\t\t\t<\/a>\n\t<\/div>\n<\/div>\n\t<\/div>\n\n\t<\/div>\n<\/div><\/div><\/div><\/div><div id=\"pg-gb330-69e8d425274f1-4\"  class=\"panel-grid panel-has-style\" ><div class=\"panel-row-style panel-row-style-for-gb330-69e8d425274f1-4\" ><div id=\"pgc-gb330-69e8d425274f1-4-0\"  class=\"panel-grid-cell\" ><div id=\"panel-gb330-69e8d425274f1-4-0-0\" class=\"so-panel widget_sow-image-grid panel-first-child panel-last-child\" data-index=\"7\" ><div\n\t\t\t\n\t\t\tclass=\"so-widget-sow-image-grid so-widget-sow-image-grid-default-05d5aea4f10c-330\"\n\t\t\t\n\t\t>\t<div\n\t\tclass=\"sow-image-grid-wrapper\"\n\t\t\t\tdata-max-height=\"70\"\t>\n\t\t\t\t\t<div class=\"sow-image-grid-image\">\n\t\t\t\t\t\t\t\t\t\t\t\t<img loading=\"lazy\" decoding=\"async\" width=\"200\" height=\"101\" src=\"https:\/\/masterib.es\/wp-content\/uploads\/2021\/09\/nuevo-logo-inma.png\" class=\"sow-image-grid-image_html\" alt=\"\" title=\"\" srcset=\"https:\/\/masterib.es\/wp-content\/uploads\/2021\/09\/nuevo-logo-inma.png 200w, https:\/\/masterib.es\/wp-content\/uploads\/2021\/09\/nuevo-logo-inma-18x9.png 18w\" sizes=\"auto, (max-width: 200px) 100vw, 200px\" \/>\t\t\t\t\t\t\t\t\t\t\t<\/div>\n\t\t\t\t\t<div class=\"sow-image-grid-image\">\n\t\t\t\t\t\t\t\t\t\t\t\t<img loading=\"lazy\" decoding=\"async\" width=\"300\" height=\"69\" src=\"https:\/\/masterib.es\/wp-content\/uploads\/2021\/08\/logo-I3A_UZ.jpg\" class=\"sow-image-grid-image_html\" alt=\"\" title=\"\" srcset=\"https:\/\/masterib.es\/wp-content\/uploads\/2021\/08\/logo-I3A_UZ.jpg 300w, https:\/\/masterib.es\/wp-content\/uploads\/2021\/08\/logo-I3A_UZ-18x4.jpg 18w\" sizes=\"auto, (max-width: 300px) 100vw, 300px\" \/>\t\t\t\t\t\t\t\t\t\t\t<\/div>\n\t\t\t\t\t<div class=\"sow-image-grid-image\">\n\t\t\t\t\t\t\t\t\t\t\t\t<img loading=\"lazy\" decoding=\"async\" width=\"300\" height=\"86\" src=\"https:\/\/masterib.es\/wp-content\/uploads\/2021\/08\/eina-logo-300x86.png\" class=\"sow-image-grid-image_html\" alt=\"\" title=\"\" srcset=\"https:\/\/masterib.es\/wp-content\/uploads\/2021\/08\/eina-logo-300x86.png 300w, https:\/\/masterib.es\/wp-content\/uploads\/2021\/08\/eina-logo-768x219.png 768w, https:\/\/masterib.es\/wp-content\/uploads\/2021\/08\/eina-logo-18x5.png 18w, https:\/\/masterib.es\/wp-content\/uploads\/2021\/08\/eina-logo.png 1024w\" sizes=\"auto, (max-width: 300px) 100vw, 300px\" \/>\t\t\t\t\t\t\t\t\t\t\t<\/div>\n\t\t\t\t\t<div class=\"sow-image-grid-image\">\n\t\t\t\t\t\t\t\t\t\t\t\t<img loading=\"lazy\" decoding=\"async\" width=\"300\" height=\"76\" src=\"https:\/\/masterib.es\/wp-content\/uploads\/2021\/08\/logoUZ-e1631512622249-300x76.png\" class=\"sow-image-grid-image_html\" alt=\"\" title=\"logoUZ\" srcset=\"https:\/\/masterib.es\/wp-content\/uploads\/2021\/08\/logoUZ-e1631512622249-300x76.png 300w, https:\/\/masterib.es\/wp-content\/uploads\/2021\/08\/logoUZ-e1631512622249-18x5.png 18w, https:\/\/masterib.es\/wp-content\/uploads\/2021\/08\/logoUZ-e1631512622249.png 585w\" sizes=\"auto, (max-width: 300px) 100vw, 300px\" \/>\t\t\t\t\t\t\t\t\t\t\t<\/div>\n\t\t\t<\/div>\n<\/div><\/div><\/div><\/div><\/div><\/div>\n\n\n<p><\/p>","protected":false},"excerpt":{"rendered":"<p>M\u00e1ster Universitario en Ingenier\u00eda Biom\u00e9dica TFM &#8211; Trabajos Fin de M\u00e1ster<\/p>","protected":false},"author":1,"featured_media":0,"parent":131,"menu_order":0,"comment_status":"closed","ping_status":"closed","template":"","meta":{"_monsterinsights_skip_tracking":false,"_monsterinsights_sitenote_active":false,"_monsterinsights_sitenote_note":"","_monsterinsights_sitenote_category":0,"footnotes":""},"class_list":["post-330","page","type-page","status-publish"],"_links":{"self":[{"href":"https:\/\/masterib.es\/en\/wp-json\/wp\/v2\/pages\/330","targetHints":{"allow":["GET"]}}],"collection":[{"href":"https:\/\/masterib.es\/en\/wp-json\/wp\/v2\/pages"}],"about":[{"href":"https:\/\/masterib.es\/en\/wp-json\/wp\/v2\/types\/page"}],"author":[{"embeddable":true,"href":"https:\/\/masterib.es\/en\/wp-json\/wp\/v2\/users\/1"}],"replies":[{"embeddable":true,"href":"https:\/\/masterib.es\/en\/wp-json\/wp\/v2\/comments?post=330"}],"version-history":[{"count":20,"href":"https:\/\/masterib.es\/en\/wp-json\/wp\/v2\/pages\/330\/revisions"}],"predecessor-version":[{"id":424,"href":"https:\/\/masterib.es\/en\/wp-json\/wp\/v2\/pages\/330\/revisions\/424"}],"up":[{"embeddable":true,"href":"https:\/\/masterib.es\/en\/wp-json\/wp\/v2\/pages\/131"}],"wp:attachment":[{"href":"https:\/\/masterib.es\/en\/wp-json\/wp\/v2\/media?parent=330"}],"curies":[{"name":"wp","href":"https:\/\/api.w.org\/{rel}","templated":true}]}}