{"id":356,"date":"2021-09-02T11:19:43","date_gmt":"2021-09-02T11:19:43","guid":{"rendered":"https:\/\/devmasterib.i3a.es\/?page_id=356"},"modified":"2021-09-13T06:08:28","modified_gmt":"2021-09-13T06:08:28","slug":"master-universitario-en-ingenieria-biomedica-preguntas-frecuentes","status":"publish","type":"page","link":"https:\/\/masterib.es\/en\/master-universitario-en-ingenieria-biomedica-inicio\/master-universitario-en-ingenieria-biomedica-preguntas-frecuentes\/","title":{"rendered":"M\u00e1ster Universitario en Ingenier\u00eda Biom\u00e9dica: Preguntas frecuentes"},"content":{"rendered":"<div id=\"pl-gb356-69d4a3d22d801\"  class=\"panel-layout\" ><div id=\"pg-gb356-69d4a3d22d801-0\"  class=\"panel-grid panel-no-style\" ><div id=\"pgc-gb356-69d4a3d22d801-0-0\"  class=\"panel-grid-cell\" ><div id=\"panel-gb356-69d4a3d22d801-0-0-0\" class=\"so-panel widget_sow-editor panel-first-child panel-last-child\" data-index=\"0\" ><div class=\"color-master panel-widget-style panel-widget-style-for-gb356-69d4a3d22d801-0-0-0\" ><div\n\t\t\t\n\t\t\tclass=\"so-widget-sow-editor so-widget-sow-editor-base\"\n\t\t\t\n\t\t>\n<div class=\"siteorigin-widget-tinymce textwidget\">\n\t<h1>Master of Biomedical Engineering<\/h1>\n<h3>FAQ<\/h3>\n<\/div>\n<\/div><\/div><\/div><\/div><\/div><div id=\"pg-gb356-69d4a3d22d801-1\"  class=\"panel-grid panel-no-style\" ><div id=\"pgc-gb356-69d4a3d22d801-1-0\"  class=\"panel-grid-cell\" ><div id=\"panel-gb356-69d4a3d22d801-1-0-0\" class=\"so-panel widget_sow-headline panel-first-child panel-last-child\" data-index=\"1\" ><div\n\t\t\t\n\t\t\tclass=\"so-widget-sow-headline so-widget-sow-headline-default-eb58c90b4a68-356\"\n\t\t\t\n\t\t><div class=\"sow-headline-container\">\n\t\t\t\t\t\t<div class=\"decoration\">\n\t\t\t\t\t\t<div class=\"decoration-inside\"><\/div>\n\t\t\t\t\t<\/div>\n\t\t\t\t\t<\/div>\n<\/div><\/div><\/div><\/div><div id=\"pg-gb356-69d4a3d22d801-2\"  class=\"panel-grid panel-no-style\" ><div id=\"pgc-gb356-69d4a3d22d801-2-0\"  class=\"panel-grid-cell\" ><div id=\"panel-gb356-69d4a3d22d801-2-0-0\" class=\"so-panel widget_sow-accordion panel-first-child panel-last-child\" data-index=\"2\" ><div\n\t\t\t\n\t\t\tclass=\"so-widget-sow-accordion so-widget-sow-accordion-default-8c182dd19332-356\"\n\t\t\t\n\t\t><div>\n\t<div class=\"sow-accordion\">\n\t\t\t<div class=\"sow-accordion-panel\"\n\t\t\tdata-anchor-id=\"me-tengo-que-matricular-de-todas-las-asignaturas-en-julio-septiembre\">\n\t\t\t\t<div class=\"sow-accordion-panel-header-container\" role=\"heading\" aria-level=\"2\">\n\t\t\t\t\t<div class=\"sow-accordion-panel-header\" tabindex=\"0\" role=\"button\" id=\"accordion-label-%c2%bfme-tengo-que-matricular-de-todas-las-asignaturas-en-julioseptiembre\" aria-controls=\"accordion-content-%c2%bfme-tengo-que-matricular-de-todas-las-asignaturas-en-julioseptiembre\" aria-expanded=\"false\">\n\t\t\t\t\t\t<div class=\"sow-accordion-title sow-accordion-title-icon-left\">\n\t\t\t\t\t\t\t\t\t\t\t\t\t\tDo I have to register for all subjects in July\/September?\t\t\t\t\t\t\t\t\t\t\t\t\t<\/div>\n\t\t\t\t\t\t<div class=\"sow-accordion-open-close-button\">\n\t\t\t\t\t\t\t<div class=\"sow-accordion-open-button\">\n\t\t\t\t\t\t\t\t<span class=\"sow-icon-ionicons\" data-sow-icon=\"&#xf218;\"\n\t\t \n\t\taria-hidden=\"true\"><\/span>\t\t\t\t\t\t\t<\/div>\n\t\t\t\t\t\t\t<div class=\"sow-accordion-close-button\">\n\t\t\t\t\t\t\t\t<span class=\"sow-icon-ionicons\" data-sow-icon=\"&#xf209;\"\n\t\t \n\t\taria-hidden=\"true\"><\/span>\t\t\t\t\t\t\t<\/div>\n\t\t\t\t\t\t<\/div>\n\t\t\t\t\t<\/div>\n\t\t\t\t<\/div>\n\n\t\t\t<div\n\t\t\t\tclass=\"sow-accordion-panel-content\"\n\t\t\t\trole=\"region\"\n\t\t\t\taria-labelledby=\"accordion-label-%c2%bfme-tengo-que-matricular-de-todas-las-asignaturas-en-julioseptiembre\"\n\t\t\t\tid=\"accordion-content-%c2%bfme-tengo-que-matricular-de-todas-las-asignaturas-en-julioseptiembre\"\n\t\t\t\tstyle=\"display: none;\"\t\t\t>\n\t\t\t\t<div class=\"sow-accordion-panel-border\">\n\t\t\t\t\t<p>In the July and September enrolment periods, you can enrol for all the credits you need to take, but you can also leave your enrolment open. In February\/January there is a period to change\/extend your registration. In fact, in the Master's programme, after the first semester exams, we organise a day where all the elective suggests are presented so that you can complete your enrolment in the period dedicated to them.<\/p>\n\t\t\t\t<\/div>\n\t\t\t<\/div>\n\t\t<\/div>\n\t\t\t<div class=\"sow-accordion-panel\"\n\t\t\tdata-anchor-id=\"tengo-obligatoriamente-que-cursar-una-especialidad\">\n\t\t\t\t<div class=\"sow-accordion-panel-header-container\" role=\"heading\" aria-level=\"2\">\n\t\t\t\t\t<div class=\"sow-accordion-panel-header\" tabindex=\"0\" role=\"button\" id=\"accordion-label-%c2%bftengo-obligatoriamente-que-cursar-una-especialidad\" aria-controls=\"accordion-content-%c2%bftengo-obligatoriamente-que-cursar-una-especialidad\" aria-expanded=\"false\">\n\t\t\t\t\t\t<div class=\"sow-accordion-title sow-accordion-title-icon-left\">\n\t\t\t\t\t\t\t\t\t\t\t\t\t\tDo I have to take a speciality?\t\t\t\t\t\t\t\t\t\t\t\t\t<\/div>\n\t\t\t\t\t\t<div class=\"sow-accordion-open-close-button\">\n\t\t\t\t\t\t\t<div class=\"sow-accordion-open-button\">\n\t\t\t\t\t\t\t\t<span class=\"sow-icon-ionicons\" data-sow-icon=\"&#xf218;\"\n\t\t \n\t\taria-hidden=\"true\"><\/span>\t\t\t\t\t\t\t<\/div>\n\t\t\t\t\t\t\t<div class=\"sow-accordion-close-button\">\n\t\t\t\t\t\t\t\t<span class=\"sow-icon-ionicons\" data-sow-icon=\"&#xf209;\"\n\t\t \n\t\taria-hidden=\"true\"><\/span>\t\t\t\t\t\t\t<\/div>\n\t\t\t\t\t\t<\/div>\n\t\t\t\t\t<\/div>\n\t\t\t\t<\/div>\n\n\t\t\t<div\n\t\t\t\tclass=\"sow-accordion-panel-content\"\n\t\t\t\trole=\"region\"\n\t\t\t\taria-labelledby=\"accordion-label-%c2%bftengo-obligatoriamente-que-cursar-una-especialidad\"\n\t\t\t\tid=\"accordion-content-%c2%bftengo-obligatoriamente-que-cursar-una-especialidad\"\n\t\t\t\tstyle=\"display: none;\"\t\t\t>\n\t\t\t\t<div class=\"sow-accordion-panel-border\">\n\t\t\t\t\t<p>No. There are two specialisations in the Master's degree: \"Information and Communication Technologies in Biomedical Engineering\" and \"Biomechanics and Advanced Biomaterials\". If you are interested in both, you can take subjects from both and add one of the specialisations in Horizontal Technologies and Nanomedicine.<\/p>\n\t\t\t\t<\/div>\n\t\t\t<\/div>\n\t\t<\/div>\n\t\t\t<div class=\"sow-accordion-panel\"\n\t\t\tdata-anchor-id=\"si-quiero-cursar-una-especialidad-cuales-son-las-condiciones-de-matricula-y-asignaturas-cursadas\">\n\t\t\t\t<div class=\"sow-accordion-panel-header-container\" role=\"heading\" aria-level=\"2\">\n\t\t\t\t\t<div class=\"sow-accordion-panel-header\" tabindex=\"0\" role=\"button\" id=\"accordion-label-si-quiero-cursar-una-especialidad-%c2%bfcu%c3%a1les-son-las-condiciones-de-matr%c3%adcula-y-asignaturas-cursadas\" aria-controls=\"accordion-content-si-quiero-cursar-una-especialidad-%c2%bfcu%c3%a1les-son-las-condiciones-de-matr%c3%adcula-y-asignaturas-cursadas\" aria-expanded=\"false\">\n\t\t\t\t\t\t<div class=\"sow-accordion-title sow-accordion-title-icon-left\">\n\t\t\t\t\t\t\t\t\t\t\t\t\t\tIf I want to study a speciality, what are the conditions for enrolment and subjects taken?\t\t\t\t\t\t\t\t\t\t\t\t\t<\/div>\n\t\t\t\t\t\t<div class=\"sow-accordion-open-close-button\">\n\t\t\t\t\t\t\t<div class=\"sow-accordion-open-button\">\n\t\t\t\t\t\t\t\t<span class=\"sow-icon-ionicons\" data-sow-icon=\"&#xf218;\"\n\t\t \n\t\taria-hidden=\"true\"><\/span>\t\t\t\t\t\t\t<\/div>\n\t\t\t\t\t\t\t<div class=\"sow-accordion-close-button\">\n\t\t\t\t\t\t\t\t<span class=\"sow-icon-ionicons\" data-sow-icon=\"&#xf209;\"\n\t\t \n\t\taria-hidden=\"true\"><\/span>\t\t\t\t\t\t\t<\/div>\n\t\t\t\t\t\t<\/div>\n\t\t\t\t\t<\/div>\n\t\t\t\t<\/div>\n\n\t\t\t<div\n\t\t\t\tclass=\"sow-accordion-panel-content\"\n\t\t\t\trole=\"region\"\n\t\t\t\taria-labelledby=\"accordion-label-si-quiero-cursar-una-especialidad-%c2%bfcu%c3%a1les-son-las-condiciones-de-matr%c3%adcula-y-asignaturas-cursadas\"\n\t\t\t\tid=\"accordion-content-si-quiero-cursar-una-especialidad-%c2%bfcu%c3%a1les-son-las-condiciones-de-matr%c3%adcula-y-asignaturas-cursadas\"\n\t\t\t\tstyle=\"display: none;\"\t\t\t>\n\t\t\t\t<div class=\"sow-accordion-panel-border\">\n\t\t\t\t\t<p>There are two specialisations in the Master's degree: \"Biomechanics and Advanced Biomaterials\" and \"ICT in Biomedical Engineering\". For the degree to appear as \"Biomechanics and Advanced Biomaterials\", you must take at least 24 credits of the specialisation module within the subjects: 'Biomechanics, Biomaterials and Tissue Engineering Technologies', 'Nanomedicine Technologies', 'Horizontal Technologies' and 'Internships'. Provided that at least 18 credits come from the first two subjects. For the degree to appear as \"ICT in Biomedical Engineering\", you must take at least 24 credits of the specialisation module within the subjects: 'ICT in Biomedical Engineering', 'Horizontal Technologies' and 'Internships'. Provided that at least 18 credits are from the first module.<\/p>\n\t\t\t\t<\/div>\n\t\t\t<\/div>\n\t\t<\/div>\n\t\t\t<div class=\"sow-accordion-panel\"\n\t\t\tdata-anchor-id=\"si-trabajo-puedo-hacer-una-matricula-parcial\">\n\t\t\t\t<div class=\"sow-accordion-panel-header-container\" role=\"heading\" aria-level=\"2\">\n\t\t\t\t\t<div class=\"sow-accordion-panel-header\" tabindex=\"0\" role=\"button\" id=\"accordion-label-si-trabajo-%c2%bfpuedo-hacer-una-matr%c3%adcula-parcial\" aria-controls=\"accordion-content-si-trabajo-%c2%bfpuedo-hacer-una-matr%c3%adcula-parcial\" aria-expanded=\"false\">\n\t\t\t\t\t\t<div class=\"sow-accordion-title sow-accordion-title-icon-left\">\n\t\t\t\t\t\t\t\t\t\t\t\t\t\tIf I work, can I do a partial registration? \t\t\t\t\t\t\t\t\t\t\t\t\t<\/div>\n\t\t\t\t\t\t<div class=\"sow-accordion-open-close-button\">\n\t\t\t\t\t\t\t<div class=\"sow-accordion-open-button\">\n\t\t\t\t\t\t\t\t<span class=\"sow-icon-ionicons\" data-sow-icon=\"&#xf218;\"\n\t\t \n\t\taria-hidden=\"true\"><\/span>\t\t\t\t\t\t\t<\/div>\n\t\t\t\t\t\t\t<div class=\"sow-accordion-close-button\">\n\t\t\t\t\t\t\t\t<span class=\"sow-icon-ionicons\" data-sow-icon=\"&#xf209;\"\n\t\t \n\t\taria-hidden=\"true\"><\/span>\t\t\t\t\t\t\t<\/div>\n\t\t\t\t\t\t<\/div>\n\t\t\t\t\t<\/div>\n\t\t\t\t<\/div>\n\n\t\t\t<div\n\t\t\t\tclass=\"sow-accordion-panel-content\"\n\t\t\t\trole=\"region\"\n\t\t\t\taria-labelledby=\"accordion-label-si-trabajo-%c2%bfpuedo-hacer-una-matr%c3%adcula-parcial\"\n\t\t\t\tid=\"accordion-content-si-trabajo-%c2%bfpuedo-hacer-una-matr%c3%adcula-parcial\"\n\t\t\t\tstyle=\"display: none;\"\t\t\t>\n\t\t\t\t<div class=\"sow-accordion-panel-border\">\n\t\t\t\t\t<p>Yes, you can enrol for a minimum of 12 credits and a maximum of 42 credits if you are studying part-time, you must apply before enrolling.<\/p>\n\t\t\t\t<\/div>\n\t\t\t<\/div>\n\t\t<\/div>\n\t\t\t<div class=\"sow-accordion-panel\"\n\t\t\tdata-anchor-id=\"puedo-hacer-practicas-en-empresa-y-que-se-me-reconozcan-los-creditos\">\n\t\t\t\t<div class=\"sow-accordion-panel-header-container\" role=\"heading\" aria-level=\"2\">\n\t\t\t\t\t<div class=\"sow-accordion-panel-header\" tabindex=\"0\" role=\"button\" id=\"accordion-label-%c2%bfpuedo-hacer-pr%c3%a1cticas-en-empresa-y-qu%c3%a9-se-me-reconozcan-los-cr%c3%a9ditos\" aria-controls=\"accordion-content-%c2%bfpuedo-hacer-pr%c3%a1cticas-en-empresa-y-qu%c3%a9-se-me-reconozcan-los-cr%c3%a9ditos\" aria-expanded=\"false\">\n\t\t\t\t\t\t<div class=\"sow-accordion-title sow-accordion-title-icon-left\">\n\t\t\t\t\t\t\t\t\t\t\t\t\t\tCan I do an internship and have the credits recognised? \t\t\t\t\t\t\t\t\t\t\t\t\t<\/div>\n\t\t\t\t\t\t<div class=\"sow-accordion-open-close-button\">\n\t\t\t\t\t\t\t<div class=\"sow-accordion-open-button\">\n\t\t\t\t\t\t\t\t<span class=\"sow-icon-ionicons\" data-sow-icon=\"&#xf218;\"\n\t\t \n\t\taria-hidden=\"true\"><\/span>\t\t\t\t\t\t\t<\/div>\n\t\t\t\t\t\t\t<div class=\"sow-accordion-close-button\">\n\t\t\t\t\t\t\t\t<span class=\"sow-icon-ionicons\" data-sow-icon=\"&#xf209;\"\n\t\t \n\t\taria-hidden=\"true\"><\/span>\t\t\t\t\t\t\t<\/div>\n\t\t\t\t\t\t<\/div>\n\t\t\t\t\t<\/div>\n\t\t\t\t<\/div>\n\n\t\t\t<div\n\t\t\t\tclass=\"sow-accordion-panel-content\"\n\t\t\t\trole=\"region\"\n\t\t\t\taria-labelledby=\"accordion-label-%c2%bfpuedo-hacer-pr%c3%a1cticas-en-empresa-y-qu%c3%a9-se-me-reconozcan-los-cr%c3%a9ditos\"\n\t\t\t\tid=\"accordion-content-%c2%bfpuedo-hacer-pr%c3%a1cticas-en-empresa-y-qu%c3%a9-se-me-reconozcan-los-cr%c3%a9ditos\"\n\t\t\t\tstyle=\"display: none;\"\t\t\t>\n\t\t\t\t<div class=\"sow-accordion-panel-border\">\n\t\t\t\t\t<p>Yes, internships can be recognised for up to 6 credits. The company must be within the scope of the Masters programme. The process is the same as for undergraduate interships and is managed by Universa.<\/p>\n\t\t\t\t<\/div>\n\t\t\t<\/div>\n\t\t<\/div>\n\t\t\t<div class=\"sow-accordion-panel\"\n\t\t\tdata-anchor-id=\"puedo-hacer-practicas-en-un-grupo-de-investigacion-y-que-se-me-reconozcan-los-creditos\">\n\t\t\t\t<div class=\"sow-accordion-panel-header-container\" role=\"heading\" aria-level=\"2\">\n\t\t\t\t\t<div class=\"sow-accordion-panel-header\" tabindex=\"0\" role=\"button\" id=\"accordion-label-%c2%bfpuedo-hacer-pr%c3%a1cticas-en-un-grupo-de-investigaci%c3%b3n-y-qu%c3%a9-se-me-reconozcan-los-cr%c3%a9ditos\" aria-controls=\"accordion-content-%c2%bfpuedo-hacer-pr%c3%a1cticas-en-un-grupo-de-investigaci%c3%b3n-y-qu%c3%a9-se-me-reconozcan-los-cr%c3%a9ditos\" aria-expanded=\"false\">\n\t\t\t\t\t\t<div class=\"sow-accordion-title sow-accordion-title-icon-left\">\n\t\t\t\t\t\t\t\t\t\t\t\t\t\tCan I do an internship in a research group and have the credits recognised? \t\t\t\t\t\t\t\t\t\t\t\t\t<\/div>\n\t\t\t\t\t\t<div class=\"sow-accordion-open-close-button\">\n\t\t\t\t\t\t\t<div class=\"sow-accordion-open-button\">\n\t\t\t\t\t\t\t\t<span class=\"sow-icon-ionicons\" data-sow-icon=\"&#xf218;\"\n\t\t \n\t\taria-hidden=\"true\"><\/span>\t\t\t\t\t\t\t<\/div>\n\t\t\t\t\t\t\t<div class=\"sow-accordion-close-button\">\n\t\t\t\t\t\t\t\t<span class=\"sow-icon-ionicons\" data-sow-icon=\"&#xf209;\"\n\t\t \n\t\taria-hidden=\"true\"><\/span>\t\t\t\t\t\t\t<\/div>\n\t\t\t\t\t\t<\/div>\n\t\t\t\t\t<\/div>\n\t\t\t\t<\/div>\n\n\t\t\t<div\n\t\t\t\tclass=\"sow-accordion-panel-content\"\n\t\t\t\trole=\"region\"\n\t\t\t\taria-labelledby=\"accordion-label-%c2%bfpuedo-hacer-pr%c3%a1cticas-en-un-grupo-de-investigaci%c3%b3n-y-qu%c3%a9-se-me-reconozcan-los-cr%c3%a9ditos\"\n\t\t\t\tid=\"accordion-content-%c2%bfpuedo-hacer-pr%c3%a1cticas-en-un-grupo-de-investigaci%c3%b3n-y-qu%c3%a9-se-me-reconozcan-los-cr%c3%a9ditos\"\n\t\t\t\tstyle=\"display: none;\"\t\t\t>\n\t\t\t\t<div class=\"sow-accordion-panel-border\">\n\t\t\t\t\t<p>Yes, You can do internships in a research group which can be recognised for up to 6 credits. They work in exactly the same way as an internship in a company.<\/p>\n\t\t\t\t<\/div>\n\t\t\t<\/div>\n\t\t<\/div>\n\t\t\t<div class=\"sow-accordion-panel\"\n\t\t\tdata-anchor-id=\"puedo-hacer-el-tfm-en-una-empresa\">\n\t\t\t\t<div class=\"sow-accordion-panel-header-container\" role=\"heading\" aria-level=\"2\">\n\t\t\t\t\t<div class=\"sow-accordion-panel-header\" tabindex=\"0\" role=\"button\" id=\"accordion-label-%c2%bfpuedo-hacer-el-tfm-en-una-empresa\" aria-controls=\"accordion-content-%c2%bfpuedo-hacer-el-tfm-en-una-empresa\" aria-expanded=\"false\">\n\t\t\t\t\t\t<div class=\"sow-accordion-title sow-accordion-title-icon-left\">\n\t\t\t\t\t\t\t\t\t\t\t\t\t\tCan I do the Master Thesis in a company?\t\t\t\t\t\t\t\t\t\t\t\t\t<\/div>\n\t\t\t\t\t\t<div class=\"sow-accordion-open-close-button\">\n\t\t\t\t\t\t\t<div class=\"sow-accordion-open-button\">\n\t\t\t\t\t\t\t\t<span class=\"sow-icon-ionicons\" data-sow-icon=\"&#xf218;\"\n\t\t \n\t\taria-hidden=\"true\"><\/span>\t\t\t\t\t\t\t<\/div>\n\t\t\t\t\t\t\t<div class=\"sow-accordion-close-button\">\n\t\t\t\t\t\t\t\t<span class=\"sow-icon-ionicons\" data-sow-icon=\"&#xf209;\"\n\t\t \n\t\taria-hidden=\"true\"><\/span>\t\t\t\t\t\t\t<\/div>\n\t\t\t\t\t\t<\/div>\n\t\t\t\t\t<\/div>\n\t\t\t\t<\/div>\n\n\t\t\t<div\n\t\t\t\tclass=\"sow-accordion-panel-content\"\n\t\t\t\trole=\"region\"\n\t\t\t\taria-labelledby=\"accordion-label-%c2%bfpuedo-hacer-el-tfm-en-una-empresa\"\n\t\t\t\tid=\"accordion-content-%c2%bfpuedo-hacer-el-tfm-en-una-empresa\"\n\t\t\t\tstyle=\"display: none;\"\t\t\t>\n\t\t\t\t<div class=\"sow-accordion-panel-border\">\n\t\t\t\t\t<p>Yes, as long as the dissertation is within the scope of the Master's degree. The direction of the dissertation must meet certain requirements. For further information <a href=\"https:\/\/eina.unizar.es\/trabajos-fin-de-estudios\/\" target=\"_blank\" rel=\"noopener\">aqu\u00ed<\/a>.<\/p>\n\t\t\t\t<\/div>\n\t\t\t<\/div>\n\t\t<\/div>\n\t\t<\/div>\n<\/div>\n<\/div><\/div><\/div><\/div><div id=\"pg-gb356-69d4a3d22d801-3\"  class=\"panel-grid panel-has-style\" ><div class=\"panel-row-style panel-row-style-for-gb356-69d4a3d22d801-3\" ><div id=\"pgc-gb356-69d4a3d22d801-3-0\"  class=\"panel-grid-cell\" ><div id=\"panel-gb356-69d4a3d22d801-3-0-0\" class=\"so-panel widget_sow-image-grid panel-first-child panel-last-child\" data-index=\"3\" ><div\n\t\t\t\n\t\t\tclass=\"so-widget-sow-image-grid so-widget-sow-image-grid-default-05d5aea4f10c-356\"\n\t\t\t\n\t\t>\t<div\n\t\tclass=\"sow-image-grid-wrapper\"\n\t\t\t\tdata-max-height=\"70\"\t>\n\t\t\t\t\t<div class=\"sow-image-grid-image\">\n\t\t\t\t\t\t\t\t\t\t\t\t<img loading=\"lazy\" decoding=\"async\" width=\"200\" height=\"101\" src=\"https:\/\/masterib.es\/wp-content\/uploads\/2021\/09\/nuevo-logo-inma.png\" class=\"sow-image-grid-image_html\" alt=\"\" title=\"\" srcset=\"https:\/\/masterib.es\/wp-content\/uploads\/2021\/09\/nuevo-logo-inma.png 200w, https:\/\/masterib.es\/wp-content\/uploads\/2021\/09\/nuevo-logo-inma-18x9.png 18w\" sizes=\"auto, (max-width: 200px) 100vw, 200px\" \/>\t\t\t\t\t\t\t\t\t\t\t<\/div>\n\t\t\t\t\t<div class=\"sow-image-grid-image\">\n\t\t\t\t\t\t\t\t\t\t\t\t<img loading=\"lazy\" decoding=\"async\" width=\"300\" height=\"69\" src=\"https:\/\/masterib.es\/wp-content\/uploads\/2021\/08\/logo-I3A_UZ.jpg\" class=\"sow-image-grid-image_html\" alt=\"\" title=\"\" srcset=\"https:\/\/masterib.es\/wp-content\/uploads\/2021\/08\/logo-I3A_UZ.jpg 300w, https:\/\/masterib.es\/wp-content\/uploads\/2021\/08\/logo-I3A_UZ-18x4.jpg 18w\" sizes=\"auto, (max-width: 300px) 100vw, 300px\" \/>\t\t\t\t\t\t\t\t\t\t\t<\/div>\n\t\t\t\t\t<div class=\"sow-image-grid-image\">\n\t\t\t\t\t\t\t\t\t\t\t\t<img loading=\"lazy\" decoding=\"async\" width=\"300\" height=\"86\" src=\"https:\/\/masterib.es\/wp-content\/uploads\/2021\/08\/eina-logo-300x86.png\" class=\"sow-image-grid-image_html\" alt=\"\" title=\"\" srcset=\"https:\/\/masterib.es\/wp-content\/uploads\/2021\/08\/eina-logo-300x86.png 300w, https:\/\/masterib.es\/wp-content\/uploads\/2021\/08\/eina-logo-768x219.png 768w, https:\/\/masterib.es\/wp-content\/uploads\/2021\/08\/eina-logo-18x5.png 18w, https:\/\/masterib.es\/wp-content\/uploads\/2021\/08\/eina-logo.png 1024w\" sizes=\"auto, (max-width: 300px) 100vw, 300px\" \/>\t\t\t\t\t\t\t\t\t\t\t<\/div>\n\t\t\t\t\t<div class=\"sow-image-grid-image\">\n\t\t\t\t\t\t\t\t\t\t\t\t<img loading=\"lazy\" decoding=\"async\" width=\"300\" height=\"76\" src=\"https:\/\/masterib.es\/wp-content\/uploads\/2021\/08\/logoUZ-e1631512622249-300x76.png\" class=\"sow-image-grid-image_html\" alt=\"\" title=\"logoUZ\" srcset=\"https:\/\/masterib.es\/wp-content\/uploads\/2021\/08\/logoUZ-e1631512622249-300x76.png 300w, https:\/\/masterib.es\/wp-content\/uploads\/2021\/08\/logoUZ-e1631512622249-18x5.png 18w, https:\/\/masterib.es\/wp-content\/uploads\/2021\/08\/logoUZ-e1631512622249.png 585w\" sizes=\"auto, (max-width: 300px) 100vw, 300px\" \/>\t\t\t\t\t\t\t\t\t\t\t<\/div>\n\t\t\t<\/div>\n<\/div><\/div><\/div><\/div><\/div><\/div>\n\n\n<p><\/p>","protected":false},"excerpt":{"rendered":"<p>M\u00e1ster Universitario en Ingenier\u00eda Biom\u00e9dica Preguntas frecuentes<\/p>","protected":false},"author":1,"featured_media":0,"parent":131,"menu_order":0,"comment_status":"closed","ping_status":"closed","template":"","meta":{"_monsterinsights_skip_tracking":false,"_monsterinsights_sitenote_active":false,"_monsterinsights_sitenote_note":"","_monsterinsights_sitenote_category":0,"footnotes":""},"class_list":["post-356","page","type-page","status-publish"],"_links":{"self":[{"href":"https:\/\/masterib.es\/en\/wp-json\/wp\/v2\/pages\/356","targetHints":{"allow":["GET"]}}],"collection":[{"href":"https:\/\/masterib.es\/en\/wp-json\/wp\/v2\/pages"}],"about":[{"href":"https:\/\/masterib.es\/en\/wp-json\/wp\/v2\/types\/page"}],"author":[{"embeddable":true,"href":"https:\/\/masterib.es\/en\/wp-json\/wp\/v2\/users\/1"}],"replies":[{"embeddable":true,"href":"https:\/\/masterib.es\/en\/wp-json\/wp\/v2\/comments?post=356"}],"version-history":[{"count":11,"href":"https:\/\/masterib.es\/en\/wp-json\/wp\/v2\/pages\/356\/revisions"}],"predecessor-version":[{"id":419,"href":"https:\/\/masterib.es\/en\/wp-json\/wp\/v2\/pages\/356\/revisions\/419"}],"up":[{"embeddable":true,"href":"https:\/\/masterib.es\/en\/wp-json\/wp\/v2\/pages\/131"}],"wp:attachment":[{"href":"https:\/\/masterib.es\/en\/wp-json\/wp\/v2\/media?parent=356"}],"curies":[{"name":"wp","href":"https:\/\/api.w.org\/{rel}","templated":true}]}}