{"id":388,"date":"2021-09-08T10:30:34","date_gmt":"2021-09-08T10:30:34","guid":{"rendered":"https:\/\/devmasterib.i3a.es\/?page_id=388"},"modified":"2023-05-11T06:54:53","modified_gmt":"2023-05-11T06:54:53","slug":"programa-de-doctorado-en-ingenieria-biomedica-profesorado","status":"publish","type":"page","link":"https:\/\/masterib.es\/en\/programa-de-doctorado-en-ingenieria-biomedica-inicio\/programa-de-doctorado-en-ingenieria-biomedica-profesorado\/","title":{"rendered":"Programa de Doctorado en Ingenier\u00eda Biom\u00e9dica: Profesorado"},"content":{"rendered":"<div id=\"pl-gb388-69d283c5ac7f9\"  class=\"panel-layout\" ><div id=\"pg-gb388-69d283c5ac7f9-0\"  class=\"panel-grid panel-no-style\" ><div id=\"pgc-gb388-69d283c5ac7f9-0-0\"  class=\"panel-grid-cell\" ><div id=\"panel-gb388-69d283c5ac7f9-0-0-0\" class=\"so-panel widget_sow-editor panel-first-child panel-last-child\" data-index=\"0\" ><div class=\"color-doctorado panel-widget-style panel-widget-style-for-gb388-69d283c5ac7f9-0-0-0\" ><div\n\t\t\t\n\t\t\tclass=\"so-widget-sow-editor so-widget-sow-editor-base\"\n\t\t\t\n\t\t>\n<div class=\"siteorigin-widget-tinymce textwidget\">\n\t<h1>Ph.D. Program in Biomedical Engineering<\/h1>\n<h3>Staff<\/h3>\n<\/div>\n<\/div><\/div><\/div><\/div><\/div><div id=\"pg-gb388-69d283c5ac7f9-1\"  class=\"panel-grid panel-no-style\" ><div id=\"pgc-gb388-69d283c5ac7f9-1-0\"  class=\"panel-grid-cell\" ><div id=\"panel-gb388-69d283c5ac7f9-1-0-0\" class=\"so-panel widget_sow-headline panel-first-child\" data-index=\"1\" ><div\n\t\t\t\n\t\t\tclass=\"so-widget-sow-headline so-widget-sow-headline-default-eb58c90b4a68-388\"\n\t\t\t\n\t\t><div class=\"sow-headline-container\">\n\t\t\t\t\t\t<div class=\"decoration\">\n\t\t\t\t\t\t<div class=\"decoration-inside\"><\/div>\n\t\t\t\t\t<\/div>\n\t\t\t\t\t<\/div>\n<\/div><\/div><div id=\"panel-gb388-69d283c5ac7f9-1-0-1\" class=\"so-panel widget_sow-editor panel-last-child\" data-index=\"2\" ><div\n\t\t\t\n\t\t\tclass=\"so-widget-sow-editor so-widget-sow-editor-base\"\n\t\t\t\n\t\t>\n<div class=\"siteorigin-widget-tinymce textwidget\">\n\t<h4>Research Lines<\/h4>\n<div>\n<ul class=\"listado\">\n<li>AMB (Grupo de Mec\u00e1nica Aplicada y Bioingenier\u00eda)<\/li>\n<li>BIBITE &#8211; Biomateriales, Biomec\u00e1nica e Ingenier\u00eda de Tejidos<\/li>\n<li>CV LAB(Grupo de visi\u00f3n por Computador)<\/li>\n<li>GBM (Grupo Biomateriales)<\/li>\n<li>GEMM (Grupo de Mec\u00e1nica Estructural y Modelado de Materiales)<\/li>\n<li>GIE &#8211; Grupo de Inform\u00e1tica en la Ingenier\u00eda<\/li>\n<li>GREENER &#8211; Grupo de investigaci\u00f3n de estudios energ\u00e9ticos y de las radiaciones<\/li>\n<li>GRINS &#8211; Rob\u00f3tica Inteligente y Sistemas<\/li>\n<li>GRUP ISI &#8211; Grupo de Instrumentaci\u00f3n, sensores e interfaces<\/li>\n<li>Grupo de investigaci\u00f3n: GTC (Grupo de Tecnolog\u00edas de las Comunicaciones)<\/li>\n<li>IEB &#8211; Instrumentaci\u00f3n Electr\u00f3nica y Biom\u00e9dica<\/li>\n<li>M2BE (Grupo Multiescala en Ingenier\u00eda Mec\u00e1nica y Biol\u00f3gica)<\/li>\n<li>ROPERT (Grupo rob\u00f3tica, Percepci\u00f3n y Tiempo Real)<\/li>\n<li>SISBIO &#8211; Se\u00f1ales y Sistemas Biom\u00e9dicos<\/li>\n<\/ul>\n<\/div>\n<\/div>\n<\/div><\/div><\/div><\/div><div id=\"pg-gb388-69d283c5ac7f9-2\"  class=\"panel-grid panel-no-style\" ><div id=\"pgc-gb388-69d283c5ac7f9-2-0\"  class=\"panel-grid-cell\" ><div id=\"panel-gb388-69d283c5ac7f9-2-0-0\" class=\"so-panel widget_sow-headline panel-first-child\" data-index=\"3\" ><div\n\t\t\t\n\t\t\tclass=\"so-widget-sow-headline so-widget-sow-headline-default-eb58c90b4a68-388\"\n\t\t\t\n\t\t><div class=\"sow-headline-container\">\n\t\t\t\t\t\t<div class=\"decoration\">\n\t\t\t\t\t\t<div class=\"decoration-inside\"><\/div>\n\t\t\t\t\t<\/div>\n\t\t\t\t\t<\/div>\n<\/div><\/div><div id=\"panel-gb388-69d283c5ac7f9-2-0-1\" class=\"so-panel widget_sow-editor panel-last-child\" data-index=\"4\" ><div\n\t\t\t\n\t\t\tclass=\"so-widget-sow-editor so-widget-sow-editor-base\"\n\t\t\t\n\t\t>\n<div class=\"siteorigin-widget-tinymce textwidget\">\n\t<h4>Equipos de investigaci\u00f3n<\/h4>\n<div>\n<h5>Mec\u00e1nica aplicada y Bioingenier\u00eda (AMB)<\/h5>\n<ul>\n<li><a target=\"_blank\" href=\"https:\/\/janovas.unizar.es\/sideral\/CV\/javier-bayod-lopez?lang=es\" rel=\"noopener\">Javier Bayod L\u00f3pez<\/a><\/li>\n<li><a target=\"_blank\" href=\"https:\/\/janovas.unizar.es\/sideral\/CV\/maria-begona-calvo-calzada?lang=es\" rel=\"noopener\">Mar\u00eda Bego\u00f1a Calvo Calzada<\/a><\/li>\n<li><a target=\"_blank\" href=\"https:\/\/janovas.unizar.es\/sideral\/CV\/manuel-doblare-castellano?lang=es\" rel=\"noopener\">Manuel Doblar\u00e9 Castellano<\/a><\/li>\n<li><a target=\"_blank\" href=\"https:\/\/janovas.unizar.es\/sideral\/CV\/mohamed-hamdy-doweidar\" rel=\"noopener\">Mohamed Doweidar<\/a><\/li>\n<li><a target=\"_blank\" href=\"https:\/\/janovas.unizar.es\/sideral\/CV\/jorge-grasa-orus?lang=es\" rel=\"noopener\">Jorge Grasa Or\u00fas<\/a><\/li>\n<li><a target=\"_blank\" href=\"https:\/\/janovas.unizar.es\/sideral\/CV\/miguel-angel-martinez-barca?lang=es\" rel=\"noopener\">Miguel \u00c1ngel Mart\u00ednez Barca<\/a><\/li>\n<li><a target=\"_blank\" href=\"https:\/\/janovas.unizar.es\/sideral\/CV\/ignacio-ochoa-garrido?lang=es\" rel=\"noopener\">Ignacio Ochoa Garrido<\/a><\/li>\n<li><a target=\"_blank\" href=\"https:\/\/janovas.unizar.es\/sideral\/CV\/estefania-pena-baquedano?lang=es\" rel=\"noopener\">Estefan\u00eda Pe\u00f1a Baquedano<\/a><\/li>\n<\/ul>\n<h5>Rob\u00f3tica, percepci\u00f3n y tiempo real (RoPErt)<\/h5>\n<ul>\n<li><a target=\"_blank\" href=\"https:\/\/janovas.unizar.es\/sideral\/CV\/jose-maria-martinez-montiel?lang=es\" rel=\"noopener\">Jos\u00e9 Mar\u00eda Mart\u00ednez Montiel<\/a><\/li>\n<li><a target=\"_blank\" href=\"https:\/\/janovas.unizar.es\/sideral\/CV\/luis-enrique-montano-gella?lang=es\" rel=\"noopener\">Luis Enrique Montano Gella<\/a><\/li>\n<li><a target=\"_blank\" href=\"https:\/\/janovas.unizar.es\/sideral\/CV\/luis-montesano-del-campo?lang=es\" rel=\"noopener\">Luis Montesano Del Campo<\/a><\/li>\n<\/ul>\n<h5>Biomateriales (GBM)<\/h5>\n<ul>\n<li><a target=\"_blank\" href=\"https:\/\/janovas.unizar.es\/sideral\/CV\/maria-amaya-perez-del-palomar-aldea?lang=es\" rel=\"noopener\">Mar\u00eda Amaya P\u00e9rez del Palomar Aldea<\/a><\/li>\n<\/ul>\n<h5>Multiescala en ingenier\u00eda mec\u00e1nica y biol\u00f3gica (M2BE)<\/h5>\n<ul>\n<li><a target=\"_blank\" href=\"https:\/\/janovas.unizar.es\/sideral\/CV\/jose-manuel-garcia-aznar?lang=es\" rel=\"noopener\">Jos\u00e9 Manuel Garc\u00eda Aznar<\/a><\/li>\n<li><a target=\"_blank\" href=\"https:\/\/janovas.unizar.es\/sideral\/CV\/maria-jose-gomez-benito?lang=es\" rel=\"noopener\">Mar\u00eda Jos\u00e9 G\u00f3mez Benito<\/a><\/li>\n<li><a target=\"_blank\" href=\"https:\/\/janovas.unizar.es\/sideral\/CV\/maria-de-los-angeles-perez-anson?lang=es\" rel=\"noopener\">Mar\u00eda de los \u00c1ngeles P\u00e9rez Ans\u00f3n<\/a><\/li>\n<\/ul>\n<h5>Networks and information technologies (CeNIT)<\/h5>\n<ul>\n<li><a target=\"_blank\" href=\"https:\/\/janovas.unizar.es\/sideral\/CV\/alvaro-alesanco-iglesias?lang=es\" rel=\"noopener\">\u00c1lvaro Alesanco Iglesias<\/a><\/li>\n<li><a target=\"_blank\" href=\"https:\/\/janovas.unizar.es\/sideral\/CV\/jose-garcia-moros?lang=es\" rel=\"noopener\">Jos\u00e9 Garc\u00eda Moros<\/a><\/li>\n<\/ul>\n<h5>Biom\u00e9dical signal interpretation and comutational simulation (BSICoS)<\/h5>\n<ul>\n<li><a target=\"_blank\" href=\"https:\/\/janovas.unizar.es\/sideral\/CV\/raquel-bailon-luesma?lang=es\" rel=\"noopener\">Raquel Bail\u00f3n Luesma<\/a><\/li>\n<li><a target=\"_blank\" href=\"https:\/\/janovas.unizar.es\/sideral\/CV\/eduardo-gil-herrando?lang=es\" rel=\"noopener\">Eduardo Gil Herrando<\/a><\/li>\n<li><a target=\"_blank\" href=\"https:\/\/janovas.unizar.es\/sideral\/CV\/pablo-laguna-lasaosa?lang=es\" rel=\"noopener\">Pablo Laguna Lasaosa<\/a><\/li>\n<li><a target=\"_blank\" href=\"https:\/\/janovas.unizar.es\/sideral\/CV\/juan-pablo-martinez-cortes?lang=es\" rel=\"noopener\">Juan Pablo Mart\u00ednez Cort\u00e9s<\/a><\/li>\n<li><a target=\"_blank\" href=\"https:\/\/janovas.unizar.es\/sideral\/CV\/laura-ordovas-vidal\" rel=\"noopener\">Laura Ordov\u00e1s Vidal<\/a><\/li>\n<li><a target=\"_blank\" href=\"https:\/\/janovas.unizar.es\/sideral\/CV\/esther-pueyo-paules?lang=es\" rel=\"noopener\">Esther Pueyo Paules<\/a><\/li>\n<\/ul>\n<h5>Voice input voive output laboratory (ViVoLab)<\/h5>\n<ul>\n<li><a target=\"_blank\" href=\"https:\/\/janovas.unizar.es\/sideral\/CV\/eduardo-lleida-solano?lang=es\" rel=\"noopener\">Eduardo Lleida Solano<\/a><\/li>\n<\/ul>\n<h5>Medical image analysis lab (MIALAB)<\/h5>\n<ul>\n<li><a target=\"_blank\" href=\"https:\/\/janovas.unizar.es\/sideral\/CV\/salvador-olmos-gasso?lang=es\" rel=\"noopener\">Salvador Olmos Gasso<\/a><\/li>\n<\/ul>\n<h5>Graphics and imaging lab<\/h5>\n<ul>\n<li><a target=\"_blank\" href=\"https:\/\/janovas.unizar.es\/sideral\/CV\/diego-gutierrez-perez?lang=es\" rel=\"noopener\">Diego Guti\u00e9rrez P\u00e9rez<\/a><\/li>\n<li><a target=\"_blank\" href=\"https:\/\/janovas.unizar.es\/sideral\/CV\/carlos-miguel-orrite-urunuela?lang=es\" rel=\"noopener\">Carlos Miguel Orrite Uru\u00f1uela<\/a><\/li>\n<\/ul>\n<h5>Ergonom\u00eda<\/h5>\n<ul>\n<li><a target=\"_blank\" href=\"https:\/\/janovas.unizar.es\/sideral\/CV\/jose-javier-marin-zurdo?lang=es\" rel=\"noopener\">Jos\u00e9 Javier Mar\u00edn Zurdo<\/a><\/li>\n<li><a target=\"_blank\" href=\"https:\/\/janovas.unizar.es\/sideral\/CV\/mario-vicente-maza-frechin?lang=es\" rel=\"noopener\">Mario Vicente Maza Frech\u00edn<\/a><\/li>\n<\/ul>\n<\/div>\n<\/div>\n<\/div><\/div><\/div><\/div><div id=\"pg-gb388-69d283c5ac7f9-3\"  class=\"panel-grid panel-has-style\" ><div class=\"panel-row-style panel-row-style-for-gb388-69d283c5ac7f9-3\" ><div id=\"pgc-gb388-69d283c5ac7f9-3-0\"  class=\"panel-grid-cell\" ><div id=\"panel-gb388-69d283c5ac7f9-3-0-0\" class=\"so-panel widget_sow-image-grid panel-first-child panel-last-child\" data-index=\"5\" ><div\n\t\t\t\n\t\t\tclass=\"so-widget-sow-image-grid so-widget-sow-image-grid-default-020dcda015db-388\"\n\t\t\t\n\t\t>\t<div\n\t\tclass=\"sow-image-grid-wrapper\"\n\t\t\t\t\t>\n\t\t\t\t\t<div class=\"sow-image-grid-image\">\n\t\t\t\t\t\t\t\t\t\t\t\t<img loading=\"lazy\" decoding=\"async\" width=\"300\" height=\"69\" src=\"https:\/\/masterib.es\/wp-content\/uploads\/2021\/08\/logo-I3A_UZ.jpg\" class=\"sow-image-grid-image_html\" alt=\"\" title=\"\" srcset=\"https:\/\/masterib.es\/wp-content\/uploads\/2021\/08\/logo-I3A_UZ.jpg 300w, https:\/\/masterib.es\/wp-content\/uploads\/2021\/08\/logo-I3A_UZ-18x4.jpg 18w\" sizes=\"auto, (max-width: 300px) 100vw, 300px\" \/>\t\t\t\t\t\t\t\t\t\t\t<\/div>\n\t\t\t\t\t<div class=\"sow-image-grid-image\">\n\t\t\t\t\t\t\t\t\t\t\t\t<img loading=\"lazy\" decoding=\"async\" width=\"241\" height=\"70\" src=\"https:\/\/masterib.es\/wp-content\/uploads\/2021\/08\/escuela-doctorado.png\" class=\"sow-image-grid-image_html\" alt=\"\" title=\"\" srcset=\"https:\/\/masterib.es\/wp-content\/uploads\/2021\/08\/escuela-doctorado.png 241w, https:\/\/masterib.es\/wp-content\/uploads\/2021\/08\/escuela-doctorado-18x5.png 18w\" sizes=\"auto, (max-width: 241px) 100vw, 241px\" \/>\t\t\t\t\t\t\t\t\t\t\t<\/div>\n\t\t\t\t\t<div class=\"sow-image-grid-image\">\n\t\t\t\t\t\t\t\t\t\t\t\t<img loading=\"lazy\" decoding=\"async\" width=\"300\" height=\"76\" src=\"https:\/\/masterib.es\/wp-content\/uploads\/2021\/08\/logoUZ-e1631512622249-300x76.png\" class=\"sow-image-grid-image_html\" alt=\"\" title=\"logoUZ\" srcset=\"https:\/\/masterib.es\/wp-content\/uploads\/2021\/08\/logoUZ-e1631512622249-300x76.png 300w, https:\/\/masterib.es\/wp-content\/uploads\/2021\/08\/logoUZ-e1631512622249-18x5.png 18w, https:\/\/masterib.es\/wp-content\/uploads\/2021\/08\/logoUZ-e1631512622249.png 585w\" sizes=\"auto, (max-width: 300px) 100vw, 300px\" \/>\t\t\t\t\t\t\t\t\t\t\t<\/div>\n\t\t\t<\/div>\n<\/div><\/div><\/div><\/div><\/div><\/div>\n\n\n<p><\/p>","protected":false},"excerpt":{"rendered":"<p>Programa de Doctorado en Ingenier\u00eda Biom\u00e9dica Profesorado L\u00edneas de investigaci\u00f3n AMB (Grupo de Mec\u00e1nica Aplicada y Bioingenier\u00eda) BIBITE &#8211; Biomateriales, Biomec\u00e1nica e Ingenier\u00eda de Tejidos CV LAB(Grupo de visi\u00f3n por Computador) GBM (Grupo Biomateriales) GEMM (Grupo de Mec\u00e1nica Estructural y Modelado de Materiales) GIE &#8211; Grupo de Inform\u00e1tica en la Ingenier\u00eda GREENER &#8211; Grupo de &#8230; <a title=\"Programa de Doctorado en Ingenier\u00eda Biom\u00e9dica: Profesorado\" class=\"read-more\" href=\"https:\/\/masterib.es\/en\/programa-de-doctorado-en-ingenieria-biomedica-inicio\/programa-de-doctorado-en-ingenieria-biomedica-profesorado\/\" aria-label=\"Read more about Programa de Doctorado en Ingenier\u00eda Biom\u00e9dica: Profesorado\">Read more<\/a><\/p>","protected":false},"author":1,"featured_media":0,"parent":151,"menu_order":0,"comment_status":"closed","ping_status":"closed","template":"","meta":{"_monsterinsights_skip_tracking":false,"_monsterinsights_sitenote_active":false,"_monsterinsights_sitenote_note":"","_monsterinsights_sitenote_category":0,"footnotes":""},"class_list":["post-388","page","type-page","status-publish"],"_links":{"self":[{"href":"https:\/\/masterib.es\/en\/wp-json\/wp\/v2\/pages\/388","targetHints":{"allow":["GET"]}}],"collection":[{"href":"https:\/\/masterib.es\/en\/wp-json\/wp\/v2\/pages"}],"about":[{"href":"https:\/\/masterib.es\/en\/wp-json\/wp\/v2\/types\/page"}],"author":[{"embeddable":true,"href":"https:\/\/masterib.es\/en\/wp-json\/wp\/v2\/users\/1"}],"replies":[{"embeddable":true,"href":"https:\/\/masterib.es\/en\/wp-json\/wp\/v2\/comments?post=388"}],"version-history":[{"count":7,"href":"https:\/\/masterib.es\/en\/wp-json\/wp\/v2\/pages\/388\/revisions"}],"predecessor-version":[{"id":1737,"href":"https:\/\/masterib.es\/en\/wp-json\/wp\/v2\/pages\/388\/revisions\/1737"}],"up":[{"embeddable":true,"href":"https:\/\/masterib.es\/en\/wp-json\/wp\/v2\/pages\/151"}],"wp:attachment":[{"href":"https:\/\/masterib.es\/en\/wp-json\/wp\/v2\/media?parent=388"}],"curies":[{"name":"wp","href":"https:\/\/api.w.org\/{rel}","templated":true}]}}