{"id":394,"date":"2021-09-08T10:40:43","date_gmt":"2021-09-08T10:40:43","guid":{"rendered":"https:\/\/devmasterib.i3a.es\/?page_id=394"},"modified":"2024-09-19T07:10:26","modified_gmt":"2024-09-19T07:10:26","slug":"programa-de-doctorado-en-ingenieria-biomedica-calidad","status":"publish","type":"page","link":"https:\/\/masterib.es\/en\/programa-de-doctorado-en-ingenieria-biomedica-inicio\/programa-de-doctorado-en-ingenieria-biomedica-calidad\/","title":{"rendered":"Programa de Doctorado en Ingenier\u00eda Biom\u00e9dica: Calidad"},"content":{"rendered":"<div id=\"pl-gb394-69d73f96ca7b9\"  class=\"panel-layout wp-block-siteorigin-panels-layout-block\" ><div id=\"pg-gb394-69d73f96ca7b9-0\"  class=\"panel-grid panel-no-style\" ><div id=\"pgc-gb394-69d73f96ca7b9-0-0\"  class=\"panel-grid-cell\" ><div id=\"panel-gb394-69d73f96ca7b9-0-0-0\" class=\"so-panel widget_sow-editor panel-first-child panel-last-child\" data-index=\"0\" ><div class=\"color-doctorado panel-widget-style panel-widget-style-for-gb394-69d73f96ca7b9-0-0-0\" ><div\n\t\t\t\n\t\t\tclass=\"so-widget-sow-editor so-widget-sow-editor-base\"\n\t\t\t\n\t\t>\n<div class=\"siteorigin-widget-tinymce textwidget\">\n\t<h1>Ph.D. Program in Biomedical Engineering<\/h1>\n<h3>Quality<\/h3>\n<\/div>\n<\/div><\/div><\/div><\/div><\/div><div id=\"pg-gb394-69d73f96ca7b9-1\"  class=\"panel-grid panel-no-style\" ><div id=\"pgc-gb394-69d73f96ca7b9-1-0\"  class=\"panel-grid-cell\" ><div id=\"panel-gb394-69d73f96ca7b9-1-0-0\" class=\"so-panel widget_sow-headline panel-first-child\" data-index=\"1\" ><div\n\t\t\t\n\t\t\tclass=\"so-widget-sow-headline so-widget-sow-headline-default-eb58c90b4a68-394\"\n\t\t\t\n\t\t><div class=\"sow-headline-container\">\n\t\t\t\t\t\t<div class=\"decoration\">\n\t\t\t\t\t\t<div class=\"decoration-inside\"><\/div>\n\t\t\t\t\t<\/div>\n\t\t\t\t\t<\/div>\n<\/div><\/div><div id=\"panel-gb394-69d73f96ca7b9-1-0-1\" class=\"so-panel widget_sow-editor panel-last-child\" data-index=\"2\" ><div\n\t\t\t\n\t\t\tclass=\"so-widget-sow-editor so-widget-sow-editor-base\"\n\t\t\t\n\t\t>\n<div class=\"siteorigin-widget-tinymce textwidget\">\n\t<h4>Regulations<\/h4>\n<ul class=\"listado\">\n<li><a href=\"https:\/\/estudios.unizar.es\/pagina\/ver?id=9\">C\u00f3mo se asegura la calidad<\/a><\/li>\n<li><a href=\"https:\/\/estudios.unizar.es\/pagina\/ver?id=10\">Procedimientos del sistema interno de gesti\u00f3n de la calidad<\/a><\/li>\n<li><a href=\"https:\/\/drive.google.com\/file\/d\/1r4XcprfEOYChxMuCtJhFfedkZyHKr46n\/view?usp=drive_link\" target=\"_blank\" rel=\"noopener\">Requisitos aplicables a los resultados cient\u00edficos de las tesis depositadas<\/a><\/li>\n<li><a href=\"https:\/\/masterib.es\/wp-content\/uploads\/2023\/09\/Resolucion-CAD-2023-09-25-Directrices-aprobacion-nuevos-codirectores.pdf\" target=\"_blank\" rel=\"noopener\">Directrices para la aprobaci\u00f3n de la incorporaci\u00f3n de nuevos codirectores<\/a><\/li>\n<\/ul>\n<h4>Documents<\/h4>\n<ul class=\"listado\">\n<li><a href=\"https:\/\/estudios.unizar.es\/pdf\/informes\/2019\/informe-es-7098-v1.pdf\">Informe de evaluaci\u00f3n de la calidad (IEC) del curso 2019\/2020<\/a><\/li>\n<li><a href=\"http:\/\/zaguan.unizar.es\/search?ln=es&amp;cc=informe-autoevaluacion-calidad&amp;sc=1&amp;as=1&amp;m1=a&amp;p1=7098&amp;f1=codigo_titulacion&amp;op1=a&amp;m2=a&amp;p2=&amp;f2=&amp;op2=a&amp;m3=a&amp;p3=&amp;f3=&amp;action_search=Search&amp;dt=&amp;d1d=&amp;d1m=&amp;d1y=&amp;d2d=&amp;d2m=&amp;d2y=&amp;sf=&amp;so=a&amp;rm=&amp;rg=10&amp;of=hb\" target=\"_blank\" rel=\"noopener\">Acceso a los IEC de todos los cursos<\/a>\u00a0(Repositorio institucional de documentos)<\/li>\n<li><a href=\"https:\/\/estudios.unizar.es\/pdf\/informes\/2019\/iced-es-v1.pdf\">Informe de la Calidad de los Estudios de Doctorado y de sus diferentes Programas (ICED) del curso 2019\/2020<\/a><\/li>\n<li><a href=\"https:\/\/zaguan.unizar.es\/collection\/informe-calidad-estudios-doctorado?ln=es\" target=\"_blank\" rel=\"noopener\">Acceso a los ICED de todos los cursos<\/a>\u00a0(Repositorio institucional de documentos)<\/li>\n<li><a href=\"https:\/\/estudios.unizar.es\/pdf\/planes-mejora\/2019\/plan-es-7098-v1.pdf\">Plan anual de innovaci\u00f3n y mejora (PAIM) del curso 2019\/2020<\/a><\/li>\n<li><a href=\"http:\/\/zaguan.unizar.es\/search?ln=es&amp;cc=plan-mejora-calidad&amp;sc=1&amp;as=1&amp;m1=a&amp;p1=7098&amp;f1=codigo_titulacion&amp;op1=a&amp;m2=a&amp;p2=&amp;f2=&amp;op2=a&amp;m3=a&amp;p3=&amp;f3=&amp;action_search=Search&amp;dt=&amp;d1d=&amp;d1m=&amp;d1y=&amp;d2d=&amp;d2m=&amp;d2y=&amp;sf=&amp;so=a&amp;rm=&amp;rg=10&amp;of=hb\" target=\"_blank\" rel=\"noopener\">Acceso a los PAIM de todos los cursos<\/a>\u00a0(Repositorio institucional de documentos)<\/li>\n<li><a href=\"http:\/\/academico.unizar.es\/ofiplan\/programas-de-doctorado-ingenieria-y-arquitectura\">Memoria de verificaci\u00f3n<\/a><\/li>\n<\/ul>\n<h4>Committees<\/h4>\n<ul class=\"listado\">\n<li><a href=\"https:\/\/estudios.unizar.es\/agente\/lista?estudio_id=20207098\">Agentes del sistema<\/a><\/li>\n<\/ul>\n<h4>Printed forms<\/h4>\n<ul class=\"listado\">\n<li><a href=\"https:\/\/unidadcalidad.unizar.es\/sites\/unidadcalidad.unizar.es\/files\/users\/jsracio\/impreso_sug_quejas_recl_doct.pdf\">Impreso de sugerencias, quejas y reclamaciones<\/a><\/li>\n<\/ul>\n<\/div>\n<\/div><\/div><\/div><\/div><div id=\"pg-gb394-69d73f96ca7b9-2\"  class=\"panel-grid panel-has-style\" ><div class=\"panel-row-style panel-row-style-for-gb394-69d73f96ca7b9-2\" ><div id=\"pgc-gb394-69d73f96ca7b9-2-0\"  class=\"panel-grid-cell\" ><div id=\"panel-gb394-69d73f96ca7b9-2-0-0\" class=\"so-panel widget_sow-image-grid panel-first-child panel-last-child\" data-index=\"3\" ><div\n\t\t\t\n\t\t\tclass=\"so-widget-sow-image-grid so-widget-sow-image-grid-default-020dcda015db-394\"\n\t\t\t\n\t\t>\t<div\n\t\tclass=\"sow-image-grid-wrapper\"\n\t\t\t\t\t>\n\t\t\t\t\t<div class=\"sow-image-grid-image\">\n\t\t\t\t\t\t\t\t\t\t\t\t<img loading=\"lazy\" decoding=\"async\" width=\"300\" height=\"69\" src=\"https:\/\/masterib.es\/wp-content\/uploads\/2021\/08\/logo-I3A_UZ.jpg\" class=\"sow-image-grid-image_html\" alt=\"\" title=\"\" srcset=\"https:\/\/masterib.es\/wp-content\/uploads\/2021\/08\/logo-I3A_UZ.jpg 300w, https:\/\/masterib.es\/wp-content\/uploads\/2021\/08\/logo-I3A_UZ-18x4.jpg 18w\" sizes=\"auto, (max-width: 300px) 100vw, 300px\" \/>\t\t\t\t\t\t\t\t\t\t\t<\/div>\n\t\t\t\t\t<div class=\"sow-image-grid-image\">\n\t\t\t\t\t\t\t\t\t\t\t\t<img loading=\"lazy\" decoding=\"async\" width=\"241\" height=\"70\" src=\"https:\/\/masterib.es\/wp-content\/uploads\/2021\/08\/escuela-doctorado.png\" class=\"sow-image-grid-image_html\" alt=\"\" title=\"\" srcset=\"https:\/\/masterib.es\/wp-content\/uploads\/2021\/08\/escuela-doctorado.png 241w, https:\/\/masterib.es\/wp-content\/uploads\/2021\/08\/escuela-doctorado-18x5.png 18w\" sizes=\"auto, (max-width: 241px) 100vw, 241px\" \/>\t\t\t\t\t\t\t\t\t\t\t<\/div>\n\t\t\t\t\t<div class=\"sow-image-grid-image\">\n\t\t\t\t\t\t\t\t\t\t\t\t<img loading=\"lazy\" decoding=\"async\" width=\"300\" height=\"76\" src=\"https:\/\/masterib.es\/wp-content\/uploads\/2021\/08\/logoUZ-e1631512622249-300x76.png\" class=\"sow-image-grid-image_html\" alt=\"\" title=\"logoUZ\" srcset=\"https:\/\/masterib.es\/wp-content\/uploads\/2021\/08\/logoUZ-e1631512622249-300x76.png 300w, https:\/\/masterib.es\/wp-content\/uploads\/2021\/08\/logoUZ-e1631512622249-18x5.png 18w, https:\/\/masterib.es\/wp-content\/uploads\/2021\/08\/logoUZ-e1631512622249.png 585w\" sizes=\"auto, (max-width: 300px) 100vw, 300px\" \/>\t\t\t\t\t\t\t\t\t\t\t<\/div>\n\t\t\t<\/div>\n<\/div><\/div><\/div><\/div><\/div><\/div>\n\n\n<p><\/p>","protected":false},"excerpt":{"rendered":"<p>Programa de Doctorado en Ingenier\u00eda Biom\u00e9dica Calidad Normativa C\u00f3mo se asegura la calidad Procedimientos del sistema interno de gesti\u00f3n de la calidad Requisitos aplicables a los resultados cient\u00edficos de las tesis depositadas Directrices para la aprobaci\u00f3n de la incorporaci\u00f3n de nuevos codirectores Documentos Informe de evaluaci\u00f3n de la calidad (IEC) del curso 2019\/2020 Acceso a &#8230; <a title=\"Programa de Doctorado en Ingenier\u00eda Biom\u00e9dica: Calidad\" class=\"read-more\" href=\"https:\/\/masterib.es\/en\/programa-de-doctorado-en-ingenieria-biomedica-inicio\/programa-de-doctorado-en-ingenieria-biomedica-calidad\/\" aria-label=\"Read more about Programa de Doctorado en Ingenier\u00eda Biom\u00e9dica: Calidad\">Read more<\/a><\/p>","protected":false},"author":1,"featured_media":0,"parent":151,"menu_order":0,"comment_status":"closed","ping_status":"closed","template":"","meta":{"_monsterinsights_skip_tracking":false,"_monsterinsights_sitenote_active":false,"_monsterinsights_sitenote_note":"","_monsterinsights_sitenote_category":0,"footnotes":""},"class_list":["post-394","page","type-page","status-publish"],"_links":{"self":[{"href":"https:\/\/masterib.es\/en\/wp-json\/wp\/v2\/pages\/394","targetHints":{"allow":["GET"]}}],"collection":[{"href":"https:\/\/masterib.es\/en\/wp-json\/wp\/v2\/pages"}],"about":[{"href":"https:\/\/masterib.es\/en\/wp-json\/wp\/v2\/types\/page"}],"author":[{"embeddable":true,"href":"https:\/\/masterib.es\/en\/wp-json\/wp\/v2\/users\/1"}],"replies":[{"embeddable":true,"href":"https:\/\/masterib.es\/en\/wp-json\/wp\/v2\/comments?post=394"}],"version-history":[{"count":7,"href":"https:\/\/masterib.es\/en\/wp-json\/wp\/v2\/pages\/394\/revisions"}],"predecessor-version":[{"id":1767,"href":"https:\/\/masterib.es\/en\/wp-json\/wp\/v2\/pages\/394\/revisions\/1767"}],"up":[{"embeddable":true,"href":"https:\/\/masterib.es\/en\/wp-json\/wp\/v2\/pages\/151"}],"wp:attachment":[{"href":"https:\/\/masterib.es\/en\/wp-json\/wp\/v2\/media?parent=394"}],"curies":[{"name":"wp","href":"https:\/\/api.w.org\/{rel}","templated":true}]}}