{"id":50,"date":"2021-08-24T09:33:14","date_gmt":"2021-08-24T09:33:14","guid":{"rendered":"https:\/\/devmasterib.i3a.es\/?page_id=50"},"modified":"2025-08-28T06:43:05","modified_gmt":"2025-08-28T06:43:05","slug":"master-universitario-en-ingenieria-biomedica-fechas-y-horarios","status":"publish","type":"page","link":"https:\/\/masterib.es\/en\/master-universitario-en-ingenieria-biomedica-inicio\/master-universitario-en-ingenieria-biomedica-fechas-y-horarios\/","title":{"rendered":"M\u00e1ster Universitario en Ingenier\u00eda Biom\u00e9dica: Fechas y Horarios"},"content":{"rendered":"<div id=\"pl-gb50-69d72a295037e\"  class=\"panel-layout wp-block-siteorigin-panels-layout-block\" ><div id=\"pg-gb50-69d72a295037e-0\"  class=\"panel-grid panel-no-style\" ><div id=\"pgc-gb50-69d72a295037e-0-0\"  class=\"panel-grid-cell\" ><div id=\"panel-gb50-69d72a295037e-0-0-0\" class=\"so-panel widget_sow-editor panel-first-child panel-last-child\" data-index=\"0\" ><div class=\"color-master panel-widget-style panel-widget-style-for-gb50-69d72a295037e-0-0-0\" ><div\n\t\t\t\n\t\t\tclass=\"so-widget-sow-editor so-widget-sow-editor-base\"\n\t\t\t\n\t\t>\n<div class=\"siteorigin-widget-tinymce textwidget\">\n\t<h1>Master of Biomedical Engineering<\/h1>\n<h3>Dates and Schedules<\/h3>\n<\/div>\n<\/div><\/div><\/div><\/div><\/div><div id=\"pg-gb50-69d72a295037e-1\"  class=\"panel-grid panel-no-style\" ><div id=\"pgc-gb50-69d72a295037e-1-0\"  class=\"panel-grid-cell\" ><div id=\"panel-gb50-69d72a295037e-1-0-0\" class=\"so-panel widget_sow-headline panel-first-child\" data-index=\"1\" ><div\n\t\t\t\n\t\t\tclass=\"so-widget-sow-headline so-widget-sow-headline-default-eb58c90b4a68-50\"\n\t\t\t\n\t\t><div class=\"sow-headline-container\">\n\t\t\t\t\t\t<div class=\"decoration\">\n\t\t\t\t\t\t<div class=\"decoration-inside\"><\/div>\n\t\t\t\t\t<\/div>\n\t\t\t\t\t<\/div>\n<\/div><\/div><div id=\"panel-gb50-69d72a295037e-1-0-1\" class=\"so-panel widget_sow-editor panel-last-child\" data-index=\"2\" ><div\n\t\t\t\n\t\t\tclass=\"so-widget-sow-editor so-widget-sow-editor-base\"\n\t\t\t\n\t\t>\n<div class=\"siteorigin-widget-tinymce textwidget\">\n\t<p>El m\u00e1ster se desarrollar\u00e1 del 3 de septiembre de 2025 al 22 de mayo de 2026. Repartido en los siguientes bloques:<\/p>\n<\/div>\n<\/div><\/div><\/div><\/div><div id=\"pg-gb50-69d72a295037e-2\"  class=\"panel-grid panel-no-style\" ><div id=\"pgc-gb50-69d72a295037e-2-0\"  class=\"panel-grid-cell\" ><div class=\"panel-cell-style panel-cell-style-for-gb50-69d72a295037e-2-0\" ><div id=\"panel-gb50-69d72a295037e-2-0-0\" class=\"so-panel widget_sow-editor panel-first-child panel-last-child\" data-index=\"3\" ><div\n\t\t\t\n\t\t\tclass=\"so-widget-sow-editor so-widget-sow-editor-base\"\n\t\t\t\n\t\t>\n<div class=\"siteorigin-widget-tinymce textwidget\">\n\t<h4>Fall<\/h4>\n<h5><\/h5>\n<p>Del 3 de septiembre al 12 de diciembre de 2025<\/p>\n<p>15\/10 horario de lunes A<br \/>\n12\/12 horario de lunes<\/p>\n<\/div>\n<\/div><\/div><\/div><\/div><div id=\"pgc-gb50-69d72a295037e-2-1\"  class=\"panel-grid-cell\" ><div class=\"panel-cell-style panel-cell-style-for-gb50-69d72a295037e-2-1\" ><div id=\"panel-gb50-69d72a295037e-2-1-0\" class=\"so-panel widget_sow-editor panel-first-child panel-last-child\" data-index=\"4\" ><div\n\t\t\t\n\t\t\tclass=\"so-widget-sow-editor so-widget-sow-editor-base\"\n\t\t\t\n\t\t>\n<div class=\"siteorigin-widget-tinymce textwidget\">\n\t<h4>Spring<\/h4>\n<h5>Bimester 1<\/h5>\n<p>Del 19 de enero al 10 de marzo de 2026<\/p>\n<p>26\/01 horario de jueves A<br \/>\n3\/03 horario de jueves B<\/p>\n<p>Ex\u00e1menes del 11 de marzo al 19 de marzo<\/p>\n<\/div>\n<\/div><\/div><\/div><\/div><div id=\"pgc-gb50-69d72a295037e-2-2\"  class=\"panel-grid-cell\" ><div class=\"panel-cell-style panel-cell-style-for-gb50-69d72a295037e-2-2\" ><div id=\"panel-gb50-69d72a295037e-2-2-0\" class=\"so-panel widget_sow-editor panel-first-child panel-last-child\" data-index=\"5\" ><div\n\t\t\t\n\t\t\tclass=\"so-widget-sow-editor so-widget-sow-editor-base\"\n\t\t\t\n\t\t>\n<div class=\"siteorigin-widget-tinymce textwidget\">\n\t<h4>Spring<\/h4>\n<h5>Bimester 2<\/h5>\n<p>Del 23 de marzo al 22 de mayo de 2026<\/p>\n<p>25\/03 horario de viernes B<br \/>\n28\/04 horario de viernes A<\/p>\n<p>Ex\u00e1menes del 25 de mayo al 2 de junio<\/p>\n<\/div>\n<\/div><\/div><\/div><\/div><\/div><div id=\"pg-gb50-69d72a295037e-3\"  class=\"panel-grid panel-no-style\" ><div id=\"pgc-gb50-69d72a295037e-3-0\"  class=\"panel-grid-cell\" ><div id=\"panel-gb50-69d72a295037e-3-0-0\" class=\"so-panel widget_sow-button panel-first-child panel-last-child\" data-index=\"6\" ><div\n\t\t\t\n\t\t\tclass=\"so-widget-sow-button so-widget-sow-button-flat-9fb1c47cd202-50\"\n\t\t\t\n\t\t><div class=\"ow-button-base ow-button-align-center\"\n>\n\t\t\t<a\n\t\t\t\t\thref=\"https:\/\/sia.unizar.es\/pds\/consultaPublica\/look%5Bconpub%5DInicioPubHora?entradaPublica=true\"\n\t\t\t\t\tclass=\"sowb-button ow-icon-placement-left ow-button-hover\" target=\"_blank\" rel=\"noopener noreferrer\" \t>\n\t\t<span>\n\t\t\t\n\t\t\tTimetable\t\t<\/span>\n\t\t\t<\/a>\n\t<\/div>\n<\/div><\/div><\/div><div id=\"pgc-gb50-69d72a295037e-3-1\"  class=\"panel-grid-cell\" ><div id=\"panel-gb50-69d72a295037e-3-1-0\" class=\"so-panel widget_sow-editor panel-first-child panel-last-child\" data-index=\"7\" ><div\n\t\t\t\n\t\t\tclass=\"so-widget-sow-editor so-widget-sow-editor-base\"\n\t\t\t\n\t\t>\n<div class=\"siteorigin-widget-tinymce textwidget\">\n\t<blockquote><p>In the timetable form, choose:<\/p>\n<ul>\n<li><strong>Centro<\/strong>: Escuela de Ingenier\u00eda y Arquitectura<\/li>\n<\/ul>\n<p>And then:<\/p>\n<ul>\n<li>\n<strong>Plan de estudio<\/strong>: 633 &#8211; M\u00e1ster universitario en Ingeniar\u00eda Biom\u00e9dica\n<\/li>\n<li class=\"translation-block\"><strong>Academic period<\/strong>: the one you wish to consult.<\/li>\n<\/ul>\n<\/blockquote>\n<\/div>\n<\/div><\/div><\/div><\/div><div id=\"pg-gb50-69d72a295037e-4\"  class=\"panel-grid panel-has-style\" ><div class=\"panel-row-style panel-row-style-for-gb50-69d72a295037e-4\" ><div id=\"pgc-gb50-69d72a295037e-4-0\"  class=\"panel-grid-cell\" ><div id=\"panel-gb50-69d72a295037e-4-0-0\" class=\"so-panel widget_sow-image panel-first-child panel-last-child\" data-index=\"8\" ><div\n\t\t\t\n\t\t\tclass=\"so-widget-sow-image so-widget-sow-image-default-b062fe5d1106-50\"\n\t\t\t\n\t\t><h3 class=\"widget-title\">Oto\u00f1o &#8211; Edificio Ada Byron. Aula A.6<\/h3>\n<div class=\"sow-image-container\">\n\t\t<img \n\tsrc=\"https:\/\/masterib.es\/wp-content\/uploads\/2022\/09\/2022-23-otono.png\" width=\"1122\" height=\"792\" srcset=\"https:\/\/masterib.es\/wp-content\/uploads\/2022\/09\/2022-23-otono.png 1122w, https:\/\/masterib.es\/wp-content\/uploads\/2022\/09\/2022-23-otono-300x212.png 300w, https:\/\/masterib.es\/wp-content\/uploads\/2022\/09\/2022-23-otono-1024x723.png 1024w, https:\/\/masterib.es\/wp-content\/uploads\/2022\/09\/2022-23-otono-768x542.png 768w, https:\/\/masterib.es\/wp-content\/uploads\/2022\/09\/2022-23-otono-18x12.png 18w\" sizes=\"(max-width: 1122px) 100vw, 1122px\" title=\"Oto\u00f1o - Edificio Ada Byron. Aula A.6\" alt=\"2022-23-otono\" \t\tclass=\"so-widget-image\"\/>\n\t<\/div>\n\n<\/div><\/div><\/div><\/div><\/div><div id=\"pg-gb50-69d72a295037e-5\"  class=\"panel-grid panel-has-style\" ><div class=\"panel-row-style panel-row-style-for-gb50-69d72a295037e-5\" ><div id=\"pgc-gb50-69d72a295037e-5-0\"  class=\"panel-grid-cell\" ><div id=\"panel-gb50-69d72a295037e-5-0-0\" class=\"so-panel widget_sow-image panel-first-child\" data-index=\"9\" ><div\n\t\t\t\n\t\t\tclass=\"so-widget-sow-image so-widget-sow-image-default-b062fe5d1106-50\"\n\t\t\t\n\t\t><h3 class=\"widget-title\">Primavera. Bimestre 1 &#8211; Edificio Ada Byron. Aula A.6<\/h3>\n<div class=\"sow-image-container\">\n\t\t<img \n\tsrc=\"https:\/\/masterib.es\/wp-content\/uploads\/2022\/09\/2022-23-B1-a.png\" width=\"1118\" height=\"790\" srcset=\"https:\/\/masterib.es\/wp-content\/uploads\/2022\/09\/2022-23-B1-a.png 1118w, https:\/\/masterib.es\/wp-content\/uploads\/2022\/09\/2022-23-B1-a-300x212.png 300w, https:\/\/masterib.es\/wp-content\/uploads\/2022\/09\/2022-23-B1-a-1024x724.png 1024w, https:\/\/masterib.es\/wp-content\/uploads\/2022\/09\/2022-23-B1-a-768x543.png 768w, https:\/\/masterib.es\/wp-content\/uploads\/2022\/09\/2022-23-B1-a-18x12.png 18w\" sizes=\"(max-width: 1118px) 100vw, 1118px\" title=\"Primavera. Bimestre 1 - Edificio Ada Byron. Aula A.6\" alt=\"2022-23-B1-a\" \t\tclass=\"so-widget-image\"\/>\n\t<\/div>\n\n<\/div><\/div><div id=\"panel-gb50-69d72a295037e-5-0-1\" class=\"so-panel widget_sow-image panel-last-child\" data-index=\"10\" ><div\n\t\t\t\n\t\t\tclass=\"so-widget-sow-image so-widget-sow-image-default-8b5b6f678277-50\"\n\t\t\t\n\t\t>\n<div class=\"sow-image-container\">\n\t\t<img \n\tsrc=\"https:\/\/masterib.es\/wp-content\/uploads\/2022\/09\/2022-23-B1-b.png\" width=\"1120\" height=\"288\" srcset=\"https:\/\/masterib.es\/wp-content\/uploads\/2022\/09\/2022-23-B1-b.png 1120w, https:\/\/masterib.es\/wp-content\/uploads\/2022\/09\/2022-23-B1-b-300x77.png 300w, https:\/\/masterib.es\/wp-content\/uploads\/2022\/09\/2022-23-B1-b-1024x263.png 1024w, https:\/\/masterib.es\/wp-content\/uploads\/2022\/09\/2022-23-B1-b-768x197.png 768w, https:\/\/masterib.es\/wp-content\/uploads\/2022\/09\/2022-23-B1-b-18x5.png 18w\" sizes=\"(max-width: 1120px) 100vw, 1120px\" alt=\"2022-23-B1-b\" \t\tclass=\"so-widget-image\"\/>\n\t<\/div>\n\n<\/div><\/div><\/div><\/div><\/div><div id=\"pg-gb50-69d72a295037e-6\"  class=\"panel-grid panel-has-style\" ><div class=\"panel-row-style panel-row-style-for-gb50-69d72a295037e-6\" ><div id=\"pgc-gb50-69d72a295037e-6-0\"  class=\"panel-grid-cell\" ><div id=\"panel-gb50-69d72a295037e-6-0-0\" class=\"so-panel widget_sow-image panel-first-child\" data-index=\"11\" ><div\n\t\t\t\n\t\t\tclass=\"so-widget-sow-image so-widget-sow-image-default-b062fe5d1106-50\"\n\t\t\t\n\t\t><h3 class=\"widget-title\">Primavera. Bimestre 2 &#8211; Edificio Ada Byron. Aula A.6<\/h3>\n<div class=\"sow-image-container\">\n\t\t<img \n\tsrc=\"https:\/\/masterib.es\/wp-content\/uploads\/2022\/09\/2022-23-B2-a.png\" width=\"1117\" height=\"787\" srcset=\"https:\/\/masterib.es\/wp-content\/uploads\/2022\/09\/2022-23-B2-a.png 1117w, https:\/\/masterib.es\/wp-content\/uploads\/2022\/09\/2022-23-B2-a-300x211.png 300w, https:\/\/masterib.es\/wp-content\/uploads\/2022\/09\/2022-23-B2-a-1024x721.png 1024w, https:\/\/masterib.es\/wp-content\/uploads\/2022\/09\/2022-23-B2-a-768x541.png 768w, https:\/\/masterib.es\/wp-content\/uploads\/2022\/09\/2022-23-B2-a-18x12.png 18w\" sizes=\"(max-width: 1117px) 100vw, 1117px\" title=\"Primavera. Bimestre 2 - Edificio Ada Byron. Aula A.6\" alt=\"2022-23-B2-a\" \t\tclass=\"so-widget-image\"\/>\n\t<\/div>\n\n<\/div><\/div><div id=\"panel-gb50-69d72a295037e-6-0-1\" class=\"so-panel widget_sow-image panel-last-child\" data-index=\"12\" ><div\n\t\t\t\n\t\t\tclass=\"so-widget-sow-image so-widget-sow-image-default-8b5b6f678277-50\"\n\t\t\t\n\t\t>\n<div class=\"sow-image-container\">\n\t\t<img \n\tsrc=\"https:\/\/masterib.es\/wp-content\/uploads\/2022\/09\/2022-23-B2-b.png\" width=\"1120\" height=\"248\" srcset=\"https:\/\/masterib.es\/wp-content\/uploads\/2022\/09\/2022-23-B2-b.png 1120w, https:\/\/masterib.es\/wp-content\/uploads\/2022\/09\/2022-23-B2-b-300x66.png 300w, https:\/\/masterib.es\/wp-content\/uploads\/2022\/09\/2022-23-B2-b-1024x227.png 1024w, https:\/\/masterib.es\/wp-content\/uploads\/2022\/09\/2022-23-B2-b-768x170.png 768w, https:\/\/masterib.es\/wp-content\/uploads\/2022\/09\/2022-23-B2-b-18x4.png 18w\" sizes=\"(max-width: 1120px) 100vw, 1120px\" alt=\"2022-23-B2-b\" \t\tclass=\"so-widget-image\"\/>\n\t<\/div>\n\n<\/div><\/div><\/div><\/div><\/div><div id=\"pg-gb50-69d72a295037e-7\"  class=\"panel-grid panel-has-style\" ><div class=\"panel-row-style panel-row-style-for-gb50-69d72a295037e-7\" ><div id=\"pgc-gb50-69d72a295037e-7-0\"  class=\"panel-grid-cell\" ><div id=\"panel-gb50-69d72a295037e-7-0-0\" class=\"so-panel widget_sow-image-grid panel-first-child panel-last-child\" data-index=\"13\" ><div\n\t\t\t\n\t\t\tclass=\"so-widget-sow-image-grid so-widget-sow-image-grid-default-05d5aea4f10c-50\"\n\t\t\t\n\t\t>\t<div\n\t\tclass=\"sow-image-grid-wrapper\"\n\t\t\t\tdata-max-height=\"70\"\t>\n\t\t\t\t\t<div class=\"sow-image-grid-image\">\n\t\t\t\t\t\t\t\t\t\t\t\t<img loading=\"lazy\" decoding=\"async\" width=\"200\" height=\"101\" src=\"https:\/\/masterib.es\/wp-content\/uploads\/2021\/09\/nuevo-logo-inma.png\" class=\"sow-image-grid-image_html\" alt=\"\" title=\"\" srcset=\"https:\/\/masterib.es\/wp-content\/uploads\/2021\/09\/nuevo-logo-inma.png 200w, https:\/\/masterib.es\/wp-content\/uploads\/2021\/09\/nuevo-logo-inma-18x9.png 18w\" sizes=\"auto, (max-width: 200px) 100vw, 200px\" \/>\t\t\t\t\t\t\t\t\t\t\t<\/div>\n\t\t\t\t\t<div class=\"sow-image-grid-image\">\n\t\t\t\t\t\t\t\t\t\t\t\t<img loading=\"lazy\" decoding=\"async\" width=\"300\" height=\"69\" src=\"https:\/\/masterib.es\/wp-content\/uploads\/2021\/08\/logo-I3A_UZ.jpg\" class=\"sow-image-grid-image_html\" alt=\"\" title=\"\" srcset=\"https:\/\/masterib.es\/wp-content\/uploads\/2021\/08\/logo-I3A_UZ.jpg 300w, https:\/\/masterib.es\/wp-content\/uploads\/2021\/08\/logo-I3A_UZ-18x4.jpg 18w\" sizes=\"auto, (max-width: 300px) 100vw, 300px\" \/>\t\t\t\t\t\t\t\t\t\t\t<\/div>\n\t\t\t\t\t<div class=\"sow-image-grid-image\">\n\t\t\t\t\t\t\t\t\t\t\t\t<img loading=\"lazy\" decoding=\"async\" width=\"300\" height=\"86\" src=\"https:\/\/masterib.es\/wp-content\/uploads\/2021\/08\/eina-logo-300x86.png\" class=\"sow-image-grid-image_html\" alt=\"\" title=\"\" srcset=\"https:\/\/masterib.es\/wp-content\/uploads\/2021\/08\/eina-logo-300x86.png 300w, https:\/\/masterib.es\/wp-content\/uploads\/2021\/08\/eina-logo-768x219.png 768w, https:\/\/masterib.es\/wp-content\/uploads\/2021\/08\/eina-logo-18x5.png 18w, https:\/\/masterib.es\/wp-content\/uploads\/2021\/08\/eina-logo.png 1024w\" sizes=\"auto, (max-width: 300px) 100vw, 300px\" \/>\t\t\t\t\t\t\t\t\t\t\t<\/div>\n\t\t\t\t\t<div class=\"sow-image-grid-image\">\n\t\t\t\t\t\t\t\t\t\t\t\t<img loading=\"lazy\" decoding=\"async\" width=\"300\" height=\"76\" src=\"https:\/\/masterib.es\/wp-content\/uploads\/2021\/08\/logoUZ-e1631512622249-300x76.png\" class=\"sow-image-grid-image_html\" alt=\"\" title=\"logoUZ\" srcset=\"https:\/\/masterib.es\/wp-content\/uploads\/2021\/08\/logoUZ-e1631512622249-300x76.png 300w, https:\/\/masterib.es\/wp-content\/uploads\/2021\/08\/logoUZ-e1631512622249-18x5.png 18w, https:\/\/masterib.es\/wp-content\/uploads\/2021\/08\/logoUZ-e1631512622249.png 585w\" sizes=\"auto, (max-width: 300px) 100vw, 300px\" \/>\t\t\t\t\t\t\t\t\t\t\t<\/div>\n\t\t\t<\/div>\n<\/div><\/div><\/div><\/div><\/div><\/div>\n\n\n<p><\/p>","protected":false},"excerpt":{"rendered":"<p>M\u00e1ster Universitario en Ingenier\u00eda Biom\u00e9dica Fechas y Horarios El m\u00e1ster se desarrollar\u00e1 del 3 de septiembre de 2025 al 22 de mayo de 2026. Repartido en los siguientes bloques:<\/p>","protected":false},"author":1,"featured_media":0,"parent":131,"menu_order":0,"comment_status":"closed","ping_status":"closed","template":"","meta":{"_monsterinsights_skip_tracking":false,"_monsterinsights_sitenote_active":false,"_monsterinsights_sitenote_note":"","_monsterinsights_sitenote_category":0,"footnotes":""},"class_list":["post-50","page","type-page","status-publish"],"_links":{"self":[{"href":"https:\/\/masterib.es\/en\/wp-json\/wp\/v2\/pages\/50","targetHints":{"allow":["GET"]}}],"collection":[{"href":"https:\/\/masterib.es\/en\/wp-json\/wp\/v2\/pages"}],"about":[{"href":"https:\/\/masterib.es\/en\/wp-json\/wp\/v2\/types\/page"}],"author":[{"embeddable":true,"href":"https:\/\/masterib.es\/en\/wp-json\/wp\/v2\/users\/1"}],"replies":[{"embeddable":true,"href":"https:\/\/masterib.es\/en\/wp-json\/wp\/v2\/comments?post=50"}],"version-history":[{"count":88,"href":"https:\/\/masterib.es\/en\/wp-json\/wp\/v2\/pages\/50\/revisions"}],"predecessor-version":[{"id":1909,"href":"https:\/\/masterib.es\/en\/wp-json\/wp\/v2\/pages\/50\/revisions\/1909"}],"up":[{"embeddable":true,"href":"https:\/\/masterib.es\/en\/wp-json\/wp\/v2\/pages\/131"}],"wp:attachment":[{"href":"https:\/\/masterib.es\/en\/wp-json\/wp\/v2\/media?parent=50"}],"curies":[{"name":"wp","href":"https:\/\/api.w.org\/{rel}","templated":true}]}}