{"id":590,"date":"2021-10-01T10:53:28","date_gmt":"2021-10-01T10:53:28","guid":{"rendered":"https:\/\/masterib.es\/?page_id=590"},"modified":"2021-10-01T11:14:45","modified_gmt":"2021-10-01T11:14:45","slug":"programa-de-doctorado-en-ingenieria-biomedica-comisiones","status":"publish","type":"page","link":"https:\/\/masterib.es\/en\/programa-de-doctorado-en-ingenieria-biomedica-inicio\/programa-de-doctorado-en-ingenieria-biomedica-comisiones\/","title":{"rendered":"Programa de Doctorado en Ingenier\u00eda Biom\u00e9dica: Comisiones"},"content":{"rendered":"<div id=\"pl-gb590-69f27ae045983\"  class=\"panel-layout\" ><div id=\"pg-gb590-69f27ae045983-0\"  class=\"panel-grid panel-no-style\" ><div id=\"pgc-gb590-69f27ae045983-0-0\"  class=\"panel-grid-cell\" ><div id=\"panel-gb590-69f27ae045983-0-0-0\" class=\"so-panel widget_sow-editor panel-first-child panel-last-child\" data-index=\"0\" ><div class=\"color-doctorado panel-widget-style panel-widget-style-for-gb590-69f27ae045983-0-0-0\" ><div\n\t\t\t\n\t\t\tclass=\"so-widget-sow-editor so-widget-sow-editor-base\"\n\t\t\t\n\t\t>\n<div class=\"siteorigin-widget-tinymce textwidget\">\n\t<h1>Ph.D. Program in Biomedical Engineering<\/h1>\n<h3>Committees<\/h3>\n<\/div>\n<\/div><\/div><\/div><\/div><\/div><div id=\"pg-gb590-69f27ae045983-1\"  class=\"panel-grid panel-no-style\" ><div id=\"pgc-gb590-69f27ae045983-1-0\"  class=\"panel-grid-cell\" ><div id=\"panel-gb590-69f27ae045983-1-0-0\" class=\"so-panel widget_sow-headline panel-first-child\" data-index=\"1\" ><div\n\t\t\t\n\t\t\tclass=\"so-widget-sow-headline so-widget-sow-headline-default-eb58c90b4a68-590\"\n\t\t\t\n\t\t><div class=\"sow-headline-container\">\n\t\t\t\t\t\t<div class=\"decoration\">\n\t\t\t\t\t\t<div class=\"decoration-inside\"><\/div>\n\t\t\t\t\t<\/div>\n\t\t\t\t\t<\/div>\n<\/div><\/div><div id=\"panel-gb590-69f27ae045983-1-0-1\" class=\"so-panel widget_sow-editor\" data-index=\"2\" ><div class=\"em-azul panel-widget-style panel-widget-style-for-gb590-69f27ae045983-1-0-1\" ><div\n\t\t\t\n\t\t\tclass=\"so-widget-sow-editor so-widget-sow-editor-base\"\n\t\t\t\n\t\t>\n<div class=\"siteorigin-widget-tinymce textwidget\">\n\t<h4>Coordinator<\/h4>\n<div>\n<ul>\n<li>Juan Pablo Mart\u00ednez Cort\u00e9s<\/li>\n<\/ul>\n<\/div>\n<div><\/div>\n<\/div>\n<\/div><\/div><\/div><div id=\"panel-gb590-69f27ae045983-1-0-2\" class=\"so-panel widget_sow-editor\" data-index=\"3\" ><div class=\"em-azul panel-widget-style panel-widget-style-for-gb590-69f27ae045983-1-0-2\" ><div\n\t\t\t\n\t\t\tclass=\"so-widget-sow-editor so-widget-sow-editor-base\"\n\t\t\t\n\t\t>\n<div class=\"siteorigin-widget-tinymce textwidget\">\n\t<div>\n<h4>Academic Commission<\/h4>\n<\/div>\n<div>\n<p>By the UZ:<\/p>\n<ul>\n<li><em>Vice-Chair of the Commission:<\/em> Juan Pablo Mart\u00ednez Cort\u00e9s (I3A-TIC). Ph.D. Coordinator in the UZ<\/li>\n<li><em>UZ member 1:<\/em> Maria Angeles Perez (I3A-Mecanica)<\/li>\n<li><em>UZ member 2:<\/em> Luis Montano Gella (I3A- Automatica)<\/li>\n<\/ul>\n<p>By the UPC:<\/p>\n<ul>\n<li><em>Chairman of the Commission<\/em> Raimon Jane (Dep. Ingenieria de Sistemas, Autom\u00e1tica e Inform\u00e1tica Industrial). \n Ph.D. Coordinator at UPC (and of the joint programme)<\/li>\n<li><em>UPC member 1:<\/em> Maria Pau Ginebra (Dep. Ciencia de los Materiales e Ingenieria Metalurgica)<\/li>\n<li><em>UPC member 2:<\/em> Pere Riu (Dep. Ingenieria Electr\u00f3nica)<\/li>\n<\/ul>\n<\/div>\n<\/div>\n<\/div><\/div><\/div><div id=\"panel-gb590-69f27ae045983-1-0-3\" class=\"so-panel widget_sow-editor panel-last-child\" data-index=\"4\" ><div class=\"em-azul panel-widget-style panel-widget-style-for-gb590-69f27ae045983-1-0-3\" ><div\n\t\t\t\n\t\t\tclass=\"so-widget-sow-editor so-widget-sow-editor-base\"\n\t\t\t\n\t\t>\n<div class=\"siteorigin-widget-tinymce textwidget\">\n\t<div>\n<h4>Programme Quality Assessment Commission<\/h4>\n<ul>\n<li><em>Chairman<\/em> Juan Pablo Mart\u00ednez Cort\u00e9s<\/li>\n<li><em>Secretary<\/em> Mar\u00eda de los \u00c1ngeles P\u00e9rez Ans\u00f3n<\/li>\n<li><em>Doctor:<\/em> Luis Enrique Montano Gella<\/li>\n<li><em>PAS:<\/em> Yolanda Velicias Pardo<\/li>\n<li><em>PhD student<\/em> Francisco Merino Casallo<\/li>\n<li><em>PhD student<\/em> Cristina P\u00e9rez Mart\u00ednez<\/li>\n<\/ul>\n<\/div>\n<\/div>\n<\/div><\/div><\/div><\/div><\/div><div id=\"pg-gb590-69f27ae045983-2\"  class=\"panel-grid panel-has-style\" ><div class=\"panel-row-style panel-row-style-for-gb590-69f27ae045983-2\" ><div id=\"pgc-gb590-69f27ae045983-2-0\"  class=\"panel-grid-cell\" ><div id=\"panel-gb590-69f27ae045983-2-0-0\" class=\"so-panel widget_sow-image-grid panel-first-child panel-last-child\" data-index=\"5\" ><div\n\t\t\t\n\t\t\tclass=\"so-widget-sow-image-grid so-widget-sow-image-grid-default-020dcda015db-590\"\n\t\t\t\n\t\t>\t<div\n\t\tclass=\"sow-image-grid-wrapper\"\n\t\t\t\t\t>\n\t\t\t\t\t<div class=\"sow-image-grid-image\">\n\t\t\t\t\t\t\t\t\t\t\t\t<img loading=\"lazy\" decoding=\"async\" width=\"300\" height=\"69\" src=\"https:\/\/masterib.es\/wp-content\/uploads\/2021\/08\/logo-I3A_UZ.jpg\" class=\"sow-image-grid-image_html\" alt=\"\" title=\"\" srcset=\"https:\/\/masterib.es\/wp-content\/uploads\/2021\/08\/logo-I3A_UZ.jpg 300w, https:\/\/masterib.es\/wp-content\/uploads\/2021\/08\/logo-I3A_UZ-18x4.jpg 18w\" sizes=\"auto, (max-width: 300px) 100vw, 300px\" \/>\t\t\t\t\t\t\t\t\t\t\t<\/div>\n\t\t\t\t\t<div class=\"sow-image-grid-image\">\n\t\t\t\t\t\t\t\t\t\t\t\t<img loading=\"lazy\" decoding=\"async\" width=\"241\" height=\"70\" src=\"https:\/\/masterib.es\/wp-content\/uploads\/2021\/08\/escuela-doctorado.png\" class=\"sow-image-grid-image_html\" alt=\"\" title=\"\" srcset=\"https:\/\/masterib.es\/wp-content\/uploads\/2021\/08\/escuela-doctorado.png 241w, https:\/\/masterib.es\/wp-content\/uploads\/2021\/08\/escuela-doctorado-18x5.png 18w\" sizes=\"auto, (max-width: 241px) 100vw, 241px\" \/>\t\t\t\t\t\t\t\t\t\t\t<\/div>\n\t\t\t\t\t<div class=\"sow-image-grid-image\">\n\t\t\t\t\t\t\t\t\t\t\t\t<img loading=\"lazy\" decoding=\"async\" width=\"300\" height=\"76\" src=\"https:\/\/masterib.es\/wp-content\/uploads\/2021\/08\/logoUZ-e1631512622249-300x76.png\" class=\"sow-image-grid-image_html\" alt=\"\" title=\"logoUZ\" srcset=\"https:\/\/masterib.es\/wp-content\/uploads\/2021\/08\/logoUZ-e1631512622249-300x76.png 300w, https:\/\/masterib.es\/wp-content\/uploads\/2021\/08\/logoUZ-e1631512622249-18x5.png 18w, https:\/\/masterib.es\/wp-content\/uploads\/2021\/08\/logoUZ-e1631512622249.png 585w\" sizes=\"auto, (max-width: 300px) 100vw, 300px\" \/>\t\t\t\t\t\t\t\t\t\t\t<\/div>\n\t\t\t<\/div>\n<\/div><\/div><\/div><\/div><\/div><\/div>\n\n\n<p><\/p>","protected":false},"excerpt":{"rendered":"<p>Programa de Doctorado en Ingenier\u00eda Biom\u00e9dica Comisiones Coordinador Juan Pablo Mart\u00ednez Cort\u00e9s Comisi\u00f3n Acad\u00e9mica Por la UZ: Vice-Presidente de la Comissi\u00f3n: Juan Pablo Mart\u00ednez Cort\u00e9s (I3A-TIC). Coordinador del PD en la UZ Miembro UZ 1: Maria Angeles Perez (I3A-Mecanica) Miembro UZ 2: Luis Montano Gella (I3A- Automatica) Por la UPC: Presidente de la Comissi\u00f3n: Raimon &#8230; <a title=\"Programa de Doctorado en Ingenier\u00eda Biom\u00e9dica: Comisiones\" class=\"read-more\" href=\"https:\/\/masterib.es\/en\/programa-de-doctorado-en-ingenieria-biomedica-inicio\/programa-de-doctorado-en-ingenieria-biomedica-comisiones\/\" aria-label=\"Read more about Programa de Doctorado en Ingenier\u00eda Biom\u00e9dica: Comisiones\">Read more<\/a><\/p>","protected":false},"author":1,"featured_media":0,"parent":151,"menu_order":0,"comment_status":"closed","ping_status":"closed","template":"","meta":{"_monsterinsights_skip_tracking":false,"_monsterinsights_sitenote_active":false,"_monsterinsights_sitenote_note":"","_monsterinsights_sitenote_category":0,"footnotes":""},"class_list":["post-590","page","type-page","status-publish"],"_links":{"self":[{"href":"https:\/\/masterib.es\/en\/wp-json\/wp\/v2\/pages\/590","targetHints":{"allow":["GET"]}}],"collection":[{"href":"https:\/\/masterib.es\/en\/wp-json\/wp\/v2\/pages"}],"about":[{"href":"https:\/\/masterib.es\/en\/wp-json\/wp\/v2\/types\/page"}],"author":[{"embeddable":true,"href":"https:\/\/masterib.es\/en\/wp-json\/wp\/v2\/users\/1"}],"replies":[{"embeddable":true,"href":"https:\/\/masterib.es\/en\/wp-json\/wp\/v2\/comments?post=590"}],"version-history":[{"count":15,"href":"https:\/\/masterib.es\/en\/wp-json\/wp\/v2\/pages\/590\/revisions"}],"predecessor-version":[{"id":1726,"href":"https:\/\/masterib.es\/en\/wp-json\/wp\/v2\/pages\/590\/revisions\/1726"}],"up":[{"embeddable":true,"href":"https:\/\/masterib.es\/en\/wp-json\/wp\/v2\/pages\/151"}],"wp:attachment":[{"href":"https:\/\/masterib.es\/en\/wp-json\/wp\/v2\/media?parent=590"}],"curies":[{"name":"wp","href":"https:\/\/api.w.org\/{rel}","templated":true}]}}