{"id":840,"date":"2021-11-29T13:57:04","date_gmt":"2021-11-29T13:57:04","guid":{"rendered":"https:\/\/masterib.es\/?page_id=840"},"modified":"2021-11-29T13:57:05","modified_gmt":"2021-11-29T13:57:05","slug":"politica-de-privacidad","status":"publish","type":"page","link":"https:\/\/masterib.es\/en\/politica-de-privacidad\/","title":{"rendered":"Privacy policy"},"content":{"rendered":"<div id=\"pl-gb840-69e8d3f19452c\"  class=\"panel-layout\" ><div id=\"pg-gb840-69e8d3f19452c-0\"  class=\"panel-grid panel-no-style\" ><div id=\"pgc-gb840-69e8d3f19452c-0-0\"  class=\"panel-grid-cell\" ><div id=\"panel-gb840-69e8d3f19452c-0-0-0\" class=\"so-panel widget_sow-editor panel-first-child panel-last-child\" data-index=\"0\" ><div\n\t\t\t\n\t\t\tclass=\"so-widget-sow-editor so-widget-sow-editor-base\"\n\t\t\t\n\t\t>\n<div class=\"siteorigin-widget-tinymce textwidget\">\n\t<h2>Aviso legal<\/h2>\n<p>&nbsp;<\/p>\n<p>En este espacio, el USUARIO, podr\u00e1 encontrar toda la informaci\u00f3n relativa a los t\u00e9rminos y condiciones legales que definen las relaciones entre los usuarios y la web del <strong>Master of Biomedical Engineering<\/strong> y del\u00a0<strong>Ph.D. Program in Biomedical Engineering<\/strong>, en adelante <strong>el m\u00e1ster y doctorado<\/strong>, como responsable de esta web. Como usuario, es importante que conozcas estos t\u00e9rminos antes de continuar tu navegaci\u00f3n.<\/p>\n<h3><\/h3>\n<h3>Condiciones de uso<\/h3>\n<p>&nbsp;<\/p>\n<h4>Regulations<\/h4>\n<p>El m\u00e1ster y doctorado asume el compromiso de procesar la informaci\u00f3n de nuestros usuarios y clientes con plenas garant\u00edas y cumplir con los requisitos nacionales y europeos que regulan la recopilaci\u00f3n y uso de los datos personales de nuestros usuarios. Esta web, por tanto, cumple rigurosamente con el RGPD (REGLAMENTO (UE) 2016\/679 de protecci\u00f3n de datos) y la LSSI-CE la Ley 34\/2002, de 11 de julio, de servicios de la sociedad de la informaci\u00f3n y de comercio electr\u00f3nico.<\/p>\n<p>&nbsp;<\/p>\n<h4>Aceptaci\u00f3n de las condiciones de uso<\/h4>\n<p>Con car\u00e1cter general, el uso del sitio web del el m\u00e1ster y doctorado implica el conocimiento y aceptaci\u00f3n de las presentes Condiciones Generales y de las Advertencias Legales que se expresan a continuaci\u00f3n de \u00e9stas.<\/p>\n<p>&nbsp;<\/p>\n<h4>Identificaci\u00f3n y Titularidad<\/h4>\n<ul>\n<li><strong>Titular<\/strong>: Instituto Universitario de Investigaci\u00f3n en Ingenier\u00eda de Arag\u00f3n, I3A (Universidad de Zaragoza)<\/li>\n<li><strong>Domicilio<\/strong>: C\/Mariano Esquillor s\/n 50018, Zaragoza<\/li>\n<li><strong>CIF<\/strong>: Q5018001G<\/li>\n<li><strong>Correo electr\u00f3nico<\/strong>: i3a@unizar.es<\/li>\n<li><strong>Sitio Web<\/strong>: https:\/\/i3a.unizar.es\/<\/li>\n<\/ul>\n<h3><\/h3>\n<h3>Responsabilidad de los contenidos<\/h3>\n<p>El m\u00e1ster y doctorado desarrollar\u00e1n los esfuerzos precisos para evitar errores y, en su caso, repararlos o actualizarlos lo antes posible, no pudiendo garantizar su inexistencia ni que el contenido de la informaci\u00f3n se encuentre permanentemente actualizado.<\/p>\n<p>En ning\u00fan caso el el m\u00e1ster y doctorado ser\u00e1n responsables de las posibles infracciones que en materia de propiedad intelectual e industrial pudiera cometer cualquier usuario del sitio web. De igual modo, dada la naturaleza del medio y los posibles riesgos de alteraci\u00f3n de contenidos por parte de terceros, el el m\u00e1ster y doctorado excluyen cualquier responsabilidad que pudiera surgir de los contenidos que figuran en su sitio web.<\/p>\n<p>El m\u00e1ster y doctorado no garantizan que el sitio web y el servidor est\u00e9n libres de virus y, por ello, no se hace responsable de los da\u00f1os causados por el acceso a la web o por la imposibilidad de acceder a ella. Tampoco se hace responsable de los fallos en la comunicaci\u00f3n, interferencias o aver\u00edas producidos por servicios t\u00e9cnicos o de telecomunicaciones prestados por terceras personas o desde servidores ajenos a ella.<\/p>\n<p>El m\u00e1ster y doctorado se reservan el derecho a actualizar, modificar, suspender, eliminar o restringir contenidos y configuraci\u00f3n web en cualquier momento, as\u00ed como enlaces sin asumir responsabilidad alguna.<\/p>\n<h3><\/h3>\n<h3>Propiedad intelectual e industrial<\/h3>\n<p>El dise\u00f1o del sitio web y sus c\u00f3digos fuente, as\u00ed como los logos, marcas y dem\u00e1s signos distintivos que aparecen en el mismo pertenecen al m\u00e1ster y doctorado y est\u00e1n protegidos por los correspondientes derechos de propiedad intelectual e industrial.<\/p>\n<h3><\/h3>\n<h3>Ley y jurisdicci\u00f3n aplicable<\/h3>\n<p>Tanto las Condiciones Generales de Uso como las Condiciones Particulares y la Pol\u00edtica de privacidad seguida por el m\u00e1ster y doctorado se rigen por la legislaci\u00f3n espa\u00f1ola.<\/p>\n<p>Cualquier controversia en relaci\u00f3n con el sitio web del\u00a0m\u00e1ster y doctorado se sustanciar\u00e1 ante la jurisdicci\u00f3n espa\u00f1ola, someti\u00e9ndose las partes a los Juzgados y Tribunales de Zaragoza, con expresa renuncia a sus fueros, si los tuviesen y fueran diferentes de los rese\u00f1ados.<\/p>\n<h2><\/h2>\n<h2>Privacy policy<\/h2>\n<p>&nbsp;<\/p>\n<h3>Qu\u00e9 datos personales recopilamos y por qu\u00e9 los recopilamos<\/h3>\n<p>No recopilamos informaci\u00f3n personal sobre usted cuando visita nuestro sitio web, a menos que se indique lo contrario y a menos que elija proporcionarnos esta informaci\u00f3n. Sin embargo, recopilamos y almacenamos autom\u00e1ticamente la siguiente informaci\u00f3n en los registros de nuestro servidor:<\/p>\n<ul>\n<li>La direcci\u00f3n de Protocolo de Internet (IP) del dominio desde el que accede a Internet, ya sea suya individualmente o proporcionada como proxy por su proveedor de servicios de Internet (ISP)<\/li>\n<li>La fecha y hora en que accedi\u00f3 a nuestro sitio.<\/li>\n<li>Las p\u00e1ginas que examinas<\/li>\n<li>La direcci\u00f3n de Internet del sitio web desde el que se vincul\u00f3 directamente a nuestro sitio.<\/li>\n<\/ul>\n<p>Esta informaci\u00f3n se elimina autom\u00e1ticamente despu\u00e9s de unos d\u00edas.<\/p>\n<p>&nbsp;<\/p>\n<h4>Recogida de datos estad\u00edsticos<\/h4>\n<p>El m\u00e1ster y doctorado no generan estad\u00edsticas web.<\/p>\n<p>Este sitio web puede utilizar cookies para facilitar y personalizar la navegaci\u00f3n del usuario. Dichas cookies no contienen informaci\u00f3n personal del usuario y solo sirven para mejorar la interfaz. No obstante, el usuario podr\u00e1 configurar su navegador para desactivarlas y eliminarlas.<\/p>\n<\/div>\n<\/div><\/div><\/div><\/div><\/div>","protected":false},"excerpt":{"rendered":"<p>Aviso legal &nbsp; En este espacio, el USUARIO, podr\u00e1 encontrar toda la informaci\u00f3n relativa a los t\u00e9rminos y condiciones legales que definen las relaciones entre los usuarios y la web del M\u00e1ster Universitario en Ingenier\u00eda Biom\u00e9dica y del\u00a0Programa de Doctorado en Ingenier\u00eda Biom\u00e9dica, en adelante el m\u00e1ster y doctorado, como responsable de esta web. Como &#8230; <a title=\"Privacy policy\" class=\"read-more\" href=\"https:\/\/masterib.es\/en\/politica-de-privacidad\/\" aria-label=\"Read more about Pol\u00edtica de privacidad\">Read more<\/a><\/p>","protected":false},"author":1,"featured_media":0,"parent":0,"menu_order":0,"comment_status":"closed","ping_status":"closed","template":"","meta":{"_monsterinsights_skip_tracking":false,"_monsterinsights_sitenote_active":false,"_monsterinsights_sitenote_note":"","_monsterinsights_sitenote_category":0,"footnotes":""},"class_list":["post-840","page","type-page","status-publish"],"_links":{"self":[{"href":"https:\/\/masterib.es\/en\/wp-json\/wp\/v2\/pages\/840","targetHints":{"allow":["GET"]}}],"collection":[{"href":"https:\/\/masterib.es\/en\/wp-json\/wp\/v2\/pages"}],"about":[{"href":"https:\/\/masterib.es\/en\/wp-json\/wp\/v2\/types\/page"}],"author":[{"embeddable":true,"href":"https:\/\/masterib.es\/en\/wp-json\/wp\/v2\/users\/1"}],"replies":[{"embeddable":true,"href":"https:\/\/masterib.es\/en\/wp-json\/wp\/v2\/comments?post=840"}],"version-history":[{"count":2,"href":"https:\/\/masterib.es\/en\/wp-json\/wp\/v2\/pages\/840\/revisions"}],"predecessor-version":[{"id":842,"href":"https:\/\/masterib.es\/en\/wp-json\/wp\/v2\/pages\/840\/revisions\/842"}],"wp:attachment":[{"href":"https:\/\/masterib.es\/en\/wp-json\/wp\/v2\/media?parent=840"}],"curies":[{"name":"wp","href":"https:\/\/api.w.org\/{rel}","templated":true}]}}