{"id":913,"date":"2022-01-21T07:09:25","date_gmt":"2022-01-21T07:09:25","guid":{"rendered":"https:\/\/masterib.es\/?page_id=913"},"modified":"2022-01-21T07:09:25","modified_gmt":"2022-01-21T07:09:25","slug":"seminarios-curso-2021-22-primavera-bimestre-1","status":"publish","type":"page","link":"https:\/\/masterib.es\/en\/seminarios-curso-2021-22-primavera-bimestre-1\/","title":{"rendered":"Seminarios curso 2021-22: Primavera Bimestre 1"},"content":{"rendered":"<div id=\"pl-913\"  class=\"panel-layout\" ><div id=\"pg-913-0\"  class=\"panel-grid panel-no-style\" ><div id=\"pgc-913-0-0\"  class=\"panel-grid-cell\" ><div id=\"panel-913-0-0-0\" class=\"widget_text so-panel widget_custom_html panel-first-child panel-last-child\" data-index=\"0\" ><div class=\"textwidget custom-html-widget\">    <div data-options='{&quot;id&quot;:&quot;914&quot;,&quot;lazy_load&quot;:&quot;no&quot;,&quot;masonry_enable&quot;:&quot;no&quot;,&quot;view_type&quot;:&quot;grid&quot;}' id=\"post-grid-914\" class=\"post-grid grid\">\n        <div class=\"grid-items\">\n      <div class=\"item item-889 skin flat even 0\">\n        <div class=\"layer-wrapper layout-750\">\n          <div class=\"layer-content element_1587187714568\"\n        id=\"\">\n        <div class=\"element element_1587187895341  title\">\n                    <a target=\"_blank\"\n                href=\"https:\/\/masterib.es\/en\/reconstruccion-en-3d-como-paso-previa-a-la-cirugia-oncologica-2\/\">2022\/03\/23 15h -\u00a0Experiencia personal de emprendimiento en ingenier\u00eda biom\u00e9dica<\/a>\n            <\/div>\n    <div class=\"element element_1638176677754  excerpt\">\n                            <a target=\"_blank\"\n                href=\"https:\/\/masterib.es\/en\/reconstruccion-en-3d-como-paso-previa-a-la-cirugia-oncologica-2\/\">Leer m\u00e1s<\/a>\n            <\/div>\n    <\/div>\n    <\/div>\n  <\/div><div class=\"item item-1018 skin flat odd 1\">\n        <div class=\"layer-wrapper layout-750\">\n          <div class=\"layer-content element_1587187714568\"\n        id=\"\">\n        <div class=\"element element_1587187895341  title\">\n                    <a target=\"_blank\"\n                href=\"https:\/\/masterib.es\/en\/2022-03-16-15-h-el-viaje-desde-la-aspirina-hacia-la-medicina-personalizada-fernando-del-villar\/\">2022\/03\/16 15 h El viaje desde la aspirina hacia la medicina personalizada - Fernando del Villar<\/a>\n            <\/div>\n    <div class=\"element element_1638176677754  excerpt\">\n                            <a target=\"_blank\"\n                href=\"https:\/\/masterib.es\/en\/2022-03-16-15-h-el-viaje-desde-la-aspirina-hacia-la-medicina-personalizada-fernando-del-villar\/\">Leer m\u00e1s<\/a>\n            <\/div>\n    <\/div>\n    <\/div>\n  <\/div><div class=\"item item-1026 skin flat even 2\">\n        <div class=\"layer-wrapper layout-750\">\n          <div class=\"layer-content element_1587187714568\"\n        id=\"\">\n        <div class=\"element element_1587187895341  title\">\n                    <a target=\"_blank\"\n                href=\"https:\/\/masterib.es\/en\/2022-03-02-16h-whole-organ-bioengineering-the-future-of-transplantation-medicine-pedro-batista\/\">2022\/03\/02 16h -\u00a0Whole-Organ Bioengineering: The Future of Transplantation Medicine? - Pedro Baptista<\/a>\n            <\/div>\n    <div class=\"element element_1638176677754  excerpt\">\n                            <a target=\"_blank\"\n                href=\"https:\/\/masterib.es\/en\/2022-03-02-16h-whole-organ-bioengineering-the-future-of-transplantation-medicine-pedro-batista\/\">Leer m\u00e1s<\/a>\n            <\/div>\n    <\/div>\n    <\/div>\n  <\/div><div class=\"item item-942 skin flat odd 3\">\n        <div class=\"layer-wrapper layout-750\">\n          <div class=\"layer-content element_1587187714568\"\n        id=\"\">\n        <div class=\"element element_1587187895341  title\">\n                    <a target=\"_blank\"\n                href=\"https:\/\/masterib.es\/en\/2022-03-02-15-h-towards-minimally-invasive-interfaces-with-the-central-nervous-system-jaime-ibanez\/\">2022\/03\/02 15 h Towards minimally invasive interfaces with the central nervous system - Jaime Ib\u00e1\u00f1ez<\/a>\n            <\/div>\n    <div class=\"element element_1638176677754  excerpt\">\n                            <a target=\"_blank\"\n                href=\"https:\/\/masterib.es\/en\/2022-03-02-15-h-towards-minimally-invasive-interfaces-with-the-central-nervous-system-jaime-ibanez\/\">Leer m\u00e1s<\/a>\n            <\/div>\n    <\/div>\n    <\/div>\n  <\/div><div class=\"item item-982 skin flat even 4\">\n        <div class=\"layer-wrapper layout-750\">\n          <div class=\"layer-content element_1587187714568\"\n        id=\"\">\n        <div class=\"element element_1587187895341  title\">\n                    <a target=\"_blank\"\n                href=\"https:\/\/masterib.es\/en\/2022-02-23-cancer-tissue-engineering-carlos-semino-16h\/\">2022\/02\/23 16h -\u00a0Cancer Tissue Engineering - Carlos Semino<\/a>\n            <\/div>\n    <div class=\"element element_1638176677754  excerpt\">\n                            <a target=\"_blank\"\n                href=\"https:\/\/masterib.es\/en\/2022-02-23-cancer-tissue-engineering-carlos-semino-16h\/\">Leer m\u00e1s<\/a>\n            <\/div>\n    <\/div>\n    <\/div>\n  <\/div><div class=\"item item-1003 skin flat odd 5\">\n        <div class=\"layer-wrapper layout-750\">\n          <div class=\"layer-content element_1587187714568\"\n        id=\"\">\n        <div class=\"element element_1587187895341  title\">\n                    <a target=\"_blank\"\n                href=\"https:\/\/masterib.es\/en\/2022-02-23-15h-ingenieria-biomedica-para-la-deteccion-precoz-de-enfermedades-oculares\/\">2022\/02\/23 15h -\u00a0Ingenier\u00eda biom\u00e9dica para la detecci\u00f3n precoz de enfermedades oculares - Alejandra Consejo<\/a>\n            <\/div>\n    <div class=\"element element_1638176677754  excerpt\">\n                            <a target=\"_blank\"\n                href=\"https:\/\/masterib.es\/en\/2022-02-23-15h-ingenieria-biomedica-para-la-deteccion-precoz-de-enfermedades-oculares\/\">Leer m\u00e1s<\/a>\n            <\/div>\n    <\/div>\n    <\/div>\n  <\/div><div class=\"item item-905 skin flat even 6\">\n        <div class=\"layer-wrapper layout-750\">\n          <div class=\"layer-content element_1587187714568\"\n        id=\"\">\n        <div class=\"element element_1587187895341  title\">\n                    <a target=\"_blank\"\n                href=\"https:\/\/masterib.es\/en\/monitoring-tumor-environments-by-sers-a-tale-of-interdisciplinarity\/\">2022\/02\/16 16h -\u00a0Monitoring tumor environments by SERS: a tale of interdisciplinarity<\/a>\n            <\/div>\n    <div class=\"element element_1638176677754  excerpt\">\n                            <a target=\"_blank\"\n                href=\"https:\/\/masterib.es\/en\/monitoring-tumor-environments-by-sers-a-tale-of-interdisciplinarity\/\">Leer m\u00e1s<\/a>\n            <\/div>\n    <\/div>\n    <\/div>\n  <\/div><div class=\"item item-970 skin flat odd 7\">\n        <div class=\"layer-wrapper layout-750\">\n          <div class=\"layer-content element_1587187714568\"\n        id=\"\">\n        <div class=\"element element_1587187895341  title\">\n                    <a target=\"_blank\"\n                href=\"https:\/\/masterib.es\/en\/2022-02-16-antonio-manuel-ramos-15h\/\">2022\/02\/16 15h -\u00a0Smart Implants: Simultaneous Monitoring and actuating at bone interface prosthesis, experimental and computational predictions. Ant\u00f3nio Manuel Ramos<\/a>\n            <\/div>\n    <div class=\"element element_1638176677754  excerpt\">\n                            <a target=\"_blank\"\n                href=\"https:\/\/masterib.es\/en\/2022-02-16-antonio-manuel-ramos-15h\/\">Leer m\u00e1s<\/a>\n            <\/div>\n    <\/div>\n    <\/div>\n  <\/div><div class=\"item item-930 skin flat even 8\">\n        <div class=\"layer-wrapper layout-750\">\n          <div class=\"layer-content element_1587187714568\"\n        id=\"\">\n        <div class=\"element element_1587187895341  title\">\n                    <a target=\"_blank\"\n                href=\"https:\/\/masterib.es\/en\/carlos-lapuerta-castillejo-cluster-arahealth\/\">2022\/02\/09 16h - Carlos Lapuerta Castillejo - Cluster Arahealth<\/a>\n            <\/div>\n    <div class=\"element element_1638176677754  excerpt\">\n                            <a target=\"_blank\"\n                href=\"https:\/\/masterib.es\/en\/carlos-lapuerta-castillejo-cluster-arahealth\/\">Leer m\u00e1s<\/a>\n            <\/div>\n    <\/div>\n    <\/div>\n  <\/div>    <\/div>\n          <style type=\"text\/css\">\n            .layout-750 .element_1587187714568 {\n                margin: 10px;\n                            }\n\n                    <\/style>\n        <style type=\"text\/css\">\n        .layout-750 .element_1587187895341 {\n            font-size: 18px;\n            margin: 5px 0px;\n            text-align: left;\n                    }\n\n        .layout-750 .element_1587187895341 a {\n            font-size: 18px;\n            margin: 5px 0px;\n            text-align: left;\n                    }\n    <\/style>\n    <style type=\"text\/css\">\n        .layout-750 .element_1638176677754 {\n            font-size: 15px;\n            margin: 10px 0;\n            text-align: left;\n                    }\n\n        .layout-750 .element_1638176677754 a {\n            font-size: 15px;\n                    }\n    <\/style>\n        <style type=\"text\/css\">\n      .layout-750 a{text-decoration:none}.layout-750{vertical-align:top}.layout-750 .layer-content{padding:10px}    <\/style>\n    <script>\n          <\/script>\n    <style type=\"text\/css\">\n    #post-grid-914 {\n      padding: 0px;\n          }\n\n    #post-grid-914 .item {\n      padding: 0px;\n      background: #e9ecef;\n          }\n\n    #post-grid-914 .item .layer-media {\n      height:auto;    }\n\n    @media only screen and (min-width: 0px) and (max-width: 767px) {\n      #post-grid-914 .grid-items {\n        text-align: center;\n              }\n\n      #post-grid-914 .item {\n        width: 100%;\n        margin: 5px 0px 5px 0px;\n        display: inline-block;\n        vertical-align: top;\n        height:auto;      }\n    }\n\n    @media only screen and (min-width: 768px) and (max-width: 1023px) {\n      #post-grid-914 .grid-items {\n        text-align: center;\n              }\n\n      #post-grid-914 .item {\n        width: 100%;\n        margin: 5px 0px 5px 0px;\n        display: inline-block;\n        vertical-align: top;\n        max-height:auto;      }\n    }\n\n    @media only screen and (min-width: 1024px) {\n      #post-grid-914 .grid-items {\n        text-align: center;\n              }\n\n      #post-grid-914 .item {\n        width: 100%;\n        display: inline-block;\n        margin: 5px 0px 5px 0px;\n        vertical-align: top;\n        height:auto;      }\n    }\n\n      <\/style>\n  <\/div>\n<\/div><\/div><\/div><\/div><\/div>","protected":false},"excerpt":{"rendered":"<p>2022\/03\/23 15h &#8211;\u00a0Experiencia personal de emprendimiento en ingenier\u00eda biom\u00e9dica Leer m\u00e1s 2022\/03\/16 15 h El viaje desde la aspirina hacia la medicina personalizada &#8211; Fernando del Villar Leer m\u00e1s 2022\/03\/02 16h &#8211;\u00a0Whole-Organ Bioengineering: The Future of Transplantation Medicine? &#8211; Pedro Baptista Leer m\u00e1s 2022\/03\/02 15 h Towards minimally invasive interfaces with the central nervous system &#8230; <a title=\"Seminarios curso 2021-22: Primavera Bimestre 1\" class=\"read-more\" href=\"https:\/\/masterib.es\/en\/seminarios-curso-2021-22-primavera-bimestre-1\/\" aria-label=\"Read more about Seminarios curso 2021-22: Primavera Bimestre 1\">Read more<\/a><\/p>","protected":false},"author":1,"featured_media":0,"parent":0,"menu_order":0,"comment_status":"closed","ping_status":"closed","template":"","meta":{"_monsterinsights_skip_tracking":false,"_monsterinsights_sitenote_active":false,"_monsterinsights_sitenote_note":"","_monsterinsights_sitenote_category":0,"footnotes":""},"class_list":["post-913","page","type-page","status-publish"],"_links":{"self":[{"href":"https:\/\/masterib.es\/en\/wp-json\/wp\/v2\/pages\/913","targetHints":{"allow":["GET"]}}],"collection":[{"href":"https:\/\/masterib.es\/en\/wp-json\/wp\/v2\/pages"}],"about":[{"href":"https:\/\/masterib.es\/en\/wp-json\/wp\/v2\/types\/page"}],"author":[{"embeddable":true,"href":"https:\/\/masterib.es\/en\/wp-json\/wp\/v2\/users\/1"}],"replies":[{"embeddable":true,"href":"https:\/\/masterib.es\/en\/wp-json\/wp\/v2\/comments?post=913"}],"version-history":[{"count":3,"href":"https:\/\/masterib.es\/en\/wp-json\/wp\/v2\/pages\/913\/revisions"}],"predecessor-version":[{"id":937,"href":"https:\/\/masterib.es\/en\/wp-json\/wp\/v2\/pages\/913\/revisions\/937"}],"wp:attachment":[{"href":"https:\/\/masterib.es\/en\/wp-json\/wp\/v2\/media?parent=913"}],"curies":[{"name":"wp","href":"https:\/\/api.w.org\/{rel}","templated":true}]}}